{"id":2901,"date":"2021-12-23T18:31:56","date_gmt":"2021-12-23T17:31:56","guid":{"rendered":"https:\/\/www.mullor.com\/?page_id=2901"},"modified":"2022-10-10T09:07:02","modified_gmt":"2022-10-10T07:07:02","slug":"mision-vision-y-valores","status":"publish","type":"page","link":"https:\/\/www.mullor.com\/ca\/sobre-mullor\/mision-vision-y-valores\/","title":{"rendered":"Missi\u00f3, Visi\u00f3 i Valors"},"content":{"rendered":"<div data-elementor-type=\"wp-page\" data-elementor-id=\"2901\" class=\"elementor elementor-2901\">\n\t\t\t\t\t\t<section class=\"elementor-section elementor-top-section elementor-element elementor-element-b6c83fe elementor-section-height-min-height elementor-section-stretched elementor-section-boxed elementor-section-height-default elementor-section-items-middle\" data-id=\"b6c83fe\" data-element_type=\"section\" data-e-type=\"section\" data-settings=\"{&quot;stretch_section&quot;:&quot;section-stretched&quot;,&quot;background_background&quot;:&quot;classic&quot;}\">\n\t\t\t\t\t\t<div class=\"elementor-container elementor-column-gap-default\">\n\t\t\t\t\t<div class=\"elementor-column elementor-col-100 elementor-top-column elementor-element elementor-element-461b324\" data-id=\"461b324\" data-element_type=\"column\" data-e-type=\"column\">\n\t\t\t<div class=\"elementor-widget-wrap elementor-element-populated\">\n\t\t\t\t\t\t<div class=\"elementor-element elementor-element-9169a7e elementor-invisible elementor-widget elementor-widget-heading\" data-id=\"9169a7e\" data-element_type=\"widget\" data-e-type=\"widget\" data-settings=\"{&quot;_animation&quot;:&quot;zoomIn&quot;}\" data-widget_type=\"heading.default\">\n\t\t\t\t<div class=\"elementor-widget-container\">\n\t\t\t\t\t<h1 class=\"elementor-heading-title elementor-size-default\">Missi\u00f3, Visi\u00f3 i Valors<\/h1>\t\t\t\t<\/div>\n\t\t\t\t<\/div>\n\t\t\t\t\t<\/div>\n\t\t<\/div>\n\t\t\t\t\t<\/div>\n\t\t<\/section>\n\t\t\t\t<section class=\"elementor-section elementor-top-section elementor-element elementor-element-16f6d4b elementor-section-stretched elementor-section-boxed elementor-section-height-default elementor-section-height-default\" data-id=\"16f6d4b\" data-element_type=\"section\" data-e-type=\"section\" data-settings=\"{&quot;stretch_section&quot;:&quot;section-stretched&quot;}\">\n\t\t\t\t\t\t<div class=\"elementor-container elementor-column-gap-default\">\n\t\t\t\t\t<div class=\"elementor-column elementor-col-100 elementor-top-column elementor-element elementor-element-58029e0\" data-id=\"58029e0\" data-element_type=\"column\" data-e-type=\"column\">\n\t\t\t<div class=\"elementor-widget-wrap elementor-element-populated\">\n\t\t\t\t\t\t<div class=\"elementor-element elementor-element-e0120f5 elementor-widget elementor-widget-heading\" data-id=\"e0120f5\" data-element_type=\"widget\" data-e-type=\"widget\" data-widget_type=\"heading.default\">\n\t\t\t\t<div class=\"elementor-widget-container\">\n\t\t\t\t\t<h2 class=\"elementor-heading-title elementor-size-large\">Nuestra Misi\u00f3n<\/h2>\t\t\t\t<\/div>\n\t\t\t\t<\/div>\n\t\t\t\t<div class=\"elementor-element elementor-element-bdc3220 elementor-widget elementor-widget-heading\" data-id=\"bdc3220\" data-element_type=\"widget\" data-e-type=\"widget\" data-widget_type=\"heading.default\">\n\t\t\t\t<div class=\"elementor-widget-container\">\n\t\t\t\t\t<h2 class=\"elementor-heading-title elementor-size-default\">El prop\u00f3sito que nos mueve<\/h2>\t\t\t\t<\/div>\n\t\t\t\t<\/div>\n\t\t\t\t<div class=\"elementor-element elementor-element-00b7cbd elementor-widget-divider--view-line elementor-widget elementor-widget-divider\" data-id=\"00b7cbd\" data-element_type=\"widget\" data-e-type=\"widget\" data-widget_type=\"divider.default\">\n\t\t\t\t<div class=\"elementor-widget-container\">\n\t\t\t\t\t\t\t<div class=\"elementor-divider\">\n\t\t\t<span class=\"elementor-divider-separator\">\n\t\t\t\t\t\t<\/span>\n\t\t<\/div>\n\t\t\t\t\t\t<\/div>\n\t\t\t\t<\/div>\n\t\t\t\t\t<\/div>\n\t\t<\/div>\n\t\t\t\t\t<\/div>\n\t\t<\/section>\n\t\t\t\t<section class=\"elementor-section elementor-top-section elementor-element elementor-element-5ff5491 elementor-section-stretched elementor-section-boxed elementor-section-height-default elementor-section-height-default\" data-id=\"5ff5491\" data-element_type=\"section\" data-e-type=\"section\" data-settings=\"{&quot;stretch_section&quot;:&quot;section-stretched&quot;}\">\n\t\t\t\t\t\t<div class=\"elementor-container elementor-column-gap-default\">\n\t\t\t\t\t<div class=\"elementor-column elementor-col-100 elementor-top-column elementor-element elementor-element-cd02b21\" data-id=\"cd02b21\" data-element_type=\"column\" data-e-type=\"column\">\n\t\t\t<div class=\"elementor-widget-wrap elementor-element-populated\">\n\t\t\t\t\t\t<div class=\"elementor-element elementor-element-bf1b7c5 elementor-widget elementor-widget-text-editor\" data-id=\"bf1b7c5\" data-element_type=\"widget\" data-e-type=\"widget\" data-widget_type=\"text-editor.default\">\n\t\t\t\t<div class=\"elementor-widget-container\">\n\t\t\t\t\t\t\t\t\t<p class=\"p1\"><i>Gestionar y prestar servicios en las instalaciones de nuestras empresas cliente con la m\u00e1xima excelencia, adapt\u00e1ndonos continuamente a sus necesidades, estimulando el desarrollo y bienestar de nuestro equipo humano y generando oportunidades para las personas vulnerables.<\/i><\/p>\t\t\t\t\t\t\t\t<\/div>\n\t\t\t\t<\/div>\n\t\t\t\t<div class=\"elementor-element elementor-element-d41f45f elementor-widget elementor-widget-toggle\" data-id=\"d41f45f\" data-element_type=\"widget\" data-e-type=\"widget\" data-widget_type=\"toggle.default\">\n\t\t\t\t<div class=\"elementor-widget-container\">\n\t\t\t\t\t\t\t<div class=\"elementor-toggle\">\n\t\t\t\t\t\t\t<div class=\"elementor-toggle-item\">\n\t\t\t\t\t<div id=\"elementor-tab-title-2221\" class=\"elementor-tab-title\" data-tab=\"1\" role=\"button\" aria-controls=\"elementor-tab-content-2221\" aria-expanded=\"false\">\n\t\t\t\t\t\t\t\t\t\t\t\t<span class=\"elementor-toggle-icon elementor-toggle-icon-left\" aria-hidden=\"true\">\n\t\t\t\t\t\t\t\t\t\t\t\t\t\t\t<span class=\"elementor-toggle-icon-closed\"><svg class=\"e-font-icon-svg e-fas-angle-down\" viewbox=\"0 0 320 512\" xmlns=\"http:\/\/www.w3.org\/2000\/svg\"><path d=\"M143 352.3L7 216.3c-9.4-9.4-9.4-24.6 0-33.9l22.6-22.6c9.4-9.4 24.6-9.4 33.9 0l96.4 96.4 96.4-96.4c9.4-9.4 24.6-9.4 33.9 0l22.6 22.6c9.4 9.4 9.4 24.6 0 33.9l-136 136c-9.2 9.4-24.4 9.4-33.8 0z\"><\/path><\/svg><\/span>\n\t\t\t\t\t\t\t\t<span class=\"elementor-toggle-icon-opened\"><svg class=\"elementor-toggle-icon-opened e-font-icon-svg e-fas-caret-up\" viewbox=\"0 0 320 512\" xmlns=\"http:\/\/www.w3.org\/2000\/svg\"><path d=\"M288.662 352H31.338c-17.818 0-26.741-21.543-14.142-34.142l128.662-128.662c7.81-7.81 20.474-7.81 28.284 0l128.662 128.662c12.6 12.599 3.676 34.142-14.142 34.142z\"><\/path><\/svg><\/span>\n\t\t\t\t\t\t\t\t\t\t\t\t\t<\/span>\n\t\t\t\t\t\t\t\t\t\t\t\t<a class=\"elementor-toggle-title\" tabindex=\"0\">M\u00e1s sobre nuestra Misi\u00f3n<\/a>\n\t\t\t\t\t<\/div>\n\n\t\t\t\t\t<div id=\"elementor-tab-content-2221\" class=\"elementor-tab-content elementor-clearfix\" data-tab=\"1\" role=\"region\" aria-labelledby=\"elementor-tab-title-2221\"><p>&#8211; Gestionar y prestar servicios auxiliares, de atenci\u00f3n al p\u00fablico, t\u00e9cnicos, de limpieza e higiene por personal propio de Mullor en las instalaciones de todo tipo de empresas y organizaciones en Espa\u00f1a. \u00a0\u200b<br \/><br \/><br \/><\/p><p>&#8211; Desarrollar servicios sostenibles econ\u00f3micamente basados en la eficiencia de nuestras operaciones y la satisfacci\u00f3n y la fidelidad de nuestras empresas cliente que encuentran en el grupo Mullor un partner de calidad adaptado a sus necesidades\u200b.<br \/><br \/><br \/><\/p><p>&#8211; Aprovechar nuestra actividad profesional para llevar a cabo y colaborar en iniciativas con responsabilidad social. Especialmente aquellas que permitan incorporar al mundo laboral personas vulnerables, desarrollar la competencia profesional de las personas, as\u00ed como contribuir activamente en proyectos que fortalecen el entorno social donde prestamos servicios.\u200b<br \/><br \/><br \/><\/p><p>&#8211; Gestionar con el m\u00e1ximo compromiso con las personas, procurando el bienestar emocional, la formaci\u00f3n en el puesto de trabajo, un entorno laboral de calidad y el progreso profesional de todo nuestro equipo humano.\u200b<\/p><\/div>\n\t\t\t\t<\/div>\n\t\t\t\t\t\t\t\t<\/div>\n\t\t\t\t\t\t<\/div>\n\t\t\t\t<\/div>\n\t\t\t\t\t<\/div>\n\t\t<\/div>\n\t\t\t\t\t<\/div>\n\t\t<\/section>\n\t\t\t\t<section class=\"elementor-section elementor-top-section elementor-element elementor-element-ca60aeb elementor-section-stretched elementor-section-boxed elementor-section-height-default elementor-section-height-default elementor-invisible\" data-id=\"ca60aeb\" data-element_type=\"section\" data-e-type=\"section\" data-settings=\"{&quot;stretch_section&quot;:&quot;section-stretched&quot;,&quot;animation&quot;:&quot;zoomIn&quot;,&quot;animation_delay&quot;:100}\">\n\t\t\t\t\t\t<div class=\"elementor-container elementor-column-gap-default\">\n\t\t\t\t\t<div class=\"elementor-column elementor-col-100 elementor-top-column elementor-element elementor-element-2028379\" data-id=\"2028379\" data-element_type=\"column\" data-e-type=\"column\">\n\t\t\t<div class=\"elementor-widget-wrap elementor-element-populated\">\n\t\t\t\t\t\t<div class=\"elementor-element elementor-element-f1ee183 elementor-widget elementor-widget-heading\" data-id=\"f1ee183\" data-element_type=\"widget\" data-e-type=\"widget\" data-widget_type=\"heading.default\">\n\t\t\t\t<div class=\"elementor-widget-container\">\n\t\t\t\t\t<h2 class=\"elementor-heading-title elementor-size-large\">Nuestra Visi\u00f3n<\/h2>\t\t\t\t<\/div>\n\t\t\t\t<\/div>\n\t\t\t\t<div class=\"elementor-element elementor-element-52381d1 elementor-widget elementor-widget-heading\" data-id=\"52381d1\" data-element_type=\"widget\" data-e-type=\"widget\" data-widget_type=\"heading.default\">\n\t\t\t\t<div class=\"elementor-widget-container\">\n\t\t\t\t\t<h2 class=\"elementor-heading-title elementor-size-default\">qu\u00e9 ambicionamos<\/h2>\t\t\t\t<\/div>\n\t\t\t\t<\/div>\n\t\t\t\t<div class=\"elementor-element elementor-element-d7f368c elementor-widget-divider--view-line elementor-widget elementor-widget-divider\" data-id=\"d7f368c\" data-element_type=\"widget\" data-e-type=\"widget\" data-widget_type=\"divider.default\">\n\t\t\t\t<div class=\"elementor-widget-container\">\n\t\t\t\t\t\t\t<div class=\"elementor-divider\">\n\t\t\t<span class=\"elementor-divider-separator\">\n\t\t\t\t\t\t<\/span>\n\t\t<\/div>\n\t\t\t\t\t\t<\/div>\n\t\t\t\t<\/div>\n\t\t\t\t<div class=\"elementor-element elementor-element-e9d8fed elementor-widget elementor-widget-text-editor\" data-id=\"e9d8fed\" data-element_type=\"widget\" data-e-type=\"widget\" data-widget_type=\"text-editor.default\">\n\t\t\t\t<div class=\"elementor-widget-container\">\n\t\t\t\t\t\t\t\t\t<p class=\"p1\"><i>Ser referentes por ser un grupo de servicios excelente, s\u00f3lido, competitivo, en constante innovaci\u00f3n, con nuestras empresas cliente satisfechos a largo plazo, responsable con las personas que lo componen y con la sociedad en su conjunto.<\/i><\/p>\t\t\t\t\t\t\t\t<\/div>\n\t\t\t\t<\/div>\n\t\t\t\t<div class=\"elementor-element elementor-element-68e95d8 elementor-widget elementor-widget-toggle\" data-id=\"68e95d8\" data-element_type=\"widget\" data-e-type=\"widget\" data-widget_type=\"toggle.default\">\n\t\t\t\t<div class=\"elementor-widget-container\">\n\t\t\t\t\t\t\t<div class=\"elementor-toggle\">\n\t\t\t\t\t\t\t<div class=\"elementor-toggle-item\">\n\t\t\t\t\t<div id=\"elementor-tab-title-1101\" class=\"elementor-tab-title\" data-tab=\"1\" role=\"button\" aria-controls=\"elementor-tab-content-1101\" aria-expanded=\"false\">\n\t\t\t\t\t\t\t\t\t\t\t\t<span class=\"elementor-toggle-icon elementor-toggle-icon-left\" aria-hidden=\"true\">\n\t\t\t\t\t\t\t\t\t\t\t\t\t\t\t<span class=\"elementor-toggle-icon-closed\"><svg class=\"e-font-icon-svg e-fas-angle-down\" viewbox=\"0 0 320 512\" xmlns=\"http:\/\/www.w3.org\/2000\/svg\"><path d=\"M143 352.3L7 216.3c-9.4-9.4-9.4-24.6 0-33.9l22.6-22.6c9.4-9.4 24.6-9.4 33.9 0l96.4 96.4 96.4-96.4c9.4-9.4 24.6-9.4 33.9 0l22.6 22.6c9.4 9.4 9.4 24.6 0 33.9l-136 136c-9.2 9.4-24.4 9.4-33.8 0z\"><\/path><\/svg><\/span>\n\t\t\t\t\t\t\t\t<span class=\"elementor-toggle-icon-opened\"><svg class=\"elementor-toggle-icon-opened e-font-icon-svg e-fas-caret-up\" viewbox=\"0 0 320 512\" xmlns=\"http:\/\/www.w3.org\/2000\/svg\"><path d=\"M288.662 352H31.338c-17.818 0-26.741-21.543-14.142-34.142l128.662-128.662c7.81-7.81 20.474-7.81 28.284 0l128.662 128.662c12.6 12.599 3.676 34.142-14.142 34.142z\"><\/path><\/svg><\/span>\n\t\t\t\t\t\t\t\t\t\t\t\t\t<\/span>\n\t\t\t\t\t\t\t\t\t\t\t\t<a class=\"elementor-toggle-title\" tabindex=\"0\">M\u00e1s sobre nuestra Visi\u00f3n<\/a>\n\t\t\t\t\t<\/div>\n\n\t\t\t\t\t<div id=\"elementor-tab-content-1101\" class=\"elementor-tab-content elementor-clearfix\" data-tab=\"1\" role=\"region\" aria-labelledby=\"elementor-tab-title-1101\">&#8211; Conseguir la necesaria competitividad basada en la eficiencia, la calidad objetiva, la calidad en la atenci\u00f3n a nuestras empresas cliente, la innovaci\u00f3n y un conjunto de buenas pr\u00e1cticas profesionales y laborales.\u200b<\/br><\/br> \n\n\u200b\n\n&#8211; Mantener y desarrollar el equipo humano a lo largo del tiempo y de manera sostenida.\u200b<\/br><\/br>\n\n\u200b\n\n&#8211; Involucrarse en proyectos sociales para generar oportunidades profesionales para las personas m\u00e1s vulnerables.\u200b<\/br><\/br>\n\n\u200b\n&#8211; Ser reconocidos por nuestras empresas clientes, el propio equipo humano y la sociedad en general como una empresa que va m\u00e1s all\u00e1 de la prestaci\u00f3n de un servicio.\u200b<\/div>\n\t\t\t\t<\/div>\n\t\t\t\t\t\t\t\t<\/div>\n\t\t\t\t\t\t<\/div>\n\t\t\t\t<\/div>\n\t\t\t\t\t<\/div>\n\t\t<\/div>\n\t\t\t\t\t<\/div>\n\t\t<\/section>\n\t\t\t\t<section class=\"elementor-section elementor-top-section elementor-element elementor-element-4d46d63 elementor-section-stretched elementor-section-boxed elementor-section-height-default elementor-section-height-default elementor-invisible\" data-id=\"4d46d63\" data-element_type=\"section\" data-e-type=\"section\" data-settings=\"{&quot;stretch_section&quot;:&quot;section-stretched&quot;,&quot;animation&quot;:&quot;zoomIn&quot;,&quot;animation_delay&quot;:100}\">\n\t\t\t\t\t\t<div class=\"elementor-container elementor-column-gap-default\">\n\t\t\t\t\t<div class=\"elementor-column elementor-col-100 elementor-top-column elementor-element elementor-element-f3a1397 elementor-invisible\" data-id=\"f3a1397\" data-element_type=\"column\" data-e-type=\"column\" data-settings=\"{&quot;animation&quot;:&quot;zoomIn&quot;,&quot;animation_delay&quot;:100}\">\n\t\t\t<div class=\"elementor-widget-wrap elementor-element-populated\">\n\t\t\t\t\t\t<div class=\"elementor-element elementor-element-0bfa636 elementor-widget elementor-widget-heading\" data-id=\"0bfa636\" data-element_type=\"widget\" data-e-type=\"widget\" data-widget_type=\"heading.default\">\n\t\t\t\t<div class=\"elementor-widget-container\">\n\t\t\t\t\t<h2 class=\"elementor-heading-title elementor-size-large\">Els nostres valors<\/h2>\t\t\t\t<\/div>\n\t\t\t\t<\/div>\n\t\t\t\t<div class=\"elementor-element elementor-element-ac2dcb6 elementor-widget elementor-widget-heading\" data-id=\"ac2dcb6\" data-element_type=\"widget\" data-e-type=\"widget\" data-widget_type=\"heading.default\">\n\t\t\t\t<div class=\"elementor-widget-container\">\n\t\t\t\t\t<h2 class=\"elementor-heading-title elementor-size-default\">c\u00f3mo somos y c\u00f3mo actuamos siempre<\/h2>\t\t\t\t<\/div>\n\t\t\t\t<\/div>\n\t\t\t\t<div class=\"elementor-element elementor-element-7d94358 elementor-widget-divider--view-line elementor-widget elementor-widget-divider\" data-id=\"7d94358\" data-element_type=\"widget\" data-e-type=\"widget\" data-widget_type=\"divider.default\">\n\t\t\t\t<div class=\"elementor-widget-container\">\n\t\t\t\t\t\t\t<div class=\"elementor-divider\">\n\t\t\t<span class=\"elementor-divider-separator\">\n\t\t\t\t\t\t<\/span>\n\t\t<\/div>\n\t\t\t\t\t\t<\/div>\n\t\t\t\t<\/div>\n\t\t\t\t<div class=\"elementor-element elementor-element-dfafa02 elementor-widget elementor-widget-text-editor\" data-id=\"dfafa02\" data-element_type=\"widget\" data-e-type=\"widget\" data-widget_type=\"text-editor.default\">\n\t\t\t\t<div class=\"elementor-widget-container\">\n\t\t\t\t\t\t\t\t\t<p><i><strong>&#8211; Respeto<\/strong>: En Mullor el trato humano y la gesti\u00f3n de la diversidad, son pilares en la convivencia y en la colaboraci\u00f3n con nuestros clientes, proveedores y profesionales.<\/i><\/p>\n<p class=\"p1\"><i><strong>&#8211; Compromiso<\/strong>: Honestedat, tracte just i sincer, generant entorns segurs i fiables.<\/i><\/p>\n<p class=\"p1\"><i><strong>&#8211; Efectividad<\/strong>: Profesionales, con estrategia y m\u00e9todo, dando respuesta y comunicando a tiempo seg\u00fan acuerdos preestablecidos.<\/i><\/p>\n<p class=\"p1\"><i><strong>&#8211; Flexibilidad<\/strong>: Amb una mirada oberta i propera, ens adaptem als requeriments, circumst\u00e0ncies i situacions. Sempre disposats a innovar.<\/i><\/p>\n<p class=\"p1\"><i><strong>&#8211; Proactividad<\/strong>: No significa solamente anticiparse o tomar la iniciativa. Tambi\u00e9n es construir desde el dialogo, la empat\u00eda y la participaci\u00f3n, para hacer que las cosas sucedan.<\/i><\/p>\n<p><i><strong>&#8211; Superaci\u00f3n<\/strong>: somos inconformistas, nos ilusionan nuevas metas. Conseguimos nuevos prop\u00f3sitos a base de constancia, profesionalidad y positivismo.<\/i><\/p>\t\t\t\t\t\t\t\t<\/div>\n\t\t\t\t<\/div>\n\t\t\t\t<div class=\"elementor-element elementor-element-9097c04 elementor-widget elementor-widget-toggle\" data-id=\"9097c04\" data-element_type=\"widget\" data-e-type=\"widget\" data-widget_type=\"toggle.default\">\n\t\t\t\t<div class=\"elementor-widget-container\">\n\t\t\t\t\t\t\t<div class=\"elementor-toggle\">\n\t\t\t\t\t\t\t<div class=\"elementor-toggle-item\">\n\t\t\t\t\t<div id=\"elementor-tab-title-1511\" class=\"elementor-tab-title\" data-tab=\"1\" role=\"button\" aria-controls=\"elementor-tab-content-1511\" aria-expanded=\"false\">\n\t\t\t\t\t\t\t\t\t\t\t\t<span class=\"elementor-toggle-icon elementor-toggle-icon-left\" aria-hidden=\"true\">\n\t\t\t\t\t\t\t\t\t\t\t\t\t\t\t<span class=\"elementor-toggle-icon-closed\"><svg class=\"e-font-icon-svg e-fas-angle-down\" viewbox=\"0 0 320 512\" xmlns=\"http:\/\/www.w3.org\/2000\/svg\"><path d=\"M143 352.3L7 216.3c-9.4-9.4-9.4-24.6 0-33.9l22.6-22.6c9.4-9.4 24.6-9.4 33.9 0l96.4 96.4 96.4-96.4c9.4-9.4 24.6-9.4 33.9 0l22.6 22.6c9.4 9.4 9.4 24.6 0 33.9l-136 136c-9.2 9.4-24.4 9.4-33.8 0z\"><\/path><\/svg><\/span>\n\t\t\t\t\t\t\t\t<span class=\"elementor-toggle-icon-opened\"><svg class=\"elementor-toggle-icon-opened e-font-icon-svg e-fas-caret-up\" viewbox=\"0 0 320 512\" xmlns=\"http:\/\/www.w3.org\/2000\/svg\"><path d=\"M288.662 352H31.338c-17.818 0-26.741-21.543-14.142-34.142l128.662-128.662c7.81-7.81 20.474-7.81 28.284 0l128.662 128.662c12.6 12.599 3.676 34.142-14.142 34.142z\"><\/path><\/svg><\/span>\n\t\t\t\t\t\t\t\t\t\t\t\t\t<\/span>\n\t\t\t\t\t\t\t\t\t\t\t\t<a class=\"elementor-toggle-title\" tabindex=\"0\">M\u00e1s sobre nuestros Valores<\/a>\n\t\t\t\t\t<\/div>\n\n\t\t\t\t\t<div id=\"elementor-tab-content-1511\" class=\"elementor-tab-content elementor-clearfix\" data-tab=\"1\" role=\"region\" aria-labelledby=\"elementor-tab-title-1511\"><p>&#8211; Nuestros valores se refuerzan tras 80 a\u00f1os de historia, en los que hemos forjado una identidad que incide positivamente en nuestro entorno humano y profesional.<\/p><p>\u00a0<\/p><p>&#8211; Nuestros valores son nuestra forma de actuar, con la voluntad de mejorar y ser competitivos, con la voluntad de hacer bien y mejor nuestra actividad ante nuestras empresas cliente y con nuestro equipo profesional.\u200b<\/p><p>\u00a0<\/p><p>&#8211; Formalizamos estos valores para transmitir con claridad como queremos que sea nuestra gesti\u00f3n y la de todas las personas que colaboran en los servicios.<\/p><p>\u00a0<\/p><p>&#8211; Estos valores son nuestra raz\u00f3n de ser, nuestra referencia y modelo a seguir en todos nuestros procesos. Y tambi\u00e9n en los proyectos sociales en los que colaboramos como organizaci\u00f3n.<\/p><p>\u00a0<\/p><p>&#8211; Estos valores son el ADN de nuestra empresa. Seleccionamos, desarrollamos y promocionamos el talento alineado a estos 6 valores fundamentales para Grupo Mullor.<\/p><p>\u00a0<\/p><p>&#8211; Si te identificas con estos valores podemos ser la empresa <a href=\"https:\/\/www.mullor.com\/ca\/contacto\/envia-tu-cv\/\">on desenvolupar la teva carrera professional<\/a>.<\/p><\/div>\n\t\t\t\t<\/div>\n\t\t\t\t\t\t\t\t<\/div>\n\t\t\t\t\t\t<\/div>\n\t\t\t\t<\/div>\n\t\t\t\t\t<\/div>\n\t\t<\/div>\n\t\t\t\t\t<\/div>\n\t\t<\/section>\n\t\t\t\t<section class=\"elementor-section elementor-top-section elementor-element elementor-element-ed9a187 elementor-section-boxed elementor-section-height-default elementor-section-height-default\" data-id=\"ed9a187\" data-element_type=\"section\" data-e-type=\"section\">\n\t\t\t\t\t\t<div class=\"elementor-container elementor-column-gap-default\">\n\t\t\t\t\t<div class=\"elementor-column elementor-col-100 elementor-top-column elementor-element elementor-element-2a3bd0d\" data-id=\"2a3bd0d\" data-element_type=\"column\" data-e-type=\"column\">\n\t\t\t<div class=\"elementor-widget-wrap elementor-element-populated\">\n\t\t\t\t\t\t<div class=\"elementor-element elementor-element-01fdb60 elementor-widget elementor-widget-spacer\" data-id=\"01fdb60\" data-element_type=\"widget\" data-e-type=\"widget\" data-widget_type=\"spacer.default\">\n\t\t\t\t<div class=\"elementor-widget-container\">\n\t\t\t\t\t\t\t<div class=\"elementor-spacer\">\n\t\t\t<div class=\"elementor-spacer-inner\"><\/div>\n\t\t<\/div>\n\t\t\t\t\t\t<\/div>\n\t\t\t\t<\/div>\n\t\t\t\t\t<\/div>\n\t\t<\/div>\n\t\t\t\t\t<\/div>\n\t\t<\/section>\n\t\t\t\t<\/div>","protected":false},"excerpt":{"rendered":"<p>Misi\u00f3n, Visi\u00f3n y Valores Nuestra Misi\u00f3n El prop\u00f3sito que nos mueve Gestionar y prestar servicios en las instalaciones de nuestras empresas cliente con la m\u00e1xima excelencia, adapt\u00e1ndonos continuamente a sus necesidades, estimulando el desarrollo y bienestar de nuestro equipo humano y generando oportunidades para las personas vulnerables. M\u00e1s sobre nuestra Misi\u00f3n &#8211; Gestionar y prestar servicios auxiliares, de atenci\u00f3n al<\/p>\n<p><a class=\"more-link\" href=\"https:\/\/www.mullor.com\/ca\/sobre-mullor\/mision-vision-y-valores\/\">Read More<\/a><\/p>","protected":false},"author":7,"featured_media":0,"parent":364,"menu_order":0,"comment_status":"closed","ping_status":"closed","template":"elementor_header_footer","meta":{"footnotes":""},"class_list":["post-2901","page","type-page","status-publish","hentry"],"aioseo_notices":[],"_links":{"self":[{"href":"https:\/\/www.mullor.com\/ca\/wp-json\/wp\/v2\/pages\/2901","targetHints":{"allow":["GET"]}}],"collection":[{"href":"https:\/\/www.mullor.com\/ca\/wp-json\/wp\/v2\/pages"}],"about":[{"href":"https:\/\/www.mullor.com\/ca\/wp-json\/wp\/v2\/types\/page"}],"author":[{"embeddable":true,"href":"https:\/\/www.mullor.com\/ca\/wp-json\/wp\/v2\/users\/7"}],"replies":[{"embeddable":true,"href":"https:\/\/www.mullor.com\/ca\/wp-json\/wp\/v2\/comments?post=2901"}],"version-history":[{"count":78,"href":"https:\/\/www.mullor.com\/ca\/wp-json\/wp\/v2\/pages\/2901\/revisions"}],"predecessor-version":[{"id":4120,"href":"https:\/\/www.mullor.com\/ca\/wp-json\/wp\/v2\/pages\/2901\/revisions\/4120"}],"up":[{"embeddable":true,"href":"https:\/\/www.mullor.com\/ca\/wp-json\/wp\/v2\/pages\/364"}],"wp:attachment":[{"href":"https:\/\/www.mullor.com\/ca\/wp-json\/wp\/v2\/media?parent=2901"}],"curies":[{"name":"wp","href":"https:\/\/api.w.org\/{rel}","templated":true}]}}