{"id":525,"date":"2019-06-22T17:17:20","date_gmt":"2019-06-22T15:17:20","guid":{"rendered":"https:\/\/www.mullor.com\/?page_id=525"},"modified":"2022-05-15T21:01:52","modified_gmt":"2022-05-15T19:01:52","slug":"farmaceutica","status":"publish","type":"page","link":"https:\/\/www.mullor.com\/ca\/sectores\/farmaceutica\/","title":{"rendered":"industria farmac\u00e8utica"},"content":{"rendered":"<div data-elementor-type=\"wp-post\" data-elementor-id=\"525\" class=\"elementor elementor-525\">\n\t\t\t\t\t\t<section class=\"elementor-section elementor-top-section elementor-element elementor-element-1ef32d4 elementor-section-stretched elementor-section-height-min-height elementor-section-boxed elementor-section-height-default elementor-section-items-middle\" data-id=\"1ef32d4\" data-element_type=\"section\" data-e-type=\"section\" data-settings=\"{&quot;stretch_section&quot;:&quot;section-stretched&quot;,&quot;background_background&quot;:&quot;classic&quot;}\">\n\t\t\t\t\t\t<div class=\"elementor-container elementor-column-gap-default\">\n\t\t\t\t\t<div class=\"elementor-column elementor-col-100 elementor-top-column elementor-element elementor-element-18950fa\" data-id=\"18950fa\" data-element_type=\"column\" data-e-type=\"column\">\n\t\t\t<div class=\"elementor-widget-wrap elementor-element-populated\">\n\t\t\t\t\t\t<div class=\"elementor-element elementor-element-b27d9b6 elementor-invisible elementor-widget elementor-widget-heading\" data-id=\"b27d9b6\" data-element_type=\"widget\" data-e-type=\"widget\" data-settings=\"{&quot;_animation&quot;:&quot;zoomIn&quot;}\" data-widget_type=\"heading.default\">\n\t\t\t\t<div class=\"elementor-widget-container\">\n\t\t\t\t\t<h1 class=\"elementor-heading-title elementor-size-default\">industria farmac\u00e8utica<\/h1>\t\t\t\t<\/div>\n\t\t\t\t<\/div>\n\t\t\t\t\t<\/div>\n\t\t<\/div>\n\t\t\t\t\t<\/div>\n\t\t<\/section>\n\t\t\t\t<section class=\"elementor-section elementor-top-section elementor-element elementor-element-94eb7a1 elementor-section-stretched elementor-section-boxed elementor-section-height-default elementor-section-height-default\" data-id=\"94eb7a1\" data-element_type=\"section\" data-e-type=\"section\" data-settings=\"{&quot;stretch_section&quot;:&quot;section-stretched&quot;}\">\n\t\t\t\t\t\t<div class=\"elementor-container elementor-column-gap-default\">\n\t\t\t\t\t<div class=\"elementor-column elementor-col-50 elementor-top-column elementor-element elementor-element-bd82d96\" data-id=\"bd82d96\" data-element_type=\"column\" data-e-type=\"column\">\n\t\t\t<div class=\"elementor-widget-wrap elementor-element-populated\">\n\t\t\t\t\t\t<div class=\"elementor-element elementor-element-3ec6471 elementor-widget elementor-widget-heading\" data-id=\"3ec6471\" data-element_type=\"widget\" data-e-type=\"widget\" data-settings=\"{&quot;_animation&quot;:&quot;none&quot;}\" data-widget_type=\"heading.default\">\n\t\t\t\t<div class=\"elementor-widget-container\">\n\t\t\t\t\t<div class=\"elementor-heading-title elementor-size-default\">La experiencia y rigor de Mullor son clave en el sector Farmac\u00e9utico.<\/div>\t\t\t\t<\/div>\n\t\t\t\t<\/div>\n\t\t\t\t<div class=\"elementor-element elementor-element-9014911 elementor-widget elementor-widget-text-editor\" data-id=\"9014911\" data-element_type=\"widget\" data-e-type=\"widget\" data-settings=\"{&quot;_animation&quot;:&quot;none&quot;}\" data-widget_type=\"text-editor.default\">\n\t\t\t\t<div class=\"elementor-widget-container\">\n\t\t\t\t\t\t\t\t\t<p>Para el sector farmac\u00e9utico la solidez profesional de Mullor, la forma de trabajar protocolizada, buscando la trazabilidad de los procesos es muy importante.<\/p><p>\u00a0<\/p><p>Mullor trabaja de forma coordinada con el cliente, dise\u00f1ando los protocolos de limpieza, formando sus equipos para que interioricen la importancia de su trabajo en el proceso de producci\u00f3n farmac\u00e9utico<\/p><p>\u00a0<\/p><p>Assumim com a propis els seus est\u00e0ndards de seguretat durant el transcurs de tota la cadena de valor seguint els protocols i els procediments de la IFS, BRC i l' <a href=\"https:\/\/www.mullor.com\/ca\/sobre-mullor\/calidad\/\" target=\"_blank\" rel=\"noopener\">ISO 22000<\/a> a la ind\u00fastria aliment\u00e0ria<\/p>\t\t\t\t\t\t\t\t<\/div>\n\t\t\t\t<\/div>\n\t\t\t\t<div class=\"elementor-element elementor-element-be6d741 elementor-align-start elementor-icon-list--layout-traditional elementor-list-item-link-full_width elementor-invisible elementor-widget elementor-widget-icon-list\" data-id=\"be6d741\" data-element_type=\"widget\" data-e-type=\"widget\" data-settings=\"{&quot;_animation&quot;:&quot;bounceIn&quot;}\" data-widget_type=\"icon-list.default\">\n\t\t\t\t<div class=\"elementor-widget-container\">\n\t\t\t\t\t\t\t<ul class=\"elementor-icon-list-items\">\n\t\t\t\t\t\t\t<li class=\"elementor-icon-list-item\">\n\t\t\t\t\t\t\t\t\t\t\t<span class=\"elementor-icon-list-icon\">\n\t\t\t\t\t\t\t<svg aria-hidden=\"true\" class=\"e-font-icon-svg e-fas-play\" viewbox=\"0 0 448 512\" xmlns=\"http:\/\/www.w3.org\/2000\/svg\"><path d=\"M424.4 214.7L72.4 6.6C43.8-10.3 0 6.1 0 47.9V464c0 37.5 40.7 60.1 72.4 41.3l352-208c31.4-18.5 31.5-64.1 0-82.6z\"><\/path><\/svg>\t\t\t\t\t\t<\/span>\n\t\t\t\t\t\t\t\t\t\t<span class=\"elementor-icon-list-text\">Desinfecci\u00f3n de salas blancas<\/span>\n\t\t\t\t\t\t\t\t\t<\/li>\n\t\t\t\t\t\t\t\t<li class=\"elementor-icon-list-item\">\n\t\t\t\t\t\t\t\t\t\t\t<span class=\"elementor-icon-list-icon\">\n\t\t\t\t\t\t\t<svg aria-hidden=\"true\" class=\"e-font-icon-svg e-fas-play\" viewbox=\"0 0 448 512\" xmlns=\"http:\/\/www.w3.org\/2000\/svg\"><path d=\"M424.4 214.7L72.4 6.6C43.8-10.3 0 6.1 0 47.9V464c0 37.5 40.7 60.1 72.4 41.3l352-208c31.4-18.5 31.5-64.1 0-82.6z\"><\/path><\/svg>\t\t\t\t\t\t<\/span>\n\t\t\t\t\t\t\t\t\t\t<span class=\"elementor-icon-list-text\">Higiene de l\u00ednies de producci\u00f3<\/span>\n\t\t\t\t\t\t\t\t\t<\/li>\n\t\t\t\t\t\t\t\t<li class=\"elementor-icon-list-item\">\n\t\t\t\t\t\t\t\t\t\t\t<span class=\"elementor-icon-list-icon\">\n\t\t\t\t\t\t\t<svg aria-hidden=\"true\" class=\"e-font-icon-svg e-fas-play\" viewbox=\"0 0 448 512\" xmlns=\"http:\/\/www.w3.org\/2000\/svg\"><path d=\"M424.4 214.7L72.4 6.6C43.8-10.3 0 6.1 0 47.9V464c0 37.5 40.7 60.1 72.4 41.3l352-208c31.4-18.5 31.5-64.1 0-82.6z\"><\/path><\/svg>\t\t\t\t\t\t<\/span>\n\t\t\t\t\t\t\t\t\t\t<span class=\"elementor-icon-list-text\">Neteja de processos productius<\/span>\n\t\t\t\t\t\t\t\t\t<\/li>\n\t\t\t\t\t\t\t\t<li class=\"elementor-icon-list-item\">\n\t\t\t\t\t\t\t\t\t\t\t<span class=\"elementor-icon-list-icon\">\n\t\t\t\t\t\t\t<svg aria-hidden=\"true\" class=\"e-font-icon-svg e-fas-play\" viewbox=\"0 0 448 512\" xmlns=\"http:\/\/www.w3.org\/2000\/svg\"><path d=\"M424.4 214.7L72.4 6.6C43.8-10.3 0 6.1 0 47.9V464c0 37.5 40.7 60.1 72.4 41.3l352-208c31.4-18.5 31.5-64.1 0-82.6z\"><\/path><\/svg>\t\t\t\t\t\t<\/span>\n\t\t\t\t\t\t\t\t\t\t<span class=\"elementor-icon-list-text\">Control de plagues<\/span>\n\t\t\t\t\t\t\t\t\t<\/li>\n\t\t\t\t\t\t\t\t<li class=\"elementor-icon-list-item\">\n\t\t\t\t\t\t\t\t\t\t\t<span class=\"elementor-icon-list-icon\">\n\t\t\t\t\t\t\t<svg aria-hidden=\"true\" class=\"e-font-icon-svg e-fas-play\" viewbox=\"0 0 448 512\" xmlns=\"http:\/\/www.w3.org\/2000\/svg\"><path d=\"M424.4 214.7L72.4 6.6C43.8-10.3 0 6.1 0 47.9V464c0 37.5 40.7 60.1 72.4 41.3l352-208c31.4-18.5 31.5-64.1 0-82.6z\"><\/path><\/svg>\t\t\t\t\t\t<\/span>\n\t\t\t\t\t\t\t\t\t\t<span class=\"elementor-icon-list-text\">Outsourcing de serveis auxiliars<\/span>\n\t\t\t\t\t\t\t\t\t<\/li>\n\t\t\t\t\t\t\t\t<li class=\"elementor-icon-list-item\">\n\t\t\t\t\t\t\t\t\t\t\t<span class=\"elementor-icon-list-icon\">\n\t\t\t\t\t\t\t<svg aria-hidden=\"true\" class=\"e-font-icon-svg e-fas-play\" viewbox=\"0 0 448 512\" xmlns=\"http:\/\/www.w3.org\/2000\/svg\"><path d=\"M424.4 214.7L72.4 6.6C43.8-10.3 0 6.1 0 47.9V464c0 37.5 40.7 60.1 72.4 41.3l352-208c31.4-18.5 31.5-64.1 0-82.6z\"><\/path><\/svg>\t\t\t\t\t\t<\/span>\n\t\t\t\t\t\t\t\t\t\t<span class=\"elementor-icon-list-text\">Log\u00edstica Interna<\/span>\n\t\t\t\t\t\t\t\t\t<\/li>\n\t\t\t\t\t\t\t\t<li class=\"elementor-icon-list-item\">\n\t\t\t\t\t\t\t\t\t\t\t<span class=\"elementor-icon-list-icon\">\n\t\t\t\t\t\t\t<svg aria-hidden=\"true\" class=\"e-font-icon-svg e-fas-play\" viewbox=\"0 0 448 512\" xmlns=\"http:\/\/www.w3.org\/2000\/svg\"><path d=\"M424.4 214.7L72.4 6.6C43.8-10.3 0 6.1 0 47.9V464c0 37.5 40.7 60.1 72.4 41.3l352-208c31.4-18.5 31.5-64.1 0-82.6z\"><\/path><\/svg>\t\t\t\t\t\t<\/span>\n\t\t\t\t\t\t\t\t\t\t<span class=\"elementor-icon-list-text\">Neteja i desinfecci\u00f3 de sitges<\/span>\n\t\t\t\t\t\t\t\t\t<\/li>\n\t\t\t\t\t\t\t\t<li class=\"elementor-icon-list-item\">\n\t\t\t\t\t\t\t\t\t\t\t<span class=\"elementor-icon-list-icon\">\n\t\t\t\t\t\t\t<svg aria-hidden=\"true\" class=\"e-font-icon-svg e-fas-play\" viewbox=\"0 0 448 512\" xmlns=\"http:\/\/www.w3.org\/2000\/svg\"><path d=\"M424.4 214.7L72.4 6.6C43.8-10.3 0 6.1 0 47.9V464c0 37.5 40.7 60.1 72.4 41.3l352-208c31.4-18.5 31.5-64.1 0-82.6z\"><\/path><\/svg>\t\t\t\t\t\t<\/span>\n\t\t\t\t\t\t\t\t\t\t<span class=\"elementor-icon-list-text\">Desinfecci\u00f3n en la industria farmac\u00e9utica<\/span>\n\t\t\t\t\t\t\t\t\t<\/li>\n\t\t\t\t\t\t<\/ul>\n\t\t\t\t\t\t<\/div>\n\t\t\t\t<\/div>\n\t\t\t\t\t<\/div>\n\t\t<\/div>\n\t\t\t\t<div class=\"elementor-column elementor-col-50 elementor-top-column elementor-element elementor-element-641fbae\" data-id=\"641fbae\" data-element_type=\"column\" data-e-type=\"column\">\n\t\t\t<div class=\"elementor-widget-wrap elementor-element-populated\">\n\t\t\t\t\t\t<div class=\"elementor-element elementor-element-9bd9d81 gallery-spacing-custom elementor-invisible elementor-widget elementor-widget-image-gallery\" data-id=\"9bd9d81\" data-element_type=\"widget\" data-e-type=\"widget\" data-settings=\"{&quot;_animation&quot;:&quot;fadeIn&quot;}\" data-widget_type=\"image-gallery.default\">\n\t\t\t\t<div class=\"elementor-widget-container\">\n\t\t\t\t\t\t\t<div class=\"elementor-image-gallery\">\n\t\t\t\n\t\t<style type=\"text\/css\">\n\t\t\t#gallery-1 {\n\t\t\t\tmargin: auto;\n\t\t\t}\n\t\t\t#gallery-1 .gallery-item {\n\t\t\t\tfloat: left;\n\t\t\t\tmargin-top: 10px;\n\t\t\t\ttext-align: center;\n\t\t\t\twidth: 50%;\n\t\t\t}\n\t\t\t#gallery-1 img {\n\t\t\t\tborder: 2px solid #cfcfcf;\n\t\t\t}\n\t\t\t#gallery-1 .gallery-caption {\n\t\t\t\tmargin-left: 0;\n\t\t\t}\n\t\t\t\/* see gallery_shortcode() in wp-includes\/media.php *\/\n\t\t<\/style>\n\t\t<div id='gallery-1' class='gallery galleryid-525 gallery-columns-2 gallery-size-full'><dl class='gallery-item'>\n\t\t\t<dt class='gallery-icon landscape'>\n\t\t\t\t<a data-elementor-open-lightbox=\"yes\" data-elementor-lightbox-slideshow=\"9bd9d81\" data-elementor-lightbox-title=\"limpieza-de-salas-blancas-pharma-mullor\" data-e-action-hash=\"#elementor-action%3Aaction%3Dlightbox%26settings%3DeyJpZCI6NzI0LCJ1cmwiOiJodHRwczpcL1wvd3d3Lm11bGxvci5jb21cL3dwLWNvbnRlbnRcL3VwbG9hZHNcLzIwMTlcLzA3XC9saW1waWV6YS1kZS1zYWxhcy1ibGFuY2FzLXBoYXJtYS1tdWxsb3IuanBnIiwic2xpZGVzaG93IjoiOWJkOWQ4MSJ9\" href='https:\/\/www.mullor.com\/wp-content\/uploads\/2019\/07\/limpieza-de-salas-blancas-pharma-mullor.jpg'><img fetchpriority=\"high\" decoding=\"async\" width=\"800\" height=\"600\" src=\"https:\/\/www.mullor.com\/wp-content\/uploads\/2019\/07\/limpieza-de-salas-blancas-pharma-mullor.jpg\" class=\"attachment-full size-full\" alt=\"personal de Mullor en limpieza industrial especializada\" srcset=\"https:\/\/www.mullor.com\/wp-content\/uploads\/2019\/07\/limpieza-de-salas-blancas-pharma-mullor.jpg 800w, https:\/\/www.mullor.com\/wp-content\/uploads\/2019\/07\/limpieza-de-salas-blancas-pharma-mullor-300x225.jpg 300w, https:\/\/www.mullor.com\/wp-content\/uploads\/2019\/07\/limpieza-de-salas-blancas-pharma-mullor-768x576.jpg 768w, https:\/\/www.mullor.com\/wp-content\/uploads\/2019\/07\/limpieza-de-salas-blancas-pharma-mullor-400x300.jpg 400w\" sizes=\"(max-width: 800px) 100vw, 800px\" \/><\/a>\n\t\t\t<\/dt><\/dl><dl class='gallery-item'>\n\t\t\t<dt class='gallery-icon landscape'>\n\t\t\t\t<a data-elementor-open-lightbox=\"yes\" data-elementor-lightbox-slideshow=\"9bd9d81\" data-elementor-lightbox-title=\"sector-farmacia-mullor-5\" data-e-action-hash=\"#elementor-action%3Aaction%3Dlightbox%26settings%3DeyJpZCI6MTY4MiwidXJsIjoiaHR0cHM6XC9cL3d3dy5tdWxsb3IuY29tXC93cC1jb250ZW50XC91cGxvYWRzXC8yMDE5XC8xMFwvc2VjdG9yLWZhcm1hY2lhLW11bGxvci01LmpwZyIsInNsaWRlc2hvdyI6IjliZDlkODEifQ%3D%3D\" href='https:\/\/www.mullor.com\/wp-content\/uploads\/2019\/10\/sector-farmacia-mullor-5.jpg'><img decoding=\"async\" width=\"800\" height=\"600\" src=\"https:\/\/www.mullor.com\/wp-content\/uploads\/2019\/10\/sector-farmacia-mullor-5.jpg\" class=\"attachment-full size-full\" alt=\"personal sanitario realizando su trabajo en la industria farmac\u00e9utica\" srcset=\"https:\/\/www.mullor.com\/wp-content\/uploads\/2019\/10\/sector-farmacia-mullor-5.jpg 800w, https:\/\/www.mullor.com\/wp-content\/uploads\/2019\/10\/sector-farmacia-mullor-5-300x225.jpg 300w, https:\/\/www.mullor.com\/wp-content\/uploads\/2019\/10\/sector-farmacia-mullor-5-768x576.jpg 768w, https:\/\/www.mullor.com\/wp-content\/uploads\/2019\/10\/sector-farmacia-mullor-5-400x300.jpg 400w\" sizes=\"(max-width: 800px) 100vw, 800px\" \/><\/a>\n\t\t\t<\/dt><\/dl><br style=\"clear: both\" \/><dl class='gallery-item'>\n\t\t\t<dt class='gallery-icon landscape'>\n\t\t\t\t<a data-elementor-open-lightbox=\"yes\" data-elementor-lightbox-slideshow=\"9bd9d81\" data-elementor-lightbox-title=\"sector-farmacia-mullor-3\" data-e-action-hash=\"#elementor-action%3Aaction%3Dlightbox%26settings%3DeyJpZCI6MTY4NCwidXJsIjoiaHR0cHM6XC9cL3d3dy5tdWxsb3IuY29tXC93cC1jb250ZW50XC91cGxvYWRzXC8yMDE5XC8xMFwvc2VjdG9yLWZhcm1hY2lhLW11bGxvci0zLmpwZyIsInNsaWRlc2hvdyI6IjliZDlkODEifQ%3D%3D\" href='https:\/\/www.mullor.com\/wp-content\/uploads\/2019\/10\/sector-farmacia-mullor-3.jpg'><img decoding=\"async\" width=\"800\" height=\"600\" src=\"https:\/\/www.mullor.com\/wp-content\/uploads\/2019\/10\/sector-farmacia-mullor-3.jpg\" class=\"attachment-full size-full\" alt=\"conductos de una instalaci\u00f3n\" srcset=\"https:\/\/www.mullor.com\/wp-content\/uploads\/2019\/10\/sector-farmacia-mullor-3.jpg 800w, https:\/\/www.mullor.com\/wp-content\/uploads\/2019\/10\/sector-farmacia-mullor-3-300x225.jpg 300w, https:\/\/www.mullor.com\/wp-content\/uploads\/2019\/10\/sector-farmacia-mullor-3-768x576.jpg 768w, https:\/\/www.mullor.com\/wp-content\/uploads\/2019\/10\/sector-farmacia-mullor-3-400x300.jpg 400w\" sizes=\"(max-width: 800px) 100vw, 800px\" \/><\/a>\n\t\t\t<\/dt><\/dl><dl class='gallery-item'>\n\t\t\t<dt class='gallery-icon landscape'>\n\t\t\t\t<a data-elementor-open-lightbox=\"yes\" data-elementor-lightbox-slideshow=\"9bd9d81\" data-elementor-lightbox-title=\"sector-farmacia-mullor-2\" data-e-action-hash=\"#elementor-action%3Aaction%3Dlightbox%26settings%3DeyJpZCI6MTY4NSwidXJsIjoiaHR0cHM6XC9cL3d3dy5tdWxsb3IuY29tXC93cC1jb250ZW50XC91cGxvYWRzXC8yMDE5XC8xMFwvc2VjdG9yLWZhcm1hY2lhLW11bGxvci0yLmpwZyIsInNsaWRlc2hvdyI6IjliZDlkODEifQ%3D%3D\" href='https:\/\/www.mullor.com\/wp-content\/uploads\/2019\/10\/sector-farmacia-mullor-2.jpg'><img loading=\"lazy\" decoding=\"async\" width=\"800\" height=\"600\" src=\"https:\/\/www.mullor.com\/wp-content\/uploads\/2019\/10\/sector-farmacia-mullor-2.jpg\" class=\"attachment-full size-full\" alt=\"personal de mantenimiento de Mullor con sus sistemas de seguridad trabajando en el sector farmacia\" srcset=\"https:\/\/www.mullor.com\/wp-content\/uploads\/2019\/10\/sector-farmacia-mullor-2.jpg 800w, https:\/\/www.mullor.com\/wp-content\/uploads\/2019\/10\/sector-farmacia-mullor-2-300x225.jpg 300w, https:\/\/www.mullor.com\/wp-content\/uploads\/2019\/10\/sector-farmacia-mullor-2-768x576.jpg 768w, https:\/\/www.mullor.com\/wp-content\/uploads\/2019\/10\/sector-farmacia-mullor-2-400x300.jpg 400w\" sizes=\"(max-width: 800px) 100vw, 800px\" \/><\/a>\n\t\t\t<\/dt><\/dl><br style=\"clear: both\" \/>\n\t\t<\/div>\n\t\t<\/div>\n\t\t\t\t\t\t<\/div>\n\t\t\t\t<\/div>\n\t\t\t\t<div class=\"elementor-element elementor-element-9f6443c elementor-widget elementor-widget-spacer\" data-id=\"9f6443c\" data-element_type=\"widget\" data-e-type=\"widget\" data-widget_type=\"spacer.default\">\n\t\t\t\t<div class=\"elementor-widget-container\">\n\t\t\t\t\t\t\t<div class=\"elementor-spacer\">\n\t\t\t<div class=\"elementor-spacer-inner\"><\/div>\n\t\t<\/div>\n\t\t\t\t\t\t<\/div>\n\t\t\t\t<\/div>\n\t\t\t\t<div class=\"elementor-element elementor-element-1d6bde2 elementor-widget elementor-widget-heading\" data-id=\"1d6bde2\" data-element_type=\"widget\" data-e-type=\"widget\" data-widget_type=\"heading.default\">\n\t\t\t\t<div class=\"elementor-widget-container\">\n\t\t\t\t\t<h2 class=\"elementor-heading-title elementor-size-medium\"><a href=\"https:\/\/www.mullor.com\/ca\/sobre-mullor\/centro-especial-de-empleo\/\" target=\"_blank\">Centre Especial de Treball<\/a><\/h2>\t\t\t\t<\/div>\n\t\t\t\t<\/div>\n\t\t\t\t<div class=\"elementor-element elementor-element-08793cb elementor-widget-divider--view-line elementor-widget elementor-widget-divider\" data-id=\"08793cb\" data-element_type=\"widget\" data-e-type=\"widget\" data-widget_type=\"divider.default\">\n\t\t\t\t<div class=\"elementor-widget-container\">\n\t\t\t\t\t\t\t<div class=\"elementor-divider\">\n\t\t\t<span class=\"elementor-divider-separator\">\n\t\t\t\t\t\t<\/span>\n\t\t<\/div>\n\t\t\t\t\t\t<\/div>\n\t\t\t\t<\/div>\n\t\t\t\t<div class=\"elementor-element elementor-element-3c4bc5a elementor-widget elementor-widget-text-editor\" data-id=\"3c4bc5a\" data-element_type=\"widget\" data-e-type=\"widget\" data-settings=\"{&quot;_animation&quot;:&quot;none&quot;}\" data-widget_type=\"text-editor.default\">\n\t\t\t\t<div class=\"elementor-widget-container\">\n\t\t\t\t\t\t\t\t\t<p>Para las empresas de la industria farmac\u00e9utica, y seg\u00fan el n\u00famero de\u00a0 trabajadores fijos en su plantilla y del servicio solicitado, existe la posibilidad de contratar nuestros servicios auxiliares a trav\u00e9s de nuestro <a href=\"https:\/\/www.mullor.com\/ca\/sobre-mullor\/centro-especial-de-empleo\/\" target=\"_blank\" rel=\"noopener\">Centre Especial de Treball<\/a>.<\/p>\t\t\t\t\t\t\t\t<\/div>\n\t\t\t\t<\/div>\n\t\t\t\t\t<\/div>\n\t\t<\/div>\n\t\t\t\t\t<\/div>\n\t\t<\/section>\n\t\t\t\t<section class=\"elementor-section elementor-top-section elementor-element elementor-element-61455cc elementor-section-stretched elementor-section-height-min-height elementor-section-content-middle elementor-section-boxed elementor-section-height-default elementor-section-items-middle elementor-invisible\" data-id=\"61455cc\" data-element_type=\"section\" data-e-type=\"section\" data-settings=\"{&quot;stretch_section&quot;:&quot;section-stretched&quot;,&quot;background_background&quot;:&quot;classic&quot;,&quot;animation&quot;:&quot;bounce&quot;}\">\n\t\t\t\t\t\t<div class=\"elementor-container elementor-column-gap-default\">\n\t\t\t\t\t<div class=\"elementor-column elementor-col-100 elementor-top-column elementor-element elementor-element-877eb68\" data-id=\"877eb68\" data-element_type=\"column\" data-e-type=\"column\">\n\t\t\t<div class=\"elementor-widget-wrap elementor-element-populated\">\n\t\t\t\t\t\t<section class=\"elementor-section elementor-inner-section elementor-element elementor-element-0465a3c elementor-section-content-middle elementor-section-boxed elementor-section-height-default elementor-section-height-default\" data-id=\"0465a3c\" data-element_type=\"section\" data-e-type=\"section\">\n\t\t\t\t\t\t<div class=\"elementor-container elementor-column-gap-default\">\n\t\t\t\t\t<div class=\"elementor-column elementor-col-50 elementor-inner-column elementor-element elementor-element-4d056d9\" data-id=\"4d056d9\" data-element_type=\"column\" data-e-type=\"column\">\n\t\t\t<div class=\"elementor-widget-wrap elementor-element-populated\">\n\t\t\t\t\t\t<div class=\"elementor-element elementor-element-6b82ba4 elementor-widget elementor-widget-heading\" data-id=\"6b82ba4\" data-element_type=\"widget\" data-e-type=\"widget\" data-widget_type=\"heading.default\">\n\t\t\t\t<div class=\"elementor-widget-container\">\n\t\t\t\t\t<h4 class=\"elementor-heading-title elementor-size-default\">per a m\u00e9s informaci\u00f3<\/h4>\t\t\t\t<\/div>\n\t\t\t\t<\/div>\n\t\t\t\t\t<\/div>\n\t\t<\/div>\n\t\t\t\t<div class=\"elementor-column elementor-col-50 elementor-inner-column elementor-element elementor-element-2ca4da1\" data-id=\"2ca4da1\" data-element_type=\"column\" data-e-type=\"column\">\n\t\t\t<div class=\"elementor-widget-wrap elementor-element-populated\">\n\t\t\t\t\t\t<div class=\"elementor-element elementor-element-2688a4c elementor-align-center elementor-widget elementor-widget-button\" data-id=\"2688a4c\" data-element_type=\"widget\" data-e-type=\"widget\" data-widget_type=\"button.default\">\n\t\t\t\t<div class=\"elementor-widget-container\">\n\t\t\t\t\t\t\t\t\t<div class=\"elementor-button-wrapper\">\n\t\t\t\t\t<a class=\"elementor-button elementor-button-link elementor-size-sm\" href=\"https:\/\/www.mullor.com\/ca\/contacto\/\">\n\t\t\t\t\t\t<span class=\"elementor-button-content-wrapper\">\n\t\t\t\t\t\t\t\t\t<span class=\"elementor-button-text\">CONTACTA AMB NOSALTRES<\/span>\n\t\t\t\t\t<\/span>\n\t\t\t\t\t<\/a>\n\t\t\t\t<\/div>\n\t\t\t\t\t\t\t\t<\/div>\n\t\t\t\t<\/div>\n\t\t\t\t\t<\/div>\n\t\t<\/div>\n\t\t\t\t\t<\/div>\n\t\t<\/section>\n\t\t\t\t\t<\/div>\n\t\t<\/div>\n\t\t\t\t\t<\/div>\n\t\t<\/section>\n\t\t\t\t<\/div>","protected":false},"excerpt":{"rendered":"<p>Farmac\u00e9utica La experiencia y rigor de Mullor son clave en el sector Farmac\u00e9utico. Para el sector farmac\u00e9utico la solidez profesional de Mullor, la forma de trabajar protocolizada, buscando la trazabilidad de los procesos es muy importante. \u00a0 Mullor trabaja de forma coordinada con el cliente, dise\u00f1ando los protocolos de limpieza, formando sus equipos para que interioricen la importancia de su<\/p>\n<p><a class=\"more-link\" href=\"https:\/\/www.mullor.com\/ca\/sectores\/farmaceutica\/\">Read More<\/a><\/p>","protected":false},"author":1,"featured_media":0,"parent":172,"menu_order":0,"comment_status":"closed","ping_status":"closed","template":"elementor_header_footer","meta":{"footnotes":""},"class_list":["post-525","page","type-page","status-publish","hentry"],"aioseo_notices":[],"_links":{"self":[{"href":"https:\/\/www.mullor.com\/ca\/wp-json\/wp\/v2\/pages\/525","targetHints":{"allow":["GET"]}}],"collection":[{"href":"https:\/\/www.mullor.com\/ca\/wp-json\/wp\/v2\/pages"}],"about":[{"href":"https:\/\/www.mullor.com\/ca\/wp-json\/wp\/v2\/types\/page"}],"author":[{"embeddable":true,"href":"https:\/\/www.mullor.com\/ca\/wp-json\/wp\/v2\/users\/1"}],"replies":[{"embeddable":true,"href":"https:\/\/www.mullor.com\/ca\/wp-json\/wp\/v2\/comments?post=525"}],"version-history":[{"count":29,"href":"https:\/\/www.mullor.com\/ca\/wp-json\/wp\/v2\/pages\/525\/revisions"}],"predecessor-version":[{"id":3685,"href":"https:\/\/www.mullor.com\/ca\/wp-json\/wp\/v2\/pages\/525\/revisions\/3685"}],"up":[{"embeddable":true,"href":"https:\/\/www.mullor.com\/ca\/wp-json\/wp\/v2\/pages\/172"}],"wp:attachment":[{"href":"https:\/\/www.mullor.com\/ca\/wp-json\/wp\/v2\/media?parent=525"}],"curies":[{"name":"wp","href":"https:\/\/api.w.org\/{rel}","templated":true}]}}