{"id":812,"date":"2019-07-01T11:22:43","date_gmt":"2019-07-01T09:22:43","guid":{"rendered":"https:\/\/www.mullor.com\/?page_id=812"},"modified":"2022-05-12T13:42:06","modified_gmt":"2022-05-12T11:42:06","slug":"servicios-tecnicos","status":"publish","type":"page","link":"https:\/\/www.mullor.com\/ca\/servicios\/servicios-tecnicos\/","title":{"rendered":"Servicios T\u00e9cnicos"},"content":{"rendered":"<div data-elementor-type=\"wp-post\" data-elementor-id=\"812\" class=\"elementor elementor-812\">\n\t\t\t\t\t\t<section class=\"elementor-section elementor-top-section elementor-element elementor-element-1ef32d4 elementor-section-stretched elementor-section-height-min-height elementor-section-boxed elementor-section-height-default elementor-section-items-middle\" data-id=\"1ef32d4\" data-element_type=\"section\" data-e-type=\"section\" data-settings=\"{&quot;stretch_section&quot;:&quot;section-stretched&quot;,&quot;background_background&quot;:&quot;classic&quot;}\">\n\t\t\t\t\t\t<div class=\"elementor-container elementor-column-gap-default\">\n\t\t\t\t\t<div class=\"elementor-column elementor-col-100 elementor-top-column elementor-element elementor-element-18950fa\" data-id=\"18950fa\" data-element_type=\"column\" data-e-type=\"column\">\n\t\t\t<div class=\"elementor-widget-wrap elementor-element-populated\">\n\t\t\t\t\t\t<div class=\"elementor-element elementor-element-b27d9b6 elementor-invisible elementor-widget elementor-widget-heading\" data-id=\"b27d9b6\" data-element_type=\"widget\" data-e-type=\"widget\" data-settings=\"{&quot;_animation&quot;:&quot;zoomIn&quot;}\" data-widget_type=\"heading.default\">\n\t\t\t\t<div class=\"elementor-widget-container\">\n\t\t\t\t\t<h1 class=\"elementor-heading-title elementor-size-default\">SERVICIOS T\u00c9CNICOS<\/h1>\t\t\t\t<\/div>\n\t\t\t\t<\/div>\n\t\t\t\t\t<\/div>\n\t\t<\/div>\n\t\t\t\t\t<\/div>\n\t\t<\/section>\n\t\t\t\t<section class=\"elementor-section elementor-top-section elementor-element elementor-element-94eb7a1 elementor-section-stretched elementor-section-boxed elementor-section-height-default elementor-section-height-default\" data-id=\"94eb7a1\" data-element_type=\"section\" data-e-type=\"section\" data-settings=\"{&quot;stretch_section&quot;:&quot;section-stretched&quot;}\">\n\t\t\t\t\t\t<div class=\"elementor-container elementor-column-gap-default\">\n\t\t\t\t\t<div class=\"elementor-column elementor-col-50 elementor-top-column elementor-element elementor-element-bd82d96\" data-id=\"bd82d96\" data-element_type=\"column\" data-e-type=\"column\">\n\t\t\t<div class=\"elementor-widget-wrap elementor-element-populated\">\n\t\t\t\t\t\t<div class=\"elementor-element elementor-element-3ec6471 elementor-widget elementor-widget-heading\" data-id=\"3ec6471\" data-element_type=\"widget\" data-e-type=\"widget\" data-settings=\"{&quot;_animation&quot;:&quot;none&quot;}\" data-widget_type=\"heading.default\">\n\t\t\t\t<div class=\"elementor-widget-container\">\n\t\t\t\t\t<div class=\"elementor-heading-title elementor-size-default\">Li oferim:<\/div>\t\t\t\t<\/div>\n\t\t\t\t<\/div>\n\t\t\t\t<div class=\"elementor-element elementor-element-44aa498 elementor-align-start elementor-icon-list--layout-traditional elementor-list-item-link-full_width elementor-invisible elementor-widget elementor-widget-icon-list\" data-id=\"44aa498\" data-element_type=\"widget\" data-e-type=\"widget\" data-settings=\"{&quot;_animation&quot;:&quot;bounceIn&quot;}\" data-widget_type=\"icon-list.default\">\n\t\t\t\t<div class=\"elementor-widget-container\">\n\t\t\t\t\t\t\t<ul class=\"elementor-icon-list-items\">\n\t\t\t\t\t\t\t<li class=\"elementor-icon-list-item\">\n\t\t\t\t\t\t\t\t\t\t\t<span class=\"elementor-icon-list-icon\">\n\t\t\t\t\t\t\t\t\t\t\t\t\t\t\t\t<i class=\"fa fa-certificate\" aria-hidden=\"true\"><\/i>\n\t\t\t\t\t\t\t\t\t\t\t\t\t<\/span>\n\t\t\t\t\t\t\t\t\t\t<span class=\"elementor-icon-list-text\">Mantenimiento el\u00e9ctrico<\/span>\n\t\t\t\t\t\t\t\t\t<\/li>\n\t\t\t\t\t\t\t\t<li class=\"elementor-icon-list-item\">\n\t\t\t\t\t\t\t\t\t\t\t<span class=\"elementor-icon-list-icon\">\n\t\t\t\t\t\t\t\t\t\t\t\t\t\t\t\t<i class=\"fa fa-certificate\" aria-hidden=\"true\"><\/i>\n\t\t\t\t\t\t\t\t\t\t\t\t\t<\/span>\n\t\t\t\t\t\t\t\t\t\t<span class=\"elementor-icon-list-text\">Manteniment general d'edificis<\/span>\n\t\t\t\t\t\t\t\t\t<\/li>\n\t\t\t\t\t\t\t\t<li class=\"elementor-icon-list-item\">\n\t\t\t\t\t\t\t\t\t\t\t<span class=\"elementor-icon-list-icon\">\n\t\t\t\t\t\t\t\t\t\t\t\t\t\t\t\t<i class=\"fa fa-certificate\" aria-hidden=\"true\"><\/i>\n\t\t\t\t\t\t\t\t\t\t\t\t\t<\/span>\n\t\t\t\t\t\t\t\t\t\t<span class=\"elementor-icon-list-text\">Sistemes contra-incendis, alarmes i circuits de vigil\u00e0ncia<\/span>\n\t\t\t\t\t\t\t\t\t<\/li>\n\t\t\t\t\t\t\t\t<li class=\"elementor-icon-list-item\">\n\t\t\t\t\t\t\t\t\t\t\t<span class=\"elementor-icon-list-icon\">\n\t\t\t\t\t\t\t\t\t\t\t\t\t\t\t\t<i class=\"fa fa-certificate\" aria-hidden=\"true\"><\/i>\n\t\t\t\t\t\t\t\t\t\t\t\t\t<\/span>\n\t\t\t\t\t\t\t\t\t\t<span class=\"elementor-icon-list-text\">Eficiencia energ\u00e9tica<\/span>\n\t\t\t\t\t\t\t\t\t<\/li>\n\t\t\t\t\t\t\t\t<li class=\"elementor-icon-list-item\">\n\t\t\t\t\t\t\t\t\t\t\t<span class=\"elementor-icon-list-icon\">\n\t\t\t\t\t\t\t\t\t\t\t\t\t\t\t\t<i class=\"fa fa-certificate\" aria-hidden=\"true\"><\/i>\n\t\t\t\t\t\t\t\t\t\t\t\t\t<\/span>\n\t\t\t\t\t\t\t\t\t\t<span class=\"elementor-icon-list-text\">Manteniment de cobertes<\/span>\n\t\t\t\t\t\t\t\t\t<\/li>\n\t\t\t\t\t\t\t\t<li class=\"elementor-icon-list-item\">\n\t\t\t\t\t\t\t\t\t\t\t<span class=\"elementor-icon-list-icon\">\n\t\t\t\t\t\t\t\t\t\t\t\t\t\t\t\t<i class=\"fa fa-certificate\" aria-hidden=\"true\"><\/i>\n\t\t\t\t\t\t\t\t\t\t\t\t\t<\/span>\n\t\t\t\t\t\t\t\t\t\t<span class=\"elementor-icon-list-text\">Treballs verticals<\/span>\n\t\t\t\t\t\t\t\t\t<\/li>\n\t\t\t\t\t\t\t\t<li class=\"elementor-icon-list-item\">\n\t\t\t\t\t\t\t\t\t\t\t<span class=\"elementor-icon-list-icon\">\n\t\t\t\t\t\t\t\t\t\t\t\t\t\t\t\t<i class=\"fa fa-certificate\" aria-hidden=\"true\"><\/i>\n\t\t\t\t\t\t\t\t\t\t\t\t\t<\/span>\n\t\t\t\t\t\t\t\t\t\t<span class=\"elementor-icon-list-text\">Instalaci\u00f3n de l\u00edneas de vida<\/span>\n\t\t\t\t\t\t\t\t\t<\/li>\n\t\t\t\t\t\t\t\t<li class=\"elementor-icon-list-item\">\n\t\t\t\t\t\t\t\t\t\t\t<span class=\"elementor-icon-list-icon\">\n\t\t\t\t\t\t\t\t\t\t\t\t\t\t\t\t<i class=\"fa fa-certificate\" aria-hidden=\"true\"><\/i>\n\t\t\t\t\t\t\t\t\t\t\t\t\t<\/span>\n\t\t\t\t\t\t\t\t\t\t<span class=\"elementor-icon-list-text\">Jardiner\u00eda<\/span>\n\t\t\t\t\t\t\t\t\t<\/li>\n\t\t\t\t\t\t<\/ul>\n\t\t\t\t\t\t<\/div>\n\t\t\t\t<\/div>\n\t\t\t\t<div class=\"elementor-element elementor-element-6e6e262 elementor-widget elementor-widget-text-editor\" data-id=\"6e6e262\" data-element_type=\"widget\" data-e-type=\"widget\" data-settings=\"{&quot;_animation&quot;:&quot;none&quot;}\" data-widget_type=\"text-editor.default\">\n\t\t\t\t<div class=\"elementor-widget-container\">\n\t\t\t\t\t\t\t\t\t<h3>Gestionamos servicios de mantenimiento propios, o bien simplificamos la gesti\u00f3n de los mismos.<\/h3>\t\t\t\t\t\t\t\t<\/div>\n\t\t\t\t<\/div>\n\t\t\t\t<div class=\"elementor-element elementor-element-2b57ae7 elementor-widget elementor-widget-text-editor\" data-id=\"2b57ae7\" data-element_type=\"widget\" data-e-type=\"widget\" data-settings=\"{&quot;_animation&quot;:&quot;none&quot;}\" data-widget_type=\"text-editor.default\">\n\t\t\t\t<div class=\"elementor-widget-container\">\n\t\t\t\t\t\t\t\t\t<p>Esta es una actividad en la que nuestros clientes trabajan tanto con personal propio como con una creciente externalizaci\u00f3n.<\/p><p>\u00a0<\/p><p>La divisi\u00f3n de servicios t\u00e9cnicos dispone de profesionales de mantenimiento de edificios e instalaciones industriales que trabajan en casa de nuestros clientes en el d\u00eda a d\u00eda.<\/p><p>\u00a0<\/p><p>Trabajamos para todo tipo de clientes y sectores, y esto nos hace entender todas las necesidades y din\u00e1micas de servicio exigidas.<\/p><p>\u00a0<\/p><p><strong>Disponemos de equipos t\u00e9cnicos especializados<\/strong> para intervenir en actividades de mantenimiento correctivo o ejecuci\u00f3n de intervenciones excepcionales tales como:<\/p>\t\t\t\t\t\t\t\t<\/div>\n\t\t\t\t<\/div>\n\t\t\t\t<div class=\"elementor-element elementor-element-be6d741 elementor-align-start elementor-icon-list--layout-traditional elementor-list-item-link-full_width elementor-invisible elementor-widget elementor-widget-icon-list\" data-id=\"be6d741\" data-element_type=\"widget\" data-e-type=\"widget\" data-settings=\"{&quot;_animation&quot;:&quot;bounceIn&quot;}\" data-widget_type=\"icon-list.default\">\n\t\t\t\t<div class=\"elementor-widget-container\">\n\t\t\t\t\t\t\t<ul class=\"elementor-icon-list-items\">\n\t\t\t\t\t\t\t<li class=\"elementor-icon-list-item\">\n\t\t\t\t\t\t\t\t\t\t\t<span class=\"elementor-icon-list-icon\">\n\t\t\t\t\t\t\t\t\t\t\t\t\t\t\t\t<i class=\"fa fa-play\" aria-hidden=\"true\"><\/i>\n\t\t\t\t\t\t\t\t\t\t\t\t\t<\/span>\n\t\t\t\t\t\t\t\t\t\t<span class=\"elementor-icon-list-text\">Instalaci\u00f3n de anclajes y l\u00edneas de vida<\/span>\n\t\t\t\t\t\t\t\t\t<\/li>\n\t\t\t\t\t\t\t\t<li class=\"elementor-icon-list-item\">\n\t\t\t\t\t\t\t\t\t\t\t<span class=\"elementor-icon-list-icon\">\n\t\t\t\t\t\t\t\t\t\t\t\t\t\t\t\t<i class=\"fa fa-play\" aria-hidden=\"true\"><\/i>\n\t\t\t\t\t\t\t\t\t\t\t\t\t<\/span>\n\t\t\t\t\t\t\t\t\t\t<span class=\"elementor-icon-list-text\">Reparaci\u00f3n de cubiertas<\/span>\n\t\t\t\t\t\t\t\t\t<\/li>\n\t\t\t\t\t\t\t\t<li class=\"elementor-icon-list-item\">\n\t\t\t\t\t\t\t\t\t\t\t<span class=\"elementor-icon-list-icon\">\n\t\t\t\t\t\t\t\t\t\t\t\t\t\t\t\t<i class=\"fa fa-play\" aria-hidden=\"true\"><\/i>\n\t\t\t\t\t\t\t\t\t\t\t\t\t<\/span>\n\t\t\t\t\t\t\t\t\t\t<span class=\"elementor-icon-list-text\">Instalaci\u00f3n de sistemas contra-incendio y alarmas<\/span>\n\t\t\t\t\t\t\t\t\t<\/li>\n\t\t\t\t\t\t\t\t<li class=\"elementor-icon-list-item\">\n\t\t\t\t\t\t\t\t\t\t\t<span class=\"elementor-icon-list-icon\">\n\t\t\t\t\t\t\t\t\t\t\t\t\t\t\t\t<i class=\"fa fa-play\" aria-hidden=\"true\"><\/i>\n\t\t\t\t\t\t\t\t\t\t\t\t\t<\/span>\n\t\t\t\t\t\t\t\t\t\t<span class=\"elementor-icon-list-text\">Instalaci\u00f3n de circuitos de vigilancia<\/span>\n\t\t\t\t\t\t\t\t\t<\/li>\n\t\t\t\t\t\t\t\t<li class=\"elementor-icon-list-item\">\n\t\t\t\t\t\t\t\t\t\t\t<span class=\"elementor-icon-list-icon\">\n\t\t\t\t\t\t\t\t\t\t\t\t\t\t\t\t<i class=\"fa fa-play\" aria-hidden=\"true\"><\/i>\n\t\t\t\t\t\t\t\t\t\t\t\t\t<\/span>\n\t\t\t\t\t\t\t\t\t\t<span class=\"elementor-icon-list-text\">Proyectos de eficiencia energ\u00e9tica<\/span>\n\t\t\t\t\t\t\t\t\t<\/li>\n\t\t\t\t\t\t\t\t<li class=\"elementor-icon-list-item\">\n\t\t\t\t\t\t\t\t\t\t\t<span class=\"elementor-icon-list-icon\">\n\t\t\t\t\t\t\t\t\t\t\t\t\t\t\t\t<i class=\"fa fa-play\" aria-hidden=\"true\"><\/i>\n\t\t\t\t\t\t\t\t\t\t\t\t\t<\/span>\n\t\t\t\t\t\t\t\t\t\t<span class=\"elementor-icon-list-text\">Tot tipus de manteniment correctiu: electricitat, clima, aigua, etc.<\/span>\n\t\t\t\t\t\t\t\t\t<\/li>\n\t\t\t\t\t\t<\/ul>\n\t\t\t\t\t\t<\/div>\n\t\t\t\t<\/div>\n\t\t\t\t\t<\/div>\n\t\t<\/div>\n\t\t\t\t<div class=\"elementor-column elementor-col-50 elementor-top-column elementor-element elementor-element-641fbae\" data-id=\"641fbae\" data-element_type=\"column\" data-e-type=\"column\">\n\t\t\t<div class=\"elementor-widget-wrap elementor-element-populated\">\n\t\t\t\t\t\t<div class=\"elementor-element elementor-element-9bd9d81 gallery-spacing-custom elementor-invisible elementor-widget elementor-widget-image-gallery\" data-id=\"9bd9d81\" data-element_type=\"widget\" data-e-type=\"widget\" data-settings=\"{&quot;_animation&quot;:&quot;fadeIn&quot;}\" data-widget_type=\"image-gallery.default\">\n\t\t\t\t<div class=\"elementor-widget-container\">\n\t\t\t\t\t\t\t<div class=\"elementor-image-gallery\">\n\t\t\t\n\t\t<style type=\"text\/css\">\n\t\t\t#gallery-1 {\n\t\t\t\tmargin: auto;\n\t\t\t}\n\t\t\t#gallery-1 .gallery-item {\n\t\t\t\tfloat: left;\n\t\t\t\tmargin-top: 10px;\n\t\t\t\ttext-align: center;\n\t\t\t\twidth: 50%;\n\t\t\t}\n\t\t\t#gallery-1 img {\n\t\t\t\tborder: 2px solid #cfcfcf;\n\t\t\t}\n\t\t\t#gallery-1 .gallery-caption {\n\t\t\t\tmargin-left: 0;\n\t\t\t}\n\t\t\t\/* see gallery_shortcode() in wp-includes\/media.php *\/\n\t\t<\/style>\n\t\t<div id='gallery-1' class='gallery galleryid-812 gallery-columns-2 gallery-size-full'><dl class='gallery-item'>\n\t\t\t<dt class='gallery-icon landscape'>\n\t\t\t\t<a data-elementor-open-lightbox=\"yes\" data-elementor-lightbox-slideshow=\"9bd9d81\" data-elementor-lightbox-title=\"Servicios-tecnicos-mullor-3\" data-e-action-hash=\"#elementor-action%3Aaction%3Dlightbox%26settings%3DeyJpZCI6ODI1LCJ1cmwiOiJodHRwczpcL1wvd3d3Lm11bGxvci5jb21cL3dwLWNvbnRlbnRcL3VwbG9hZHNcLzIwMTlcLzA3XC9TZXJ2aWNpb3MtdGVjbmljb3MtbXVsbG9yLTMuanBnIiwic2xpZGVzaG93IjoiOWJkOWQ4MSJ9\" href='https:\/\/www.mullor.com\/wp-content\/uploads\/2019\/07\/Servicios-tecnicos-mullor-3.jpg'><img fetchpriority=\"high\" decoding=\"async\" width=\"800\" height=\"600\" src=\"https:\/\/www.mullor.com\/wp-content\/uploads\/2019\/07\/Servicios-tecnicos-mullor-3.jpg\" class=\"attachment-full size-full\" alt=\"personal de Mullor en mantenimiento de instalaciones en un techo\" srcset=\"https:\/\/www.mullor.com\/wp-content\/uploads\/2019\/07\/Servicios-tecnicos-mullor-3.jpg 800w, https:\/\/www.mullor.com\/wp-content\/uploads\/2019\/07\/Servicios-tecnicos-mullor-3-300x225.jpg 300w, https:\/\/www.mullor.com\/wp-content\/uploads\/2019\/07\/Servicios-tecnicos-mullor-3-768x576.jpg 768w, https:\/\/www.mullor.com\/wp-content\/uploads\/2019\/07\/Servicios-tecnicos-mullor-3-400x300.jpg 400w\" sizes=\"(max-width: 800px) 100vw, 800px\" \/><\/a>\n\t\t\t<\/dt><\/dl><dl class='gallery-item'>\n\t\t\t<dt class='gallery-icon landscape'>\n\t\t\t\t<a data-elementor-open-lightbox=\"yes\" data-elementor-lightbox-slideshow=\"9bd9d81\" data-elementor-lightbox-title=\"Servicios-tecnicos-mullor-4\" data-e-action-hash=\"#elementor-action%3Aaction%3Dlightbox%26settings%3DeyJpZCI6ODIyLCJ1cmwiOiJodHRwczpcL1wvd3d3Lm11bGxvci5jb21cL3dwLWNvbnRlbnRcL3VwbG9hZHNcLzIwMTlcLzA3XC9TZXJ2aWNpb3MtdGVjbmljb3MtbXVsbG9yLTQuanBnIiwic2xpZGVzaG93IjoiOWJkOWQ4MSJ9\" href='https:\/\/www.mullor.com\/wp-content\/uploads\/2019\/07\/Servicios-tecnicos-mullor-4.jpg'><img decoding=\"async\" width=\"800\" height=\"600\" src=\"https:\/\/www.mullor.com\/wp-content\/uploads\/2019\/07\/Servicios-tecnicos-mullor-4.jpg\" class=\"attachment-full size-full\" alt=\"personal de Mullor en mantenimiento t\u00e9cnico de fachadas\" srcset=\"https:\/\/www.mullor.com\/wp-content\/uploads\/2019\/07\/Servicios-tecnicos-mullor-4.jpg 800w, https:\/\/www.mullor.com\/wp-content\/uploads\/2019\/07\/Servicios-tecnicos-mullor-4-300x225.jpg 300w, https:\/\/www.mullor.com\/wp-content\/uploads\/2019\/07\/Servicios-tecnicos-mullor-4-768x576.jpg 768w, https:\/\/www.mullor.com\/wp-content\/uploads\/2019\/07\/Servicios-tecnicos-mullor-4-400x300.jpg 400w\" sizes=\"(max-width: 800px) 100vw, 800px\" \/><\/a>\n\t\t\t<\/dt><\/dl><br style=\"clear: both\" \/><dl class='gallery-item'>\n\t\t\t<dt class='gallery-icon landscape'>\n\t\t\t\t<a data-elementor-open-lightbox=\"yes\" data-elementor-lightbox-slideshow=\"9bd9d81\" data-elementor-lightbox-title=\"Servicios-tecnicos-mullor-5\" data-e-action-hash=\"#elementor-action%3Aaction%3Dlightbox%26settings%3DeyJpZCI6ODIxLCJ1cmwiOiJodHRwczpcL1wvd3d3Lm11bGxvci5jb21cL3dwLWNvbnRlbnRcL3VwbG9hZHNcLzIwMTlcLzA3XC9TZXJ2aWNpb3MtdGVjbmljb3MtbXVsbG9yLTUuanBnIiwic2xpZGVzaG93IjoiOWJkOWQ4MSJ9\" href='https:\/\/www.mullor.com\/wp-content\/uploads\/2019\/07\/Servicios-tecnicos-mullor-5.jpg'><img decoding=\"async\" width=\"800\" height=\"600\" src=\"https:\/\/www.mullor.com\/wp-content\/uploads\/2019\/07\/Servicios-tecnicos-mullor-5.jpg\" class=\"attachment-full size-full\" alt=\"Servicios-tecnicos-mullor-6\" srcset=\"https:\/\/www.mullor.com\/wp-content\/uploads\/2019\/07\/Servicios-tecnicos-mullor-5.jpg 800w, https:\/\/www.mullor.com\/wp-content\/uploads\/2019\/07\/Servicios-tecnicos-mullor-5-300x225.jpg 300w, https:\/\/www.mullor.com\/wp-content\/uploads\/2019\/07\/Servicios-tecnicos-mullor-5-768x576.jpg 768w, https:\/\/www.mullor.com\/wp-content\/uploads\/2019\/07\/Servicios-tecnicos-mullor-5-400x300.jpg 400w\" sizes=\"(max-width: 800px) 100vw, 800px\" \/><\/a>\n\t\t\t<\/dt><\/dl><dl class='gallery-item'>\n\t\t\t<dt class='gallery-icon landscape'>\n\t\t\t\t<a data-elementor-open-lightbox=\"yes\" data-elementor-lightbox-slideshow=\"9bd9d81\" data-elementor-lightbox-title=\"Servicios-tecnicos-mullor-2\" data-e-action-hash=\"#elementor-action%3Aaction%3Dlightbox%26settings%3DeyJpZCI6ODI0LCJ1cmwiOiJodHRwczpcL1wvd3d3Lm11bGxvci5jb21cL3dwLWNvbnRlbnRcL3VwbG9hZHNcLzIwMTlcLzA3XC9TZXJ2aWNpb3MtdGVjbmljb3MtbXVsbG9yLTIuanBnIiwic2xpZGVzaG93IjoiOWJkOWQ4MSJ9\" href='https:\/\/www.mullor.com\/wp-content\/uploads\/2019\/07\/Servicios-tecnicos-mullor-2.jpg'><img loading=\"lazy\" decoding=\"async\" width=\"800\" height=\"600\" src=\"https:\/\/www.mullor.com\/wp-content\/uploads\/2019\/07\/Servicios-tecnicos-mullor-2.jpg\" class=\"attachment-full size-full\" alt=\"personal de Mullor en mantenimiento t\u00e9cnico\" srcset=\"https:\/\/www.mullor.com\/wp-content\/uploads\/2019\/07\/Servicios-tecnicos-mullor-2.jpg 800w, https:\/\/www.mullor.com\/wp-content\/uploads\/2019\/07\/Servicios-tecnicos-mullor-2-300x225.jpg 300w, https:\/\/www.mullor.com\/wp-content\/uploads\/2019\/07\/Servicios-tecnicos-mullor-2-768x576.jpg 768w, https:\/\/www.mullor.com\/wp-content\/uploads\/2019\/07\/Servicios-tecnicos-mullor-2-400x300.jpg 400w\" sizes=\"(max-width: 800px) 100vw, 800px\" \/><\/a>\n\t\t\t<\/dt><\/dl><br style=\"clear: both\" \/><dl class='gallery-item'>\n\t\t\t<dt class='gallery-icon landscape'>\n\t\t\t\t<a data-elementor-open-lightbox=\"yes\" data-elementor-lightbox-slideshow=\"9bd9d81\" data-elementor-lightbox-title=\"servicios-tecnicos-elevador-mullor\" data-e-action-hash=\"#elementor-action%3Aaction%3Dlightbox%26settings%3DeyJpZCI6MTU5MSwidXJsIjoiaHR0cHM6XC9cL3d3dy5tdWxsb3IuY29tXC93cC1jb250ZW50XC91cGxvYWRzXC8yMDE5XC8xMFwvc2VydmljaW9zLXRlY25pY29zLWVsZXZhZG9yLW11bGxvci5qcGciLCJzbGlkZXNob3ciOiI5YmQ5ZDgxIn0%3D\" href='https:\/\/www.mullor.com\/wp-content\/uploads\/2019\/10\/servicios-tecnicos-elevador-mullor.jpg'><img loading=\"lazy\" decoding=\"async\" width=\"800\" height=\"600\" src=\"https:\/\/www.mullor.com\/wp-content\/uploads\/2019\/10\/servicios-tecnicos-elevador-mullor.jpg\" class=\"attachment-full size-full\" alt=\"personal t\u00e9cnico de Mullor realizando limpieza en edificios con un elevador\" srcset=\"https:\/\/www.mullor.com\/wp-content\/uploads\/2019\/10\/servicios-tecnicos-elevador-mullor.jpg 800w, https:\/\/www.mullor.com\/wp-content\/uploads\/2019\/10\/servicios-tecnicos-elevador-mullor-300x225.jpg 300w, https:\/\/www.mullor.com\/wp-content\/uploads\/2019\/10\/servicios-tecnicos-elevador-mullor-768x576.jpg 768w, https:\/\/www.mullor.com\/wp-content\/uploads\/2019\/10\/servicios-tecnicos-elevador-mullor-400x300.jpg 400w\" sizes=\"(max-width: 800px) 100vw, 800px\" \/><\/a>\n\t\t\t<\/dt><\/dl><dl class='gallery-item'>\n\t\t\t<dt class='gallery-icon landscape'>\n\t\t\t\t<a data-elementor-open-lightbox=\"yes\" data-elementor-lightbox-slideshow=\"9bd9d81\" data-elementor-lightbox-title=\"servicios-tecnicos-limpieza-de-altura-mullor\" data-e-action-hash=\"#elementor-action%3Aaction%3Dlightbox%26settings%3DeyJpZCI6MTU5MiwidXJsIjoiaHR0cHM6XC9cL3d3dy5tdWxsb3IuY29tXC93cC1jb250ZW50XC91cGxvYWRzXC8yMDE5XC8xMFwvc2VydmljaW9zLXRlY25pY29zLWxpbXBpZXphLWRlLWFsdHVyYS1tdWxsb3IuanBnIiwic2xpZGVzaG93IjoiOWJkOWQ4MSJ9\" href='https:\/\/www.mullor.com\/wp-content\/uploads\/2019\/10\/servicios-tecnicos-limpieza-de-altura-mullor.jpg'><img loading=\"lazy\" decoding=\"async\" width=\"800\" height=\"600\" src=\"https:\/\/www.mullor.com\/wp-content\/uploads\/2019\/10\/servicios-tecnicos-limpieza-de-altura-mullor.jpg\" class=\"attachment-full size-full\" alt=\"personal t\u00e9cnico de Mullor realizando limpieza en edificios\" srcset=\"https:\/\/www.mullor.com\/wp-content\/uploads\/2019\/10\/servicios-tecnicos-limpieza-de-altura-mullor.jpg 800w, https:\/\/www.mullor.com\/wp-content\/uploads\/2019\/10\/servicios-tecnicos-limpieza-de-altura-mullor-300x225.jpg 300w, https:\/\/www.mullor.com\/wp-content\/uploads\/2019\/10\/servicios-tecnicos-limpieza-de-altura-mullor-768x576.jpg 768w, https:\/\/www.mullor.com\/wp-content\/uploads\/2019\/10\/servicios-tecnicos-limpieza-de-altura-mullor-400x300.jpg 400w\" sizes=\"(max-width: 800px) 100vw, 800px\" \/><\/a>\n\t\t\t<\/dt><\/dl><br style=\"clear: both\" \/>\n\t\t<\/div>\n\t\t<\/div>\n\t\t\t\t\t\t<\/div>\n\t\t\t\t<\/div>\n\t\t\t\t<div class=\"elementor-element elementor-element-9014911 elementor-widget elementor-widget-text-editor\" data-id=\"9014911\" data-element_type=\"widget\" data-e-type=\"widget\" data-settings=\"{&quot;_animation&quot;:&quot;none&quot;}\" data-widget_type=\"text-editor.default\">\n\t\t\t\t<div class=\"elementor-widget-container\">\n\t\t\t\t\t\t\t\t\t<p>Tenemos brigadas de jardiner\u00eda que realizan trabajos permanentes en casas particulares, y tambi\u00e9n mantenimientos peri\u00f3dicos de jardines, interiores o exteriores, y piscinas.<\/p><p>\u00a0<\/p><p>Los servicios tienen grados de respuesta y dimensionamiento (SLA\u2019s) pactados, para dar el nivel de respuesta contratado.<br \/>Nuestros servicios t\u00e9cnicos trabajan intensamente en el \u00e1mbito metropolitano de Barcelona y Madrid.<\/p><p>\u00a0<\/p><p>Els projectes de <strong>facility services<\/strong> son proyectos integrales de mantenimiento donde un responsable de proyecto de servicio es quien planifica y coordina los diferentes equipos de trabajo t\u00e9cnico. La coordinaci\u00f3n y la eficiencia operativa son la base de nuestros proyectos de servicios t\u00e9cnicos.<\/p>\t\t\t\t\t\t\t\t<\/div>\n\t\t\t\t<\/div>\n\t\t\t\t\t<\/div>\n\t\t<\/div>\n\t\t\t\t\t<\/div>\n\t\t<\/section>\n\t\t\t\t<section class=\"elementor-section elementor-top-section elementor-element elementor-element-701041e elementor-section-stretched elementor-section-height-min-height elementor-section-content-middle elementor-section-boxed elementor-section-height-default elementor-section-items-middle elementor-invisible\" data-id=\"701041e\" data-element_type=\"section\" data-e-type=\"section\" data-settings=\"{&quot;stretch_section&quot;:&quot;section-stretched&quot;,&quot;background_background&quot;:&quot;classic&quot;,&quot;animation&quot;:&quot;bounce&quot;}\">\n\t\t\t\t\t\t<div class=\"elementor-container elementor-column-gap-default\">\n\t\t\t\t\t<div class=\"elementor-column elementor-col-100 elementor-top-column elementor-element elementor-element-5af33ad\" data-id=\"5af33ad\" data-element_type=\"column\" data-e-type=\"column\">\n\t\t\t<div class=\"elementor-widget-wrap elementor-element-populated\">\n\t\t\t\t\t\t<section class=\"elementor-section elementor-inner-section elementor-element elementor-element-0b94ca4 elementor-section-content-middle elementor-section-boxed elementor-section-height-default elementor-section-height-default\" data-id=\"0b94ca4\" data-element_type=\"section\" data-e-type=\"section\">\n\t\t\t\t\t\t<div class=\"elementor-container elementor-column-gap-default\">\n\t\t\t\t\t<div class=\"elementor-column elementor-col-50 elementor-inner-column elementor-element elementor-element-f10eb34\" data-id=\"f10eb34\" data-element_type=\"column\" data-e-type=\"column\">\n\t\t\t<div class=\"elementor-widget-wrap elementor-element-populated\">\n\t\t\t\t\t\t<div class=\"elementor-element elementor-element-232481b elementor-widget elementor-widget-heading\" data-id=\"232481b\" data-element_type=\"widget\" data-e-type=\"widget\" data-widget_type=\"heading.default\">\n\t\t\t\t<div class=\"elementor-widget-container\">\n\t\t\t\t\t<h4 class=\"elementor-heading-title elementor-size-default\">para mayor informaci\u00f3n<\/h4>\t\t\t\t<\/div>\n\t\t\t\t<\/div>\n\t\t\t\t\t<\/div>\n\t\t<\/div>\n\t\t\t\t<div class=\"elementor-column elementor-col-50 elementor-inner-column elementor-element elementor-element-a5cd1ee\" data-id=\"a5cd1ee\" data-element_type=\"column\" data-e-type=\"column\">\n\t\t\t<div class=\"elementor-widget-wrap elementor-element-populated\">\n\t\t\t\t\t\t<div class=\"elementor-element elementor-element-2d98ff5 elementor-align-center elementor-widget elementor-widget-button\" data-id=\"2d98ff5\" data-element_type=\"widget\" data-e-type=\"widget\" data-widget_type=\"button.default\">\n\t\t\t\t<div class=\"elementor-widget-container\">\n\t\t\t\t\t\t\t\t\t<div class=\"elementor-button-wrapper\">\n\t\t\t\t\t<a class=\"elementor-button elementor-button-link elementor-size-sm\" href=\"https:\/\/www.mullor.com\/ca\/contacto\/\">\n\t\t\t\t\t\t<span class=\"elementor-button-content-wrapper\">\n\t\t\t\t\t\t\t\t\t<span class=\"elementor-button-text\">CONTACTA AMB NOSALTRES<\/span>\n\t\t\t\t\t<\/span>\n\t\t\t\t\t<\/a>\n\t\t\t\t<\/div>\n\t\t\t\t\t\t\t\t<\/div>\n\t\t\t\t<\/div>\n\t\t\t\t\t<\/div>\n\t\t<\/div>\n\t\t\t\t\t<\/div>\n\t\t<\/section>\n\t\t\t\t\t<\/div>\n\t\t<\/div>\n\t\t\t\t\t<\/div>\n\t\t<\/section>\n\t\t\t\t<\/div>","protected":false},"excerpt":{"rendered":"<p>SERVICIOS T\u00c9CNICOS Le ofrecemos: Mantenimiento el\u00e9ctrico Mantenimiento general de edificios Sistemas contra-incendio, alarmas y circuitos de vigilancia Eficiencia energ\u00e9tica Mantenimiento de cubiertas Trabajos verticales Instalaci\u00f3n de l\u00edneas de vida Jardiner\u00eda Gestionamos servicios de mantenimiento propios, o bien simplificamos la gesti\u00f3n de los mismos. Esta es una actividad en la que nuestros clientes trabajan tanto con personal propio como con una<\/p>\n<p><a class=\"more-link\" href=\"https:\/\/www.mullor.com\/ca\/servicios\/servicios-tecnicos\/\">Read More<\/a><\/p>","protected":false},"author":1,"featured_media":0,"parent":116,"menu_order":0,"comment_status":"closed","ping_status":"closed","template":"elementor_header_footer","meta":{"footnotes":""},"class_list":["post-812","page","type-page","status-publish","hentry"],"aioseo_notices":[],"_links":{"self":[{"href":"https:\/\/www.mullor.com\/ca\/wp-json\/wp\/v2\/pages\/812","targetHints":{"allow":["GET"]}}],"collection":[{"href":"https:\/\/www.mullor.com\/ca\/wp-json\/wp\/v2\/pages"}],"about":[{"href":"https:\/\/www.mullor.com\/ca\/wp-json\/wp\/v2\/types\/page"}],"author":[{"embeddable":true,"href":"https:\/\/www.mullor.com\/ca\/wp-json\/wp\/v2\/users\/1"}],"replies":[{"embeddable":true,"href":"https:\/\/www.mullor.com\/ca\/wp-json\/wp\/v2\/comments?post=812"}],"version-history":[{"count":22,"href":"https:\/\/www.mullor.com\/ca\/wp-json\/wp\/v2\/pages\/812\/revisions"}],"predecessor-version":[{"id":3581,"href":"https:\/\/www.mullor.com\/ca\/wp-json\/wp\/v2\/pages\/812\/revisions\/3581"}],"up":[{"embeddable":true,"href":"https:\/\/www.mullor.com\/ca\/wp-json\/wp\/v2\/pages\/116"}],"wp:attachment":[{"href":"https:\/\/www.mullor.com\/ca\/wp-json\/wp\/v2\/media?parent=812"}],"curies":[{"name":"wp","href":"https:\/\/api.w.org\/{rel}","templated":true}]}}