{"id":116,"date":"2019-06-20T08:30:23","date_gmt":"2019-06-20T06:30:23","guid":{"rendered":"https:\/\/www.mullor.com\/?page_id=116"},"modified":"2022-07-27T20:53:30","modified_gmt":"2022-07-27T18:53:30","slug":"servicios","status":"publish","type":"page","link":"https:\/\/www.mullor.com\/en\/servicios\/","title":{"rendered":"Services"},"content":{"rendered":"<div data-elementor-type=\"wp-post\" data-elementor-id=\"116\" class=\"elementor elementor-116\">\n\t\t\t\t\t\t<section class=\"elementor-section elementor-top-section elementor-element elementor-element-155b2668 elementor-section-stretched elementor-section-height-min-height elementor-section-boxed elementor-section-height-default elementor-section-items-middle\" data-id=\"155b2668\" data-element_type=\"section\" data-e-type=\"section\" data-settings=\"{&quot;stretch_section&quot;:&quot;section-stretched&quot;,&quot;background_background&quot;:&quot;classic&quot;}\">\n\t\t\t\t\t\t<div class=\"elementor-container elementor-column-gap-default\">\n\t\t\t\t\t<div class=\"elementor-column elementor-col-100 elementor-top-column elementor-element elementor-element-6a2baf42\" data-id=\"6a2baf42\" data-element_type=\"column\" data-e-type=\"column\">\n\t\t\t<div class=\"elementor-widget-wrap elementor-element-populated\">\n\t\t\t\t\t\t<div class=\"elementor-element elementor-element-62e4688 elementor-invisible elementor-widget elementor-widget-heading\" data-id=\"62e4688\" data-element_type=\"widget\" data-e-type=\"widget\" data-settings=\"{&quot;_animation&quot;:&quot;zoomIn&quot;}\" data-widget_type=\"heading.default\">\n\t\t\t\t<div class=\"elementor-widget-container\">\n\t\t\t\t\t<h1 class=\"elementor-heading-title elementor-size-default\">SERVICES<\/h1>\t\t\t\t<\/div>\n\t\t\t\t<\/div>\n\t\t\t\t\t<\/div>\n\t\t<\/div>\n\t\t\t\t\t<\/div>\n\t\t<\/section>\n\t\t\t\t<section class=\"elementor-section elementor-top-section elementor-element elementor-element-6a5e4e1 elementor-section-stretched elementor-section-boxed elementor-section-height-default elementor-section-height-default\" data-id=\"6a5e4e1\" data-element_type=\"section\" data-e-type=\"section\" data-settings=\"{&quot;stretch_section&quot;:&quot;section-stretched&quot;}\">\n\t\t\t\t\t\t<div class=\"elementor-container elementor-column-gap-default\">\n\t\t\t\t\t<div class=\"elementor-column elementor-col-100 elementor-top-column elementor-element elementor-element-a480732\" data-id=\"a480732\" data-element_type=\"column\" data-e-type=\"column\">\n\t\t\t<div class=\"elementor-widget-wrap elementor-element-populated\">\n\t\t\t\t\t\t<div class=\"elementor-element elementor-element-c0c0ac1 elementor-widget elementor-widget-text-editor\" data-id=\"c0c0ac1\" data-element_type=\"widget\" data-e-type=\"widget\" data-widget_type=\"text-editor.default\">\n\t\t\t\t<div class=\"elementor-widget-container\">\n\t\t\t\t\t\t\t\t\t<p>Mullor offers its clients a great variety of professional services focused on the needs of companies and industries from a wide array of productive sectors.<\/p><p>Los casi 80 a\u00f1os de experiencia de Mullor como empresa especializada en planificar y gestionar servicios prestados por personal propio, nos han permitido incorporar una amplia experiencia de gesti\u00f3n de equipos humanos, especialistas t\u00e9cnicamente y orientados a servir diligentemente a nuestros clientes.<\/p><p>Estos son algunos de los servicios principales m\u00e1s habituales. No dude en preguntarnos por m\u00e1s servicios especializados, cubrimos una gran especializaci\u00f3n sectorial y funcional.<\/p>\t\t\t\t\t\t\t\t<\/div>\n\t\t\t\t<\/div>\n\t\t\t\t\t<\/div>\n\t\t<\/div>\n\t\t\t\t\t<\/div>\n\t\t<\/section>\n\t\t\t\t<section class=\"elementor-section elementor-top-section elementor-element elementor-element-2045bb5d elementor-section-stretched elementor-section-boxed elementor-section-height-default elementor-section-height-default\" data-id=\"2045bb5d\" data-element_type=\"section\" data-e-type=\"section\" data-settings=\"{&quot;stretch_section&quot;:&quot;section-stretched&quot;}\">\n\t\t\t\t\t\t<div class=\"elementor-container elementor-column-gap-default\">\n\t\t\t\t\t<div class=\"elementor-column elementor-col-33 elementor-top-column elementor-element elementor-element-3ab5594d\" data-id=\"3ab5594d\" data-element_type=\"column\" data-e-type=\"column\">\n\t\t\t<div class=\"elementor-widget-wrap elementor-element-populated\">\n\t\t\t\t\t\t<div class=\"elementor-element elementor-element-5ab2dc6b project-col-3 project-col elementor-widget elementor-widget-image\" data-id=\"5ab2dc6b\" data-element_type=\"widget\" data-e-type=\"widget\" data-settings=\"{&quot;_animation&quot;:&quot;none&quot;}\" data-widget_type=\"image.default\">\n\t\t\t\t<div class=\"elementor-widget-container\">\n\t\t\t\t\t\t\t\t\t\t\t\t<figure class=\"wp-caption\">\n\t\t\t\t\t\t\t\t\t\t\t<a href=\"https:\/\/www.mullor.com\/en\/servicios\/higiene-tecnica\/\">\n\t\t\t\t\t\t\t<img fetchpriority=\"high\" decoding=\"async\" width=\"800\" height=\"600\" src=\"https:\/\/www.mullor.com\/wp-content\/uploads\/2022\/06\/desinfeccion-despachos-y-oficinas.jpg\" class=\"elementor-animation-hang attachment-large size-large wp-image-3825\" alt=\"desinfecci\u00f3n despachos y oficinas\" srcset=\"https:\/\/www.mullor.com\/wp-content\/uploads\/2022\/06\/desinfeccion-despachos-y-oficinas.jpg 800w, https:\/\/www.mullor.com\/wp-content\/uploads\/2022\/06\/desinfeccion-despachos-y-oficinas-300x225.jpg 300w, https:\/\/www.mullor.com\/wp-content\/uploads\/2022\/06\/desinfeccion-despachos-y-oficinas-768x576.jpg 768w, https:\/\/www.mullor.com\/wp-content\/uploads\/2022\/06\/desinfeccion-despachos-y-oficinas-16x12.jpg 16w, https:\/\/www.mullor.com\/wp-content\/uploads\/2022\/06\/desinfeccion-despachos-y-oficinas-400x300.jpg 400w\" sizes=\"(max-width: 800px) 100vw, 800px\" \/>\t\t\t\t\t\t\t\t<\/a>\n\t\t\t\t\t\t\t\t\t\t\t<figcaption class=\"widget-image-caption wp-caption-text\">Higiene T\u00e9cnica<\/figcaption>\n\t\t\t\t\t\t\t\t\t\t<\/figure>\n\t\t\t\t\t\t\t\t\t<\/div>\n\t\t\t\t<\/div>\n\t\t\t\t\t<\/div>\n\t\t<\/div>\n\t\t\t\t<div class=\"elementor-column elementor-col-33 elementor-top-column elementor-element elementor-element-497e203\" data-id=\"497e203\" data-element_type=\"column\" data-e-type=\"column\">\n\t\t\t<div class=\"elementor-widget-wrap elementor-element-populated\">\n\t\t\t\t\t\t<div class=\"elementor-element elementor-element-e0259e3 project-col-3 project-col elementor-widget elementor-widget-image\" data-id=\"e0259e3\" data-element_type=\"widget\" data-e-type=\"widget\" data-settings=\"{&quot;_animation&quot;:&quot;none&quot;}\" data-widget_type=\"image.default\">\n\t\t\t\t<div class=\"elementor-widget-container\">\n\t\t\t\t\t\t\t\t\t\t\t\t<figure class=\"wp-caption\">\n\t\t\t\t\t\t\t\t\t\t\t<a href=\"https:\/\/www.mullor.com\/en\/servicios\/limpieza\/\">\n\t\t\t\t\t\t\t<img decoding=\"async\" width=\"800\" height=\"600\" src=\"https:\/\/www.mullor.com\/wp-content\/uploads\/2022\/07\/limpieza-aquarium.webp\" class=\"elementor-animation-hang attachment-large size-large wp-image-3990\" alt=\"personal de limpieza de Mullor en las instalaciones del aquarium de Barcelona\" srcset=\"https:\/\/www.mullor.com\/wp-content\/uploads\/2022\/07\/limpieza-aquarium.webp 800w, https:\/\/www.mullor.com\/wp-content\/uploads\/2022\/07\/limpieza-aquarium-300x225.webp 300w, https:\/\/www.mullor.com\/wp-content\/uploads\/2022\/07\/limpieza-aquarium-768x576.webp 768w, https:\/\/www.mullor.com\/wp-content\/uploads\/2022\/07\/limpieza-aquarium-16x12.webp 16w, https:\/\/www.mullor.com\/wp-content\/uploads\/2022\/07\/limpieza-aquarium-400x300.webp 400w\" sizes=\"(max-width: 800px) 100vw, 800px\" \/>\t\t\t\t\t\t\t\t<\/a>\n\t\t\t\t\t\t\t\t\t\t\t<figcaption class=\"widget-image-caption wp-caption-text\">Cleaning<\/figcaption>\n\t\t\t\t\t\t\t\t\t\t<\/figure>\n\t\t\t\t\t\t\t\t\t<\/div>\n\t\t\t\t<\/div>\n\t\t\t\t\t<\/div>\n\t\t<\/div>\n\t\t\t\t<div class=\"elementor-column elementor-col-33 elementor-top-column elementor-element elementor-element-301fcd1\" data-id=\"301fcd1\" data-element_type=\"column\" data-e-type=\"column\">\n\t\t\t<div class=\"elementor-widget-wrap elementor-element-populated\">\n\t\t\t\t\t\t<div class=\"elementor-element elementor-element-ec305d0 project-col-3 project-col elementor-widget elementor-widget-image\" data-id=\"ec305d0\" data-element_type=\"widget\" data-e-type=\"widget\" data-settings=\"{&quot;_animation&quot;:&quot;none&quot;}\" data-widget_type=\"image.default\">\n\t\t\t\t<div class=\"elementor-widget-container\">\n\t\t\t\t\t\t\t\t\t\t\t\t<figure class=\"wp-caption\">\n\t\t\t\t\t\t\t\t\t\t\t<a href=\"https:\/\/www.mullor.com\/en\/servicios\/servicios-tecnicos\/\">\n\t\t\t\t\t\t\t<img decoding=\"async\" width=\"500\" height=\"328\" src=\"https:\/\/www.mullor.com\/wp-content\/uploads\/2019\/06\/Mullor-servicios-tecnicos.jpg\" class=\"elementor-animation-hang attachment-large size-large wp-image-161\" alt=\"personal de mullor en servicios t\u00e9cnicos\" srcset=\"https:\/\/www.mullor.com\/wp-content\/uploads\/2019\/06\/Mullor-servicios-tecnicos.jpg 500w, https:\/\/www.mullor.com\/wp-content\/uploads\/2019\/06\/Mullor-servicios-tecnicos-300x197.jpg 300w\" sizes=\"(max-width: 500px) 100vw, 500px\" \/>\t\t\t\t\t\t\t\t<\/a>\n\t\t\t\t\t\t\t\t\t\t\t<figcaption class=\"widget-image-caption wp-caption-text\">Servicios T\u00e9cnicos<\/figcaption>\n\t\t\t\t\t\t\t\t\t\t<\/figure>\n\t\t\t\t\t\t\t\t\t<\/div>\n\t\t\t\t<\/div>\n\t\t\t\t\t<\/div>\n\t\t<\/div>\n\t\t\t\t\t<\/div>\n\t\t<\/section>\n\t\t\t\t<section class=\"elementor-section elementor-top-section elementor-element elementor-element-32903d9 elementor-section-full_width elementor-section-stretched elementor-section-height-default elementor-section-height-default\" data-id=\"32903d9\" data-element_type=\"section\" data-e-type=\"section\" data-settings=\"{&quot;stretch_section&quot;:&quot;section-stretched&quot;}\">\n\t\t\t\t\t\t<div class=\"elementor-container elementor-column-gap-default\">\n\t\t\t\t\t<div class=\"elementor-column elementor-col-100 elementor-top-column elementor-element elementor-element-79c21a4\" data-id=\"79c21a4\" data-element_type=\"column\" data-e-type=\"column\">\n\t\t\t<div class=\"elementor-widget-wrap elementor-element-populated\">\n\t\t\t\t\t\t<div class=\"elementor-element elementor-element-becdf9e elementor-button-info elementor-align-center elementor-widget elementor-widget-button\" data-id=\"becdf9e\" data-element_type=\"widget\" data-e-type=\"widget\" data-widget_type=\"button.default\">\n\t\t\t\t<div class=\"elementor-widget-container\">\n\t\t\t\t\t\t\t\t\t<div class=\"elementor-button-wrapper\">\n\t\t\t\t\t<a class=\"elementor-button elementor-button-link elementor-size-lg\" href=\"https:\/\/www.mullor.com\/en\/contacto\/\" target=\"_blank\">\n\t\t\t\t\t\t<span class=\"elementor-button-content-wrapper\">\n\t\t\t\t\t\t\t\t\t<span class=\"elementor-button-text\">Solic\u00edtanos un presupuesto sin compromiso<\/span>\n\t\t\t\t\t<\/span>\n\t\t\t\t\t<\/a>\n\t\t\t\t<\/div>\n\t\t\t\t\t\t\t\t<\/div>\n\t\t\t\t<\/div>\n\t\t\t\t\t<\/div>\n\t\t<\/div>\n\t\t\t\t\t<\/div>\n\t\t<\/section>\n\t\t\t\t<section class=\"elementor-section elementor-top-section elementor-element elementor-element-c1c67b2 elementor-section-stretched elementor-section-boxed elementor-section-height-default elementor-section-height-default\" data-id=\"c1c67b2\" data-element_type=\"section\" data-e-type=\"section\" data-settings=\"{&quot;stretch_section&quot;:&quot;section-stretched&quot;}\">\n\t\t\t\t\t\t<div class=\"elementor-container elementor-column-gap-default\">\n\t\t\t\t\t<div class=\"elementor-column elementor-col-33 elementor-top-column elementor-element elementor-element-b4f6d28\" data-id=\"b4f6d28\" data-element_type=\"column\" data-e-type=\"column\">\n\t\t\t<div class=\"elementor-widget-wrap elementor-element-populated\">\n\t\t\t\t\t\t<div class=\"elementor-element elementor-element-1b5e64d project-col-3 project-col elementor-widget elementor-widget-image\" data-id=\"1b5e64d\" data-element_type=\"widget\" data-e-type=\"widget\" data-settings=\"{&quot;_animation&quot;:&quot;none&quot;}\" data-widget_type=\"image.default\">\n\t\t\t\t<div class=\"elementor-widget-container\">\n\t\t\t\t\t\t\t\t\t\t\t\t<figure class=\"wp-caption\">\n\t\t\t\t\t\t\t\t\t\t\t<a href=\"https:\/\/www.mullor.com\/en\/servicios\/outsourcing\/\">\n\t\t\t\t\t\t\t<img loading=\"lazy\" decoding=\"async\" width=\"800\" height=\"600\" src=\"https:\/\/www.mullor.com\/wp-content\/uploads\/2022\/07\/outsourcing-servicios.webp\" class=\"elementor-animation-hang attachment-large size-large wp-image-3994\" alt=\"personal de outsourcing de Mullor en las instalaciones de un cliente\" srcset=\"https:\/\/www.mullor.com\/wp-content\/uploads\/2022\/07\/outsourcing-servicios.webp 800w, https:\/\/www.mullor.com\/wp-content\/uploads\/2022\/07\/outsourcing-servicios-300x225.webp 300w, https:\/\/www.mullor.com\/wp-content\/uploads\/2022\/07\/outsourcing-servicios-768x576.webp 768w, https:\/\/www.mullor.com\/wp-content\/uploads\/2022\/07\/outsourcing-servicios-16x12.webp 16w, https:\/\/www.mullor.com\/wp-content\/uploads\/2022\/07\/outsourcing-servicios-400x300.webp 400w\" sizes=\"(max-width: 800px) 100vw, 800px\" \/>\t\t\t\t\t\t\t\t<\/a>\n\t\t\t\t\t\t\t\t\t\t\t<figcaption class=\"widget-image-caption wp-caption-text\">Outsourcing<\/figcaption>\n\t\t\t\t\t\t\t\t\t\t<\/figure>\n\t\t\t\t\t\t\t\t\t<\/div>\n\t\t\t\t<\/div>\n\t\t\t\t\t<\/div>\n\t\t<\/div>\n\t\t\t\t<div class=\"elementor-column elementor-col-33 elementor-top-column elementor-element elementor-element-826b645\" data-id=\"826b645\" data-element_type=\"column\" data-e-type=\"column\">\n\t\t\t<div class=\"elementor-widget-wrap elementor-element-populated\">\n\t\t\t\t\t\t<div class=\"elementor-element elementor-element-63661df project-col-3 project-col elementor-widget elementor-widget-image\" data-id=\"63661df\" data-element_type=\"widget\" data-e-type=\"widget\" data-settings=\"{&quot;_animation&quot;:&quot;none&quot;}\" data-widget_type=\"image.default\">\n\t\t\t\t<div class=\"elementor-widget-container\">\n\t\t\t\t\t\t\t\t\t\t\t\t<figure class=\"wp-caption\">\n\t\t\t\t\t\t\t\t\t\t\t<a href=\"https:\/\/www.mullor.com\/en\/servicios\/servicios-auxiliares\/\">\n\t\t\t\t\t\t\t<img loading=\"lazy\" decoding=\"async\" width=\"800\" height=\"600\" src=\"https:\/\/www.mullor.com\/wp-content\/uploads\/2019\/07\/servicio-auxiliar-recepcion-hotel-mullor.jpg\" class=\"elementor-animation-hang attachment-large size-large wp-image-852\" alt=\"persona de servicio auxiliar de recepci\u00f3n en un hotel\" srcset=\"https:\/\/www.mullor.com\/wp-content\/uploads\/2019\/07\/servicio-auxiliar-recepcion-hotel-mullor.jpg 800w, https:\/\/www.mullor.com\/wp-content\/uploads\/2019\/07\/servicio-auxiliar-recepcion-hotel-mullor-300x225.jpg 300w, https:\/\/www.mullor.com\/wp-content\/uploads\/2019\/07\/servicio-auxiliar-recepcion-hotel-mullor-768x576.jpg 768w, https:\/\/www.mullor.com\/wp-content\/uploads\/2019\/07\/servicio-auxiliar-recepcion-hotel-mullor-400x300.jpg 400w\" sizes=\"(max-width: 800px) 100vw, 800px\" \/>\t\t\t\t\t\t\t\t<\/a>\n\t\t\t\t\t\t\t\t\t\t\t<figcaption class=\"widget-image-caption wp-caption-text\">Auxiliary Services<\/figcaption>\n\t\t\t\t\t\t\t\t\t\t<\/figure>\n\t\t\t\t\t\t\t\t\t<\/div>\n\t\t\t\t<\/div>\n\t\t\t\t\t<\/div>\n\t\t<\/div>\n\t\t\t\t<div class=\"elementor-column elementor-col-33 elementor-top-column elementor-element elementor-element-87fb12c\" data-id=\"87fb12c\" data-element_type=\"column\" data-e-type=\"column\">\n\t\t\t<div class=\"elementor-widget-wrap elementor-element-populated\">\n\t\t\t\t\t\t<div class=\"elementor-element elementor-element-b8b180b project-col-3 project-col elementor-widget elementor-widget-image\" data-id=\"b8b180b\" data-element_type=\"widget\" data-e-type=\"widget\" data-settings=\"{&quot;_animation&quot;:&quot;none&quot;}\" data-widget_type=\"image.default\">\n\t\t\t\t<div class=\"elementor-widget-container\">\n\t\t\t\t\t\t\t\t\t\t\t\t<figure class=\"wp-caption\">\n\t\t\t\t\t\t\t\t\t\t\t<a href=\"https:\/\/www.mullor.com\/en\/servicios\/restauracion-colectiva\/\">\n\t\t\t\t\t\t\t<img loading=\"lazy\" decoding=\"async\" width=\"500\" height=\"328\" src=\"https:\/\/www.mullor.com\/wp-content\/uploads\/2019\/06\/Mullor-servicios-restauracion-colectiva.jpg\" class=\"elementor-animation-hang attachment-large size-large wp-image-168\" alt=\"Restauraci\u00f3n colectiva e Industria alimentaria\" srcset=\"https:\/\/www.mullor.com\/wp-content\/uploads\/2019\/06\/Mullor-servicios-restauracion-colectiva.jpg 500w, https:\/\/www.mullor.com\/wp-content\/uploads\/2019\/06\/Mullor-servicios-restauracion-colectiva-300x197.jpg 300w\" sizes=\"(max-width: 500px) 100vw, 500px\" \/>\t\t\t\t\t\t\t\t<\/a>\n\t\t\t\t\t\t\t\t\t\t\t<figcaption class=\"widget-image-caption wp-caption-text\">Restauraci\u00f3n Colectiva<\/figcaption>\n\t\t\t\t\t\t\t\t\t\t<\/figure>\n\t\t\t\t\t\t\t\t\t<\/div>\n\t\t\t\t<\/div>\n\t\t\t\t\t<\/div>\n\t\t<\/div>\n\t\t\t\t\t<\/div>\n\t\t<\/section>\n\t\t\t\t<section class=\"elementor-section elementor-top-section elementor-element elementor-element-8d6ce32 elementor-section-stretched elementor-section-height-min-height elementor-section-content-middle elementor-section-boxed elementor-section-height-default elementor-section-items-middle elementor-invisible\" data-id=\"8d6ce32\" data-element_type=\"section\" data-e-type=\"section\" data-settings=\"{&quot;stretch_section&quot;:&quot;section-stretched&quot;,&quot;background_background&quot;:&quot;classic&quot;,&quot;animation&quot;:&quot;bounce&quot;}\">\n\t\t\t\t\t\t<div class=\"elementor-container elementor-column-gap-default\">\n\t\t\t\t\t<div class=\"elementor-column elementor-col-100 elementor-top-column elementor-element elementor-element-e9ea295\" data-id=\"e9ea295\" data-element_type=\"column\" data-e-type=\"column\">\n\t\t\t<div class=\"elementor-widget-wrap elementor-element-populated\">\n\t\t\t\t\t\t<section class=\"elementor-section elementor-inner-section elementor-element elementor-element-d0f0196 elementor-section-content-middle elementor-section-boxed elementor-section-height-default elementor-section-height-default\" data-id=\"d0f0196\" data-element_type=\"section\" data-e-type=\"section\">\n\t\t\t\t\t\t<div class=\"elementor-container elementor-column-gap-default\">\n\t\t\t\t\t<div class=\"elementor-column elementor-col-50 elementor-inner-column elementor-element elementor-element-abc4112\" data-id=\"abc4112\" data-element_type=\"column\" data-e-type=\"column\">\n\t\t\t<div class=\"elementor-widget-wrap elementor-element-populated\">\n\t\t\t\t\t\t<div class=\"elementor-element elementor-element-4545947 elementor-widget elementor-widget-heading\" data-id=\"4545947\" data-element_type=\"widget\" data-e-type=\"widget\" data-widget_type=\"heading.default\">\n\t\t\t\t<div class=\"elementor-widget-container\">\n\t\t\t\t\t<h4 class=\"elementor-heading-title elementor-size-default\">para mayor informaci\u00f3n<\/h4>\t\t\t\t<\/div>\n\t\t\t\t<\/div>\n\t\t\t\t\t<\/div>\n\t\t<\/div>\n\t\t\t\t<div class=\"elementor-column elementor-col-50 elementor-inner-column elementor-element elementor-element-a25f1e9\" data-id=\"a25f1e9\" data-element_type=\"column\" data-e-type=\"column\">\n\t\t\t<div class=\"elementor-widget-wrap elementor-element-populated\">\n\t\t\t\t\t\t<div class=\"elementor-element elementor-element-306d87a elementor-align-center elementor-widget elementor-widget-button\" data-id=\"306d87a\" data-element_type=\"widget\" data-e-type=\"widget\" data-widget_type=\"button.default\">\n\t\t\t\t<div class=\"elementor-widget-container\">\n\t\t\t\t\t\t\t\t\t<div class=\"elementor-button-wrapper\">\n\t\t\t\t\t<a class=\"elementor-button elementor-button-link elementor-size-sm\" href=\"https:\/\/www.mullor.com\/en\/contacto\/\">\n\t\t\t\t\t\t<span class=\"elementor-button-content-wrapper\">\n\t\t\t\t\t\t\t\t\t<span class=\"elementor-button-text\">CONTACT US<\/span>\n\t\t\t\t\t<\/span>\n\t\t\t\t\t<\/a>\n\t\t\t\t<\/div>\n\t\t\t\t\t\t\t\t<\/div>\n\t\t\t\t<\/div>\n\t\t\t\t\t<\/div>\n\t\t<\/div>\n\t\t\t\t\t<\/div>\n\t\t<\/section>\n\t\t\t\t\t<\/div>\n\t\t<\/div>\n\t\t\t\t\t<\/div>\n\t\t<\/section>\n\t\t\t\t<\/div>","protected":false},"excerpt":{"rendered":"<p>SERVICIOS Mullor ofrece a sus clientes una amplia oferta de servicios profesionales orientados a las necesidades de las empresas e industrias de un amplio abanico de sectores productivos. Los casi 80 a\u00f1os de experiencia de Mullor como empresa especializada en planificar y gestionar servicios prestados por personal propio, nos han permitido incorporar una amplia experiencia de gesti\u00f3n de equipos humanos,<\/p>\n<p><a class=\"more-link\" href=\"https:\/\/www.mullor.com\/en\/servicios\/\">Read More<\/a><\/p>","protected":false},"author":1,"featured_media":0,"parent":0,"menu_order":0,"comment_status":"closed","ping_status":"closed","template":"elementor_header_footer","meta":{"footnotes":""},"class_list":["post-116","page","type-page","status-publish","hentry"],"aioseo_notices":[],"_links":{"self":[{"href":"https:\/\/www.mullor.com\/en\/wp-json\/wp\/v2\/pages\/116","targetHints":{"allow":["GET"]}}],"collection":[{"href":"https:\/\/www.mullor.com\/en\/wp-json\/wp\/v2\/pages"}],"about":[{"href":"https:\/\/www.mullor.com\/en\/wp-json\/wp\/v2\/types\/page"}],"author":[{"embeddable":true,"href":"https:\/\/www.mullor.com\/en\/wp-json\/wp\/v2\/users\/1"}],"replies":[{"embeddable":true,"href":"https:\/\/www.mullor.com\/en\/wp-json\/wp\/v2\/comments?post=116"}],"version-history":[{"count":57,"href":"https:\/\/www.mullor.com\/en\/wp-json\/wp\/v2\/pages\/116\/revisions"}],"predecessor-version":[{"id":4035,"href":"https:\/\/www.mullor.com\/en\/wp-json\/wp\/v2\/pages\/116\/revisions\/4035"}],"wp:attachment":[{"href":"https:\/\/www.mullor.com\/en\/wp-json\/wp\/v2\/media?parent=116"}],"curies":[{"name":"wp","href":"https:\/\/api.w.org\/{rel}","templated":true}]}}