{"id":172,"date":"2019-06-20T09:34:36","date_gmt":"2019-06-20T07:34:36","guid":{"rendered":"https:\/\/www.mullor.com\/?page_id=172"},"modified":"2023-05-17T19:36:25","modified_gmt":"2023-05-17T17:36:25","slug":"sectores","status":"publish","type":"page","link":"https:\/\/www.mullor.com\/en\/sectores\/","title":{"rendered":"Sectors"},"content":{"rendered":"<div data-elementor-type=\"wp-post\" data-elementor-id=\"172\" class=\"elementor elementor-172\">\n\t\t\t\t\t\t<section class=\"elementor-section elementor-top-section elementor-element elementor-element-155b2668 elementor-section-stretched elementor-section-height-min-height elementor-section-boxed elementor-section-height-default elementor-section-items-middle\" data-id=\"155b2668\" data-element_type=\"section\" data-e-type=\"section\" data-settings=\"{&quot;stretch_section&quot;:&quot;section-stretched&quot;,&quot;background_background&quot;:&quot;classic&quot;}\">\n\t\t\t\t\t\t<div class=\"elementor-container elementor-column-gap-default\">\n\t\t\t\t\t<div class=\"elementor-column elementor-col-100 elementor-top-column elementor-element elementor-element-6a2baf42\" data-id=\"6a2baf42\" data-element_type=\"column\" data-e-type=\"column\">\n\t\t\t<div class=\"elementor-widget-wrap elementor-element-populated\">\n\t\t\t\t\t\t<div class=\"elementor-element elementor-element-62e4688 elementor-invisible elementor-widget elementor-widget-heading\" data-id=\"62e4688\" data-element_type=\"widget\" data-e-type=\"widget\" data-settings=\"{&quot;_animation&quot;:&quot;zoomIn&quot;}\" data-widget_type=\"heading.default\">\n\t\t\t\t<div class=\"elementor-widget-container\">\n\t\t\t\t\t<h1 class=\"elementor-heading-title elementor-size-default\">sectors<\/h1>\t\t\t\t<\/div>\n\t\t\t\t<\/div>\n\t\t\t\t\t<\/div>\n\t\t<\/div>\n\t\t\t\t\t<\/div>\n\t\t<\/section>\n\t\t\t\t<section class=\"elementor-section elementor-top-section elementor-element elementor-element-1d6fdb2 elementor-section-stretched elementor-section-boxed elementor-section-height-default elementor-section-height-default\" data-id=\"1d6fdb2\" data-element_type=\"section\" data-e-type=\"section\" data-settings=\"{&quot;stretch_section&quot;:&quot;section-stretched&quot;}\">\n\t\t\t\t\t\t<div class=\"elementor-container elementor-column-gap-default\">\n\t\t\t\t\t<div class=\"elementor-column elementor-col-100 elementor-top-column elementor-element elementor-element-9c4db00\" data-id=\"9c4db00\" data-element_type=\"column\" data-e-type=\"column\">\n\t\t\t<div class=\"elementor-widget-wrap elementor-element-populated\">\n\t\t\t\t\t\t<div class=\"elementor-element elementor-element-4fc3c39 elementor-widget elementor-widget-text-editor\" data-id=\"4fc3c39\" data-element_type=\"widget\" data-e-type=\"widget\" data-widget_type=\"text-editor.default\">\n\t\t\t\t<div class=\"elementor-widget-container\">\n\t\t\t\t\t\t\t\t\t<p>Para Mullor cada cliente es distinto. Y a la vez, nuestra experiencia nos permite agrupar nuestros recursos de manera eficiente y experta seg\u00fan las necesidades, tecnolog\u00eda y m\u00e9todo adaptado a las prioridades y singularidades de cada sector de actividad econ\u00f3mica.<\/p><p>\u00a0<\/p><p>Nuestro equipo de gesti\u00f3n reconoce y fomenta el desarrollo profesional sectorial para ser capaces de profundizar y aportar m\u00e1s valor a nuestros clientes gracias a la experiencia relevante para ellos.<\/p><p>\u00a0<\/p><p>Estos son algunos de nuestros \u00e1mbitos sectoriales de actuaci\u00f3n y conocimiento m\u00e1s relevantes. No dude en preguntarnos por nuestra experiencia, es mucho m\u00e1s amplia de lo que pueda imaginar.<\/p>\t\t\t\t\t\t\t\t<\/div>\n\t\t\t\t<\/div>\n\t\t\t\t\t<\/div>\n\t\t<\/div>\n\t\t\t\t\t<\/div>\n\t\t<\/section>\n\t\t\t\t<section class=\"elementor-section elementor-top-section elementor-element elementor-element-2045bb5d elementor-section-stretched elementor-section-boxed elementor-section-height-default elementor-section-height-default\" data-id=\"2045bb5d\" data-element_type=\"section\" data-e-type=\"section\" data-settings=\"{&quot;stretch_section&quot;:&quot;section-stretched&quot;}\">\n\t\t\t\t\t\t<div class=\"elementor-container elementor-column-gap-default\">\n\t\t\t\t\t<div class=\"elementor-column elementor-col-33 elementor-top-column elementor-element elementor-element-3ab5594d\" data-id=\"3ab5594d\" data-element_type=\"column\" data-e-type=\"column\">\n\t\t\t<div class=\"elementor-widget-wrap elementor-element-populated\">\n\t\t\t\t\t\t<div class=\"elementor-element elementor-element-e0259e3 project-col-3 project-col elementor-widget elementor-widget-image\" data-id=\"e0259e3\" data-element_type=\"widget\" data-e-type=\"widget\" data-settings=\"{&quot;_animation&quot;:&quot;none&quot;}\" data-widget_type=\"image.default\">\n\t\t\t\t<div class=\"elementor-widget-container\">\n\t\t\t\t\t\t\t\t\t\t\t\t<figure class=\"wp-caption\">\n\t\t\t\t\t\t\t\t\t\t\t<a href=\"https:\/\/www.mullor.com\/en\/sectores\/alimentaria\/\">\n\t\t\t\t\t\t\t<img fetchpriority=\"high\" decoding=\"async\" width=\"500\" height=\"328\" src=\"https:\/\/www.mullor.com\/wp-content\/uploads\/2019\/06\/Sectores-Mullor-alimentacion.jpg\" class=\"elementor-animation-hang attachment-large size-large wp-image-191\" alt=\"servicios de restauraci\u00f3n en hoteles\" srcset=\"https:\/\/www.mullor.com\/wp-content\/uploads\/2019\/06\/Sectores-Mullor-alimentacion.jpg 500w, https:\/\/www.mullor.com\/wp-content\/uploads\/2019\/06\/Sectores-Mullor-alimentacion-300x197.jpg 300w\" sizes=\"(max-width: 500px) 100vw, 500px\" \/>\t\t\t\t\t\t\t\t<\/a>\n\t\t\t\t\t\t\t\t\t\t\t<figcaption class=\"widget-image-caption wp-caption-text\">Food Industry<\/figcaption>\n\t\t\t\t\t\t\t\t\t\t<\/figure>\n\t\t\t\t\t\t\t\t\t<\/div>\n\t\t\t\t<\/div>\n\t\t\t\t\t<\/div>\n\t\t<\/div>\n\t\t\t\t<div class=\"elementor-column elementor-col-33 elementor-top-column elementor-element elementor-element-497e203\" data-id=\"497e203\" data-element_type=\"column\" data-e-type=\"column\">\n\t\t\t<div class=\"elementor-widget-wrap elementor-element-populated\">\n\t\t\t\t\t\t<div class=\"elementor-element elementor-element-5ab2dc6b project-col-3 project-col elementor-widget elementor-widget-image\" data-id=\"5ab2dc6b\" data-element_type=\"widget\" data-e-type=\"widget\" data-settings=\"{&quot;_animation&quot;:&quot;none&quot;}\" data-widget_type=\"image.default\">\n\t\t\t\t<div class=\"elementor-widget-container\">\n\t\t\t\t\t\t\t\t\t\t\t\t<figure class=\"wp-caption\">\n\t\t\t\t\t\t\t\t\t\t\t<a href=\"https:\/\/www.mullor.com\/en\/sectores\/auxiliar-y-del-automovil\/\">\n\t\t\t\t\t\t\t<img decoding=\"async\" width=\"500\" height=\"328\" src=\"https:\/\/www.mullor.com\/wp-content\/uploads\/2019\/10\/Sectores-mullor-auxiliar-automovil.jpg\" class=\"elementor-animation-hang attachment-large size-large wp-image-1555\" alt=\"operario de almac\u00e9n en el sector del autom\u00f3vil\" srcset=\"https:\/\/www.mullor.com\/wp-content\/uploads\/2019\/10\/Sectores-mullor-auxiliar-automovil.jpg 500w, https:\/\/www.mullor.com\/wp-content\/uploads\/2019\/10\/Sectores-mullor-auxiliar-automovil-300x197.jpg 300w\" sizes=\"(max-width: 500px) 100vw, 500px\" \/>\t\t\t\t\t\t\t\t<\/a>\n\t\t\t\t\t\t\t\t\t\t\t<figcaption class=\"widget-image-caption wp-caption-text\">Auxiliar y del Autom\u00f3vil<\/figcaption>\n\t\t\t\t\t\t\t\t\t\t<\/figure>\n\t\t\t\t\t\t\t\t\t<\/div>\n\t\t\t\t<\/div>\n\t\t\t\t\t<\/div>\n\t\t<\/div>\n\t\t\t\t<div class=\"elementor-column elementor-col-33 elementor-top-column elementor-element elementor-element-301fcd1\" data-id=\"301fcd1\" data-element_type=\"column\" data-e-type=\"column\">\n\t\t\t<div class=\"elementor-widget-wrap elementor-element-populated\">\n\t\t\t\t\t\t<div class=\"elementor-element elementor-element-58de671 project-col-3 project-col elementor-widget elementor-widget-image\" data-id=\"58de671\" data-element_type=\"widget\" data-e-type=\"widget\" data-settings=\"{&quot;_animation&quot;:&quot;none&quot;}\" data-widget_type=\"image.default\">\n\t\t\t\t<div class=\"elementor-widget-container\">\n\t\t\t\t\t\t\t\t\t\t\t\t<figure class=\"wp-caption\">\n\t\t\t\t\t\t\t\t\t\t\t<a href=\"https:\/\/www.mullor.com\/en\/sectores\/farmaceutica\/\">\n\t\t\t\t\t\t\t<img decoding=\"async\" width=\"500\" height=\"328\" src=\"https:\/\/www.mullor.com\/wp-content\/uploads\/2019\/06\/Sectores-Mullor-farmaceutico.jpg\" class=\"elementor-animation-hang attachment-large size-large wp-image-179\" alt=\"Sectores-Mullor-farmaceutico\" srcset=\"https:\/\/www.mullor.com\/wp-content\/uploads\/2019\/06\/Sectores-Mullor-farmaceutico.jpg 500w, https:\/\/www.mullor.com\/wp-content\/uploads\/2019\/06\/Sectores-Mullor-farmaceutico-300x197.jpg 300w\" sizes=\"(max-width: 500px) 100vw, 500px\" \/>\t\t\t\t\t\t\t\t<\/a>\n\t\t\t\t\t\t\t\t\t\t\t<figcaption class=\"widget-image-caption wp-caption-text\">Farmac\u00e9utica<\/figcaption>\n\t\t\t\t\t\t\t\t\t\t<\/figure>\n\t\t\t\t\t\t\t\t\t<\/div>\n\t\t\t\t<\/div>\n\t\t\t\t\t<\/div>\n\t\t<\/div>\n\t\t\t\t\t<\/div>\n\t\t<\/section>\n\t\t\t\t<section class=\"elementor-section elementor-top-section elementor-element elementor-element-c1c67b2 elementor-section-stretched elementor-section-boxed elementor-section-height-default elementor-section-height-default\" data-id=\"c1c67b2\" data-element_type=\"section\" data-e-type=\"section\" data-settings=\"{&quot;stretch_section&quot;:&quot;section-stretched&quot;}\">\n\t\t\t\t\t\t<div class=\"elementor-container elementor-column-gap-default\">\n\t\t\t\t\t<div class=\"elementor-column elementor-col-33 elementor-top-column elementor-element elementor-element-b4f6d28\" data-id=\"b4f6d28\" data-element_type=\"column\" data-e-type=\"column\">\n\t\t\t<div class=\"elementor-widget-wrap elementor-element-populated\">\n\t\t\t\t\t\t<div class=\"elementor-element elementor-element-1b5e64d project-col-3 project-col elementor-widget elementor-widget-image\" data-id=\"1b5e64d\" data-element_type=\"widget\" data-e-type=\"widget\" data-settings=\"{&quot;_animation&quot;:&quot;none&quot;}\" data-widget_type=\"image.default\">\n\t\t\t\t<div class=\"elementor-widget-container\">\n\t\t\t\t\t\t\t\t\t\t\t\t<figure class=\"wp-caption\">\n\t\t\t\t\t\t\t\t\t\t\t<a href=\"https:\/\/www.mullor.com\/en\/sectores\/quimica-pesada-de-flujo-continuo\/\">\n\t\t\t\t\t\t\t<img loading=\"lazy\" decoding=\"async\" width=\"500\" height=\"328\" src=\"https:\/\/www.mullor.com\/wp-content\/uploads\/2019\/06\/Sectores-Mullor-quimica-industria-pesada-1.jpg\" class=\"elementor-animation-hang attachment-large size-large wp-image-182\" alt=\"personal de mullor en servicios de limpieza y mantenimiento de una f\u00e1brica\" srcset=\"https:\/\/www.mullor.com\/wp-content\/uploads\/2019\/06\/Sectores-Mullor-quimica-industria-pesada-1.jpg 500w, https:\/\/www.mullor.com\/wp-content\/uploads\/2019\/06\/Sectores-Mullor-quimica-industria-pesada-1-300x197.jpg 300w\" sizes=\"(max-width: 500px) 100vw, 500px\" \/>\t\t\t\t\t\t\t\t<\/a>\n\t\t\t\t\t\t\t\t\t\t\t<figcaption class=\"widget-image-caption wp-caption-text\">Qu\u00edmica, Pesada y de flujo continuo<\/figcaption>\n\t\t\t\t\t\t\t\t\t\t<\/figure>\n\t\t\t\t\t\t\t\t\t<\/div>\n\t\t\t\t<\/div>\n\t\t\t\t\t<\/div>\n\t\t<\/div>\n\t\t\t\t<div class=\"elementor-column elementor-col-33 elementor-top-column elementor-element elementor-element-826b645\" data-id=\"826b645\" data-element_type=\"column\" data-e-type=\"column\">\n\t\t\t<div class=\"elementor-widget-wrap elementor-element-populated\">\n\t\t\t\t\t\t<div class=\"elementor-element elementor-element-63661df project-col-3 project-col elementor-widget elementor-widget-image\" data-id=\"63661df\" data-element_type=\"widget\" data-e-type=\"widget\" data-settings=\"{&quot;_animation&quot;:&quot;none&quot;}\" data-widget_type=\"image.default\">\n\t\t\t\t<div class=\"elementor-widget-container\">\n\t\t\t\t\t\t\t\t\t\t\t\t<figure class=\"wp-caption\">\n\t\t\t\t\t\t\t\t\t\t\t<a href=\"https:\/\/www.mullor.com\/en\/sectores\/oficinas-edificios\/\">\n\t\t\t\t\t\t\t<img loading=\"lazy\" decoding=\"async\" width=\"500\" height=\"328\" src=\"https:\/\/www.mullor.com\/wp-content\/uploads\/2019\/06\/Sectores-Mullor-banca.jpg\" class=\"elementor-animation-hang attachment-large size-large wp-image-193\" alt=\"oficina del banco sabadell - cliente mullor\" srcset=\"https:\/\/www.mullor.com\/wp-content\/uploads\/2019\/06\/Sectores-Mullor-banca.jpg 500w, https:\/\/www.mullor.com\/wp-content\/uploads\/2019\/06\/Sectores-Mullor-banca-300x197.jpg 300w\" sizes=\"(max-width: 500px) 100vw, 500px\" \/>\t\t\t\t\t\t\t\t<\/a>\n\t\t\t\t\t\t\t\t\t\t\t<figcaption class=\"widget-image-caption wp-caption-text\">Bureaus and buildings<\/figcaption>\n\t\t\t\t\t\t\t\t\t\t<\/figure>\n\t\t\t\t\t\t\t\t\t<\/div>\n\t\t\t\t<\/div>\n\t\t\t\t\t<\/div>\n\t\t<\/div>\n\t\t\t\t<div class=\"elementor-column elementor-col-33 elementor-top-column elementor-element elementor-element-87fb12c\" data-id=\"87fb12c\" data-element_type=\"column\" data-e-type=\"column\">\n\t\t\t<div class=\"elementor-widget-wrap elementor-element-populated\">\n\t\t\t\t\t\t<div class=\"elementor-element elementor-element-ec305d0 project-col-3 project-col elementor-widget elementor-widget-image\" data-id=\"ec305d0\" data-element_type=\"widget\" data-e-type=\"widget\" data-settings=\"{&quot;_animation&quot;:&quot;none&quot;}\" data-widget_type=\"image.default\">\n\t\t\t\t<div class=\"elementor-widget-container\">\n\t\t\t\t\t\t\t\t\t\t\t\t<figure class=\"wp-caption\">\n\t\t\t\t\t\t\t\t\t\t\t<a href=\"https:\/\/www.mullor.com\/en\/sectores\/sanitario\/\">\n\t\t\t\t\t\t\t<img loading=\"lazy\" decoding=\"async\" width=\"500\" height=\"328\" src=\"https:\/\/www.mullor.com\/wp-content\/uploads\/2019\/06\/Sectores-Mullor-hospitalario-escolar-residencial.jpg\" class=\"elementor-animation-hang attachment-large size-large wp-image-198\" alt=\"personal de mullor en servicios de limpieza y mantenimiento de un hospital\" srcset=\"https:\/\/www.mullor.com\/wp-content\/uploads\/2019\/06\/Sectores-Mullor-hospitalario-escolar-residencial.jpg 500w, https:\/\/www.mullor.com\/wp-content\/uploads\/2019\/06\/Sectores-Mullor-hospitalario-escolar-residencial-300x197.jpg 300w\" sizes=\"(max-width: 500px) 100vw, 500px\" \/>\t\t\t\t\t\t\t\t<\/a>\n\t\t\t\t\t\t\t\t\t\t\t<figcaption class=\"widget-image-caption wp-caption-text\">Sanitary<\/figcaption>\n\t\t\t\t\t\t\t\t\t\t<\/figure>\n\t\t\t\t\t\t\t\t\t<\/div>\n\t\t\t\t<\/div>\n\t\t\t\t\t<\/div>\n\t\t<\/div>\n\t\t\t\t\t<\/div>\n\t\t<\/section>\n\t\t\t\t<section class=\"elementor-section elementor-top-section elementor-element elementor-element-ef9a52f elementor-section-stretched elementor-section-boxed elementor-section-height-default elementor-section-height-default\" data-id=\"ef9a52f\" data-element_type=\"section\" data-e-type=\"section\" data-settings=\"{&quot;stretch_section&quot;:&quot;section-stretched&quot;}\">\n\t\t\t\t\t\t<div class=\"elementor-container elementor-column-gap-default\">\n\t\t\t\t\t<div class=\"elementor-column elementor-col-33 elementor-top-column elementor-element elementor-element-702fec1\" data-id=\"702fec1\" data-element_type=\"column\" data-e-type=\"column\">\n\t\t\t<div class=\"elementor-widget-wrap elementor-element-populated\">\n\t\t\t\t\t\t<div class=\"elementor-element elementor-element-572a816 project-col-3 project-col elementor-widget elementor-widget-image\" data-id=\"572a816\" data-element_type=\"widget\" data-e-type=\"widget\" data-settings=\"{&quot;_animation&quot;:&quot;none&quot;}\" data-widget_type=\"image.default\">\n\t\t\t\t<div class=\"elementor-widget-container\">\n\t\t\t\t\t\t\t\t\t\t\t\t<figure class=\"wp-caption\">\n\t\t\t\t\t\t\t\t\t\t\t<a href=\"https:\/\/www.mullor.com\/en\/sectores\/hosteleria\/\">\n\t\t\t\t\t\t\t<img loading=\"lazy\" decoding=\"async\" width=\"500\" height=\"328\" src=\"https:\/\/www.mullor.com\/wp-content\/uploads\/2019\/10\/Sectores-mullor-hosteleria.jpg\" class=\"elementor-animation-hang attachment-large size-large wp-image-1561\" alt=\"habitaci\u00f3n de un hotel d\u00f3nde Mullor presta servicios de limpieza\" srcset=\"https:\/\/www.mullor.com\/wp-content\/uploads\/2019\/10\/Sectores-mullor-hosteleria.jpg 500w, https:\/\/www.mullor.com\/wp-content\/uploads\/2019\/10\/Sectores-mullor-hosteleria-300x197.jpg 300w\" sizes=\"(max-width: 500px) 100vw, 500px\" \/>\t\t\t\t\t\t\t\t<\/a>\n\t\t\t\t\t\t\t\t\t\t\t<figcaption class=\"widget-image-caption wp-caption-text\">Hospitality<\/figcaption>\n\t\t\t\t\t\t\t\t\t\t<\/figure>\n\t\t\t\t\t\t\t\t\t<\/div>\n\t\t\t\t<\/div>\n\t\t\t\t\t<\/div>\n\t\t<\/div>\n\t\t\t\t<div class=\"elementor-column elementor-col-33 elementor-top-column elementor-element elementor-element-b6d7af5\" data-id=\"b6d7af5\" data-element_type=\"column\" data-e-type=\"column\">\n\t\t\t<div class=\"elementor-widget-wrap elementor-element-populated\">\n\t\t\t\t\t\t<div class=\"elementor-element elementor-element-b8b180b project-col-3 project-col elementor-widget elementor-widget-image\" data-id=\"b8b180b\" data-element_type=\"widget\" data-e-type=\"widget\" data-settings=\"{&quot;_animation&quot;:&quot;none&quot;}\" data-widget_type=\"image.default\">\n\t\t\t\t<div class=\"elementor-widget-container\">\n\t\t\t\t\t\t\t\t\t\t\t\t<figure class=\"wp-caption\">\n\t\t\t\t\t\t\t\t\t\t\t<a href=\"https:\/\/www.mullor.com\/en\/sectores\/comercio-ocio-cultura\/\">\n\t\t\t\t\t\t\t<img loading=\"lazy\" decoding=\"async\" width=\"500\" height=\"328\" src=\"https:\/\/www.mullor.com\/wp-content\/uploads\/2019\/06\/Sectores-Mullor-ocio-cultura.jpg\" class=\"elementor-animation-hang attachment-large size-large wp-image-184\" alt=\"personal de mullor en servicios de limpieza y mantenimiento de un edificio\" srcset=\"https:\/\/www.mullor.com\/wp-content\/uploads\/2019\/06\/Sectores-Mullor-ocio-cultura.jpg 500w, https:\/\/www.mullor.com\/wp-content\/uploads\/2019\/06\/Sectores-Mullor-ocio-cultura-300x197.jpg 300w\" sizes=\"(max-width: 500px) 100vw, 500px\" \/>\t\t\t\t\t\t\t\t<\/a>\n\t\t\t\t\t\t\t\t\t\t\t<figcaption class=\"widget-image-caption wp-caption-text\">Business, Leisure and Culture<\/figcaption>\n\t\t\t\t\t\t\t\t\t\t<\/figure>\n\t\t\t\t\t\t\t\t\t<\/div>\n\t\t\t\t<\/div>\n\t\t\t\t\t<\/div>\n\t\t<\/div>\n\t\t\t\t<div class=\"elementor-column elementor-col-33 elementor-top-column elementor-element elementor-element-07c8d80\" data-id=\"07c8d80\" data-element_type=\"column\" data-e-type=\"column\">\n\t\t\t<div class=\"elementor-widget-wrap elementor-element-populated\">\n\t\t\t\t\t\t<div class=\"elementor-element elementor-element-6cdcf3e project-col-3 project-col elementor-widget elementor-widget-image\" data-id=\"6cdcf3e\" data-element_type=\"widget\" data-e-type=\"widget\" data-settings=\"{&quot;_animation&quot;:&quot;none&quot;}\" data-widget_type=\"image.default\">\n\t\t\t\t<div class=\"elementor-widget-container\">\n\t\t\t\t\t\t\t\t\t\t\t\t<figure class=\"wp-caption\">\n\t\t\t\t\t\t\t\t\t\t\t<a href=\"https:\/\/www.mullor.com\/en\/sectores\/educacion-e-instalaciones-deportivas\/\">\n\t\t\t\t\t\t\t<img loading=\"lazy\" decoding=\"async\" width=\"500\" height=\"328\" src=\"https:\/\/www.mullor.com\/wp-content\/uploads\/2019\/10\/Sectores-mullor-educacion-instalaciones-deportivas.jpg\" class=\"elementor-animation-hang attachment-large size-large wp-image-1568\" alt=\"pistas de tenis en un centro escolar d\u00f3nde Mullor presta sus servicios\" srcset=\"https:\/\/www.mullor.com\/wp-content\/uploads\/2019\/10\/Sectores-mullor-educacion-instalaciones-deportivas.jpg 500w, https:\/\/www.mullor.com\/wp-content\/uploads\/2019\/10\/Sectores-mullor-educacion-instalaciones-deportivas-300x197.jpg 300w\" sizes=\"(max-width: 500px) 100vw, 500px\" \/>\t\t\t\t\t\t\t\t<\/a>\n\t\t\t\t\t\t\t\t\t\t\t<figcaption class=\"widget-image-caption wp-caption-text\">Educaci\u00f3n e instalaciones deportivas<\/figcaption>\n\t\t\t\t\t\t\t\t\t\t<\/figure>\n\t\t\t\t\t\t\t\t\t<\/div>\n\t\t\t\t<\/div>\n\t\t\t\t\t<\/div>\n\t\t<\/div>\n\t\t\t\t\t<\/div>\n\t\t<\/section>\n\t\t\t\t<section class=\"elementor-section elementor-top-section elementor-element elementor-element-ee9332a elementor-section-stretched elementor-section-height-min-height elementor-section-content-middle elementor-section-boxed elementor-section-height-default elementor-section-items-middle elementor-invisible\" data-id=\"ee9332a\" data-element_type=\"section\" data-e-type=\"section\" data-settings=\"{&quot;stretch_section&quot;:&quot;section-stretched&quot;,&quot;background_background&quot;:&quot;classic&quot;,&quot;animation&quot;:&quot;bounce&quot;}\">\n\t\t\t\t\t\t<div class=\"elementor-container elementor-column-gap-default\">\n\t\t\t\t\t<div class=\"elementor-column elementor-col-100 elementor-top-column elementor-element elementor-element-2ca987e\" data-id=\"2ca987e\" data-element_type=\"column\" data-e-type=\"column\">\n\t\t\t<div class=\"elementor-widget-wrap elementor-element-populated\">\n\t\t\t\t\t\t<section class=\"elementor-section elementor-inner-section elementor-element elementor-element-e33a004 elementor-section-content-middle elementor-section-boxed elementor-section-height-default elementor-section-height-default\" data-id=\"e33a004\" data-element_type=\"section\" data-e-type=\"section\">\n\t\t\t\t\t\t<div class=\"elementor-container elementor-column-gap-default\">\n\t\t\t\t\t<div class=\"elementor-column elementor-col-50 elementor-inner-column elementor-element elementor-element-013cbf9\" data-id=\"013cbf9\" data-element_type=\"column\" data-e-type=\"column\">\n\t\t\t<div class=\"elementor-widget-wrap elementor-element-populated\">\n\t\t\t\t\t\t<div class=\"elementor-element elementor-element-168b65e elementor-widget elementor-widget-heading\" data-id=\"168b65e\" data-element_type=\"widget\" data-e-type=\"widget\" data-widget_type=\"heading.default\">\n\t\t\t\t<div class=\"elementor-widget-container\">\n\t\t\t\t\t<h4 class=\"elementor-heading-title elementor-size-default\">para mayor informaci\u00f3n<\/h4>\t\t\t\t<\/div>\n\t\t\t\t<\/div>\n\t\t\t\t\t<\/div>\n\t\t<\/div>\n\t\t\t\t<div class=\"elementor-column elementor-col-50 elementor-inner-column elementor-element elementor-element-a48fa36\" data-id=\"a48fa36\" data-element_type=\"column\" data-e-type=\"column\">\n\t\t\t<div class=\"elementor-widget-wrap elementor-element-populated\">\n\t\t\t\t\t\t<div class=\"elementor-element elementor-element-2a18db3 elementor-align-center elementor-widget elementor-widget-button\" data-id=\"2a18db3\" data-element_type=\"widget\" data-e-type=\"widget\" data-widget_type=\"button.default\">\n\t\t\t\t<div class=\"elementor-widget-container\">\n\t\t\t\t\t\t\t\t\t<div class=\"elementor-button-wrapper\">\n\t\t\t\t\t<a class=\"elementor-button elementor-button-link elementor-size-sm\" href=\"https:\/\/www.mullor.com\/en\/contacto\/\">\n\t\t\t\t\t\t<span class=\"elementor-button-content-wrapper\">\n\t\t\t\t\t\t\t\t\t<span class=\"elementor-button-text\">CONTACT US<\/span>\n\t\t\t\t\t<\/span>\n\t\t\t\t\t<\/a>\n\t\t\t\t<\/div>\n\t\t\t\t\t\t\t\t<\/div>\n\t\t\t\t<\/div>\n\t\t\t\t\t<\/div>\n\t\t<\/div>\n\t\t\t\t\t<\/div>\n\t\t<\/section>\n\t\t\t\t\t<\/div>\n\t\t<\/div>\n\t\t\t\t\t<\/div>\n\t\t<\/section>\n\t\t\t\t<\/div>","protected":false},"excerpt":{"rendered":"<p>SECTORES Para Mullor cada cliente es distinto. Y a la vez, nuestra experiencia nos permite agrupar nuestros recursos de manera eficiente y experta seg\u00fan las necesidades, tecnolog\u00eda y m\u00e9todo adaptado a las prioridades y singularidades de cada sector de actividad econ\u00f3mica. \u00a0 Nuestro equipo de gesti\u00f3n reconoce y fomenta el desarrollo profesional sectorial para ser capaces de profundizar y aportar<\/p>\n<p><a class=\"more-link\" href=\"https:\/\/www.mullor.com\/en\/sectores\/\">Read More<\/a><\/p>","protected":false},"author":1,"featured_media":0,"parent":0,"menu_order":0,"comment_status":"closed","ping_status":"closed","template":"elementor_header_footer","meta":{"footnotes":""},"class_list":["post-172","page","type-page","status-publish","hentry"],"aioseo_notices":[],"_links":{"self":[{"href":"https:\/\/www.mullor.com\/en\/wp-json\/wp\/v2\/pages\/172","targetHints":{"allow":["GET"]}}],"collection":[{"href":"https:\/\/www.mullor.com\/en\/wp-json\/wp\/v2\/pages"}],"about":[{"href":"https:\/\/www.mullor.com\/en\/wp-json\/wp\/v2\/types\/page"}],"author":[{"embeddable":true,"href":"https:\/\/www.mullor.com\/en\/wp-json\/wp\/v2\/users\/1"}],"replies":[{"embeddable":true,"href":"https:\/\/www.mullor.com\/en\/wp-json\/wp\/v2\/comments?post=172"}],"version-history":[{"count":60,"href":"https:\/\/www.mullor.com\/en\/wp-json\/wp\/v2\/pages\/172\/revisions"}],"predecessor-version":[{"id":4459,"href":"https:\/\/www.mullor.com\/en\/wp-json\/wp\/v2\/pages\/172\/revisions\/4459"}],"wp:attachment":[{"href":"https:\/\/www.mullor.com\/en\/wp-json\/wp\/v2\/media?parent=172"}],"curies":[{"name":"wp","href":"https:\/\/api.w.org\/{rel}","templated":true}]}}