{"id":1917,"date":"2020-07-03T12:12:12","date_gmt":"2020-07-03T10:12:12","guid":{"rendered":"https:\/\/www.mullor.com\/?page_id=1917"},"modified":"2024-12-05T16:02:03","modified_gmt":"2024-12-05T15:02:03","slug":"anuncios","status":"publish","type":"page","link":"https:\/\/www.mullor.com\/en\/anuncios\/","title":{"rendered":"Anuncios"},"content":{"rendered":"<p style=\"text-align: center;\"><strong>\u201cMULLOR, SOCIEDAD AN\u00d3NIMA\u201d<\/strong><\/p>\n<p>En cumplimiento de lo dispuesto en el art\u00edculo 319 del Texto Refundido de la Ley de Sociedades de Capital, se comunica que la Junta General Extraordinaria y Universal de accionistas de la sociedad \u201cMullor, sociedad an\u00f3nima\u201d celebrada el d\u00eda 5 de diciembre de 2024, acord\u00f3 reducir el capital social en la suma de 104.375,- euros, mediante la amortizaci\u00f3n de 167 acciones nominativas, con lo que el capital ha quedado establecido despu\u00e9s de la reducci\u00f3n en la cifra de 503.750,- euros.<\/p>\n<p>Barcelona, 5 de diciembre de 2024.- La administradora solidaria, Do\u00f1a Mercedes Mullor Boix.<\/p>\n<p>Este anuncio firmado digitalmente se puede descargar en el siguiente enlace: <a href=\"https:\/\/www.mullor.com\/wp-content\/uploads\/2024\/12\/ANUNCIO-REDUCCION-CAPITAL-firmado.pdf\">Anuncio reducci\u00f3n de capital<\/a><\/p>\n\n\n<p><\/p>","protected":false},"excerpt":{"rendered":"<p>\u201cMULLOR, SOCIEDAD AN\u00d3NIMA\u201d En cumplimiento de lo dispuesto en el art\u00edculo 319 del Texto Refundido de la Ley de Sociedades de Capital, se comunica que la Junta General Extraordinaria y Universal de accionistas de la sociedad \u201cMullor, sociedad an\u00f3nima\u201d celebrada el d\u00eda 5 de diciembre de 2024, acord\u00f3 reducir el capital social en la suma de 104.375,- euros, mediante la<\/p>\n<p><a class=\"more-link\" href=\"https:\/\/www.mullor.com\/en\/anuncios\/\">Read More<\/a><\/p>","protected":false},"author":2,"featured_media":0,"parent":0,"menu_order":0,"comment_status":"closed","ping_status":"closed","template":"templates\/template-full-width.php","meta":{"footnotes":""},"class_list":["post-1917","page","type-page","status-publish","hentry"],"aioseo_notices":[],"_links":{"self":[{"href":"https:\/\/www.mullor.com\/en\/wp-json\/wp\/v2\/pages\/1917","targetHints":{"allow":["GET"]}}],"collection":[{"href":"https:\/\/www.mullor.com\/en\/wp-json\/wp\/v2\/pages"}],"about":[{"href":"https:\/\/www.mullor.com\/en\/wp-json\/wp\/v2\/types\/page"}],"author":[{"embeddable":true,"href":"https:\/\/www.mullor.com\/en\/wp-json\/wp\/v2\/users\/2"}],"replies":[{"embeddable":true,"href":"https:\/\/www.mullor.com\/en\/wp-json\/wp\/v2\/comments?post=1917"}],"version-history":[{"count":20,"href":"https:\/\/www.mullor.com\/en\/wp-json\/wp\/v2\/pages\/1917\/revisions"}],"predecessor-version":[{"id":4952,"href":"https:\/\/www.mullor.com\/en\/wp-json\/wp\/v2\/pages\/1917\/revisions\/4952"}],"wp:attachment":[{"href":"https:\/\/www.mullor.com\/en\/wp-json\/wp\/v2\/media?parent=1917"}],"curies":[{"name":"wp","href":"https:\/\/api.w.org\/{rel}","templated":true}]}}