{"id":4594,"date":"2023-10-20T13:16:12","date_gmt":"2023-10-20T11:16:12","guid":{"rendered":"https:\/\/www.mullor.com\/?page_id=4594"},"modified":"2023-10-20T13:41:54","modified_gmt":"2023-10-20T11:41:54","slug":"politicaprivacidadenviatucurriculum","status":"publish","type":"page","link":"https:\/\/www.mullor.com\/en\/politicaprivacidadenviatucurriculum\/","title":{"rendered":"Pol\u00edtica de provacidad de Env\u00eda tu CV"},"content":{"rendered":"<div data-elementor-type=\"wp-page\" data-elementor-id=\"4594\" class=\"elementor elementor-4594\">\n\t\t\t\t\t\t<section class=\"elementor-section elementor-top-section elementor-element elementor-element-9cff8b5 elementor-section-boxed elementor-section-height-default elementor-section-height-default\" data-id=\"9cff8b5\" data-element_type=\"section\" data-e-type=\"section\">\n\t\t\t\t\t\t<div class=\"elementor-container elementor-column-gap-default\">\n\t\t\t\t\t<div class=\"elementor-column elementor-col-100 elementor-top-column elementor-element elementor-element-2f807a9\" data-id=\"2f807a9\" data-element_type=\"column\" data-e-type=\"column\">\n\t\t\t<div class=\"elementor-widget-wrap elementor-element-populated\">\n\t\t\t\t\t\t<div class=\"elementor-element elementor-element-60cbb58 elementor-widget elementor-widget-heading\" data-id=\"60cbb58\" data-element_type=\"widget\" data-e-type=\"widget\" data-widget_type=\"heading.default\">\n\t\t\t\t<div class=\"elementor-widget-container\">\n\t\t\t\t\t<h2 class=\"elementor-heading-title elementor-size-default\">Pol\u00edtica de privacidad de Env\u00eda tu CV<\/h2>\t\t\t\t<\/div>\n\t\t\t\t<\/div>\n\t\t\t\t\t<\/div>\n\t\t<\/div>\n\t\t\t\t\t<\/div>\n\t\t<\/section>\n\t\t\t\t<section class=\"elementor-section elementor-top-section elementor-element elementor-element-0356837 elementor-section-boxed elementor-section-height-default elementor-section-height-default\" data-id=\"0356837\" data-element_type=\"section\" data-e-type=\"section\">\n\t\t\t\t\t\t<div class=\"elementor-container elementor-column-gap-default\">\n\t\t\t\t\t<div class=\"elementor-column elementor-col-100 elementor-top-column elementor-element elementor-element-0b85c28\" data-id=\"0b85c28\" data-element_type=\"column\" data-e-type=\"column\">\n\t\t\t<div class=\"elementor-widget-wrap elementor-element-populated\">\n\t\t\t\t\t\t<div class=\"elementor-element elementor-element-4b4e31e elementor-widget elementor-widget-text-editor\" data-id=\"4b4e31e\" data-element_type=\"widget\" data-e-type=\"widget\" data-widget_type=\"text-editor.default\">\n\t\t\t\t<div class=\"elementor-widget-container\">\n\t\t\t\t\t\t\t\t\t<p>En cumplimiento del deber legal de informaci\u00f3n establecido en la Ley 3\/2018 de Protecci\u00f3n\u00a0<span style=\"font-size: 16px; letter-spacing: 0px;\">de Datos Personales y Garant\u00eda de los Derechos Digitales y en el art\u00edculo 13 de Reglamento\u00a0<\/span><span style=\"font-size: 16px; letter-spacing: 0px;\">(EU)2016\/679, se les facilita la siguiente informaci\u00f3n b\u00e1sica relativa a los datos personales\u00a0<\/span><span style=\"font-size: 16px; letter-spacing: 0px;\">facilitados.<\/span><\/p>\t\t\t\t\t\t\t\t<\/div>\n\t\t\t\t<\/div>\n\t\t\t\t<section class=\"elementor-section elementor-inner-section elementor-element elementor-element-0419897 elementor-section-boxed elementor-section-height-default elementor-section-height-default\" data-id=\"0419897\" data-element_type=\"section\" data-e-type=\"section\">\n\t\t\t\t\t\t<div class=\"elementor-container elementor-column-gap-default\">\n\t\t\t\t\t<div class=\"elementor-column elementor-col-50 elementor-inner-column elementor-element elementor-element-5c458ae\" data-id=\"5c458ae\" data-element_type=\"column\" data-e-type=\"column\">\n\t\t\t<div class=\"elementor-widget-wrap elementor-element-populated\">\n\t\t\t\t\t\t<div class=\"elementor-element elementor-element-9c600fe elementor-widget elementor-widget-text-editor\" data-id=\"9c600fe\" data-element_type=\"widget\" data-e-type=\"widget\" data-widget_type=\"text-editor.default\">\n\t\t\t\t<div class=\"elementor-widget-container\">\n\t\t\t\t\t\t\t\t\t<p><strong>Responsable del Tratamiento<\/strong><\/p>\t\t\t\t\t\t\t\t<\/div>\n\t\t\t\t<\/div>\n\t\t\t\t\t<\/div>\n\t\t<\/div>\n\t\t\t\t<div class=\"elementor-column elementor-col-50 elementor-inner-column elementor-element elementor-element-f3742a2\" data-id=\"f3742a2\" data-element_type=\"column\" data-e-type=\"column\">\n\t\t\t<div class=\"elementor-widget-wrap elementor-element-populated\">\n\t\t\t\t\t\t<div class=\"elementor-element elementor-element-8a4c49c elementor-widget elementor-widget-text-editor\" data-id=\"8a4c49c\" data-element_type=\"widget\" data-e-type=\"widget\" data-widget_type=\"text-editor.default\">\n\t\t\t\t<div class=\"elementor-widget-container\">\n\t\t\t\t\t\t\t\t\t<p>Mullor, S.A.\u00a0<br \/><span style=\"font-size: 16px; letter-spacing: 0px;\">A08440323<br \/><\/span><span style=\"font-size: 16px; letter-spacing: 0px;\">C\/ Marqu\u00e9s de Sentmenat, 74, baixos, 08029,<br \/><\/span><span style=\"font-size: 16px; letter-spacing: 0px;\">Barcelona<br \/><\/span><span style=\"font-size: 16px; letter-spacing: 0px;\">902 504 405<br \/><\/span><span style=\"font-size: 16px; letter-spacing: 0px;\">mullor@mullor.com<\/span><\/p>\t\t\t\t\t\t\t\t<\/div>\n\t\t\t\t<\/div>\n\t\t\t\t\t<\/div>\n\t\t<\/div>\n\t\t\t\t\t<\/div>\n\t\t<\/section>\n\t\t\t\t<section class=\"elementor-section elementor-inner-section elementor-element elementor-element-c9f1100 elementor-section-boxed elementor-section-height-default elementor-section-height-default\" data-id=\"c9f1100\" data-element_type=\"section\" data-e-type=\"section\">\n\t\t\t\t\t\t<div class=\"elementor-container elementor-column-gap-default\">\n\t\t\t\t\t<div class=\"elementor-column elementor-col-50 elementor-inner-column elementor-element elementor-element-c4461e9\" data-id=\"c4461e9\" data-element_type=\"column\" data-e-type=\"column\">\n\t\t\t<div class=\"elementor-widget-wrap elementor-element-populated\">\n\t\t\t\t\t\t<div class=\"elementor-element elementor-element-a0b3115 elementor-widget elementor-widget-text-editor\" data-id=\"a0b3115\" data-element_type=\"widget\" data-e-type=\"widget\" data-widget_type=\"text-editor.default\">\n\t\t\t\t<div class=\"elementor-widget-container\">\n\t\t\t\t\t\t\t\t\t<p><strong>Finalidades del Tratamiento<\/strong><\/p>\t\t\t\t\t\t\t\t<\/div>\n\t\t\t\t<\/div>\n\t\t\t\t\t<\/div>\n\t\t<\/div>\n\t\t\t\t<div class=\"elementor-column elementor-col-50 elementor-inner-column elementor-element elementor-element-0f5046d\" data-id=\"0f5046d\" data-element_type=\"column\" data-e-type=\"column\">\n\t\t\t<div class=\"elementor-widget-wrap elementor-element-populated\">\n\t\t\t\t\t\t<div class=\"elementor-element elementor-element-2c29b50 elementor-widget elementor-widget-text-editor\" data-id=\"2c29b50\" data-element_type=\"widget\" data-e-type=\"widget\" data-widget_type=\"text-editor.default\">\n\t\t\t\t<div class=\"elementor-widget-container\">\n\t\t\t\t\t\t\t\t\t<p>Tratamos la informaci\u00f3n que nos facilita con el fin de realizar una selecci\u00f3n de personal. Se podr\u00e1n solicitar referencias a las empresas aportadas en el C.V. <br \/>Se usar\u00e1 su correo electr\u00f3nico para gestionar el env\u00edo de la informaci\u00f3n que nos solicite.<br \/>Los datos personales proporcionados se conservar\u00e1n mientras se mantenga la relaci\u00f3n y\/o no se solicite la supresi\u00f3n de los mismos por su parte y\/o se cumplan los plazos que dictan las leyes espec\u00edficas para las que<br \/>fueron recogidos.<\/p>\t\t\t\t\t\t\t\t<\/div>\n\t\t\t\t<\/div>\n\t\t\t\t\t<\/div>\n\t\t<\/div>\n\t\t\t\t\t<\/div>\n\t\t<\/section>\n\t\t\t\t<section class=\"elementor-section elementor-inner-section elementor-element elementor-element-9498ab5 elementor-section-boxed elementor-section-height-default elementor-section-height-default\" data-id=\"9498ab5\" data-element_type=\"section\" data-e-type=\"section\">\n\t\t\t\t\t\t<div class=\"elementor-container elementor-column-gap-default\">\n\t\t\t\t\t<div class=\"elementor-column elementor-col-50 elementor-inner-column elementor-element elementor-element-9bb6aa9\" data-id=\"9bb6aa9\" data-element_type=\"column\" data-e-type=\"column\">\n\t\t\t<div class=\"elementor-widget-wrap elementor-element-populated\">\n\t\t\t\t\t\t<div class=\"elementor-element elementor-element-2bb3044 elementor-widget elementor-widget-text-editor\" data-id=\"2bb3044\" data-element_type=\"widget\" data-e-type=\"widget\" data-widget_type=\"text-editor.default\">\n\t\t\t\t<div class=\"elementor-widget-container\">\n\t\t\t\t\t\t\t\t\t<p><strong>Legitimaci\u00f3n del Tratamiento\u00a0<\/strong><br \/><br \/><\/p>\t\t\t\t\t\t\t\t<\/div>\n\t\t\t\t<\/div>\n\t\t\t\t\t<\/div>\n\t\t<\/div>\n\t\t\t\t<div class=\"elementor-column elementor-col-50 elementor-inner-column elementor-element elementor-element-b9f6a01\" data-id=\"b9f6a01\" data-element_type=\"column\" data-e-type=\"column\">\n\t\t\t<div class=\"elementor-widget-wrap elementor-element-populated\">\n\t\t\t\t\t\t<div class=\"elementor-element elementor-element-89a9383 elementor-widget elementor-widget-text-editor\" data-id=\"89a9383\" data-element_type=\"widget\" data-e-type=\"widget\" data-widget_type=\"text-editor.default\">\n\t\t\t\t<div class=\"elementor-widget-container\">\n\t\t\t\t\t\t\t\t\t<p>Consentimiento del interesado<br \/><br \/><\/p>\t\t\t\t\t\t\t\t<\/div>\n\t\t\t\t<\/div>\n\t\t\t\t\t<\/div>\n\t\t<\/div>\n\t\t\t\t\t<\/div>\n\t\t<\/section>\n\t\t\t\t<section class=\"elementor-section elementor-inner-section elementor-element elementor-element-623255f elementor-section-boxed elementor-section-height-default elementor-section-height-default\" data-id=\"623255f\" data-element_type=\"section\" data-e-type=\"section\">\n\t\t\t\t\t\t<div class=\"elementor-container elementor-column-gap-default\">\n\t\t\t\t\t<div class=\"elementor-column elementor-col-50 elementor-inner-column elementor-element elementor-element-194eac8\" data-id=\"194eac8\" data-element_type=\"column\" data-e-type=\"column\">\n\t\t\t<div class=\"elementor-widget-wrap elementor-element-populated\">\n\t\t\t\t\t\t<div class=\"elementor-element elementor-element-e093f53 elementor-widget elementor-widget-text-editor\" data-id=\"e093f53\" data-element_type=\"widget\" data-e-type=\"widget\" data-widget_type=\"text-editor.default\">\n\t\t\t\t<div class=\"elementor-widget-container\">\n\t\t\t\t\t\t\t\t\t<p><span style=\"font-weight: bolder; font-size: 16px;\">Destinatarios<\/span><\/p>\t\t\t\t\t\t\t\t<\/div>\n\t\t\t\t<\/div>\n\t\t\t\t\t<\/div>\n\t\t<\/div>\n\t\t\t\t<div class=\"elementor-column elementor-col-50 elementor-inner-column elementor-element elementor-element-05d81ff\" data-id=\"05d81ff\" data-element_type=\"column\" data-e-type=\"column\">\n\t\t\t<div class=\"elementor-widget-wrap elementor-element-populated\">\n\t\t\t\t\t\t<div class=\"elementor-element elementor-element-f1fa4a2 elementor-widget elementor-widget-text-editor\" data-id=\"f1fa4a2\" data-element_type=\"widget\" data-e-type=\"widget\" data-widget_type=\"text-editor.default\">\n\t\t\t\t<div class=\"elementor-widget-container\">\n\t\t\t\t\t\t\t\t\t<p>Los datos facilitados podr\u00e1n ser comunicados a otras empresas y\/o entidades que puedan estar\u00a0 interesadas en la contrataci\u00f3n laboral de su perfil profesional.<\/p>\t\t\t\t\t\t\t\t<\/div>\n\t\t\t\t<\/div>\n\t\t\t\t\t<\/div>\n\t\t<\/div>\n\t\t\t\t\t<\/div>\n\t\t<\/section>\n\t\t\t\t<section class=\"elementor-section elementor-inner-section elementor-element elementor-element-c1e0ca3 elementor-section-boxed elementor-section-height-default elementor-section-height-default\" data-id=\"c1e0ca3\" data-element_type=\"section\" data-e-type=\"section\">\n\t\t\t\t\t\t<div class=\"elementor-container elementor-column-gap-default\">\n\t\t\t\t\t<div class=\"elementor-column elementor-col-50 elementor-inner-column elementor-element elementor-element-1ebbd2c\" data-id=\"1ebbd2c\" data-element_type=\"column\" data-e-type=\"column\">\n\t\t\t<div class=\"elementor-widget-wrap elementor-element-populated\">\n\t\t\t\t\t\t<div class=\"elementor-element elementor-element-b472c4d elementor-widget elementor-widget-text-editor\" data-id=\"b472c4d\" data-element_type=\"widget\" data-e-type=\"widget\" data-widget_type=\"text-editor.default\">\n\t\t\t\t<div class=\"elementor-widget-container\">\n\t\t\t\t\t\t\t\t\t<p><strong>Derechos<\/strong><\/p>\t\t\t\t\t\t\t\t<\/div>\n\t\t\t\t<\/div>\n\t\t\t\t\t<\/div>\n\t\t<\/div>\n\t\t\t\t<div class=\"elementor-column elementor-col-50 elementor-inner-column elementor-element elementor-element-b1991e3\" data-id=\"b1991e3\" data-element_type=\"column\" data-e-type=\"column\">\n\t\t\t<div class=\"elementor-widget-wrap elementor-element-populated\">\n\t\t\t\t\t\t<div class=\"elementor-element elementor-element-a0365b4 elementor-widget elementor-widget-text-editor\" data-id=\"a0365b4\" data-element_type=\"widget\" data-e-type=\"widget\" data-widget_type=\"text-editor.default\">\n\t\t\t\t<div class=\"elementor-widget-container\">\n\t\t\t\t\t\t\t\t\t<p>Usted tiene derecho a obtener informaci\u00f3n sobre si estamos tratando datos personales que le conciernen o no. Podr\u00e1 ejercer los derechos de acceso, rectificaci\u00f3n, supresi\u00f3n, limitaci\u00f3n, portabilidad y cancelaci\u00f3n sobre sus datos personales.<\/p>\t\t\t\t\t\t\t\t<\/div>\n\t\t\t\t<\/div>\n\t\t\t\t\t<\/div>\n\t\t<\/div>\n\t\t\t\t\t<\/div>\n\t\t<\/section>\n\t\t\t\t<section class=\"elementor-section elementor-inner-section elementor-element elementor-element-6a4b27f elementor-section-boxed elementor-section-height-default elementor-section-height-default\" data-id=\"6a4b27f\" data-element_type=\"section\" data-e-type=\"section\">\n\t\t\t\t\t\t<div class=\"elementor-container elementor-column-gap-default\">\n\t\t\t\t\t<div class=\"elementor-column elementor-col-50 elementor-inner-column elementor-element elementor-element-86f025e\" data-id=\"86f025e\" data-element_type=\"column\" data-e-type=\"column\">\n\t\t\t<div class=\"elementor-widget-wrap elementor-element-populated\">\n\t\t\t\t\t\t<div class=\"elementor-element elementor-element-9a611f0 elementor-widget elementor-widget-text-editor\" data-id=\"9a611f0\" data-element_type=\"widget\" data-e-type=\"widget\" data-widget_type=\"text-editor.default\">\n\t\t\t\t<div class=\"elementor-widget-container\">\n\t\t\t\t\t\t\t\t\t<p><strong>Procedencia<\/strong><\/p>\t\t\t\t\t\t\t\t<\/div>\n\t\t\t\t<\/div>\n\t\t\t\t\t<\/div>\n\t\t<\/div>\n\t\t\t\t<div class=\"elementor-column elementor-col-50 elementor-inner-column elementor-element elementor-element-9ae87d1\" data-id=\"9ae87d1\" data-element_type=\"column\" data-e-type=\"column\">\n\t\t\t<div class=\"elementor-widget-wrap elementor-element-populated\">\n\t\t\t\t\t\t<div class=\"elementor-element elementor-element-8250df0 elementor-widget elementor-widget-text-editor\" data-id=\"8250df0\" data-element_type=\"widget\" data-e-type=\"widget\" data-widget_type=\"text-editor.default\">\n\t\t\t\t<div class=\"elementor-widget-container\">\n\t\t\t\t\t\t\t\t\t<p>Los datos personales proceden de la persona<br \/>interesada. La categor\u00eda de datos que tratamos son: identificativos (nombre, apellidos, DNI, tel\u00e9fono), direcciones postales y electr\u00f3nicas para comunicaciones y econ\u00f3micos para comunicaciones, datos acad\u00e9micos y profesionales. Debido a la actividad principal y a los servicios contratados <strong>NO<\/strong> se tratan datos especialmente<br \/>protegidos.<\/p>\t\t\t\t\t\t\t\t<\/div>\n\t\t\t\t<\/div>\n\t\t\t\t\t<\/div>\n\t\t<\/div>\n\t\t\t\t\t<\/div>\n\t\t<\/section>\n\t\t\t\t\t<\/div>\n\t\t<\/div>\n\t\t\t\t\t<\/div>\n\t\t<\/section>\n\t\t\t\t<\/div>","protected":false},"excerpt":{"rendered":"<p>Pol\u00edtica de privacidad de Env\u00eda tu CV En cumplimiento del deber legal de informaci\u00f3n establecido en la Ley 3\/2018 de Protecci\u00f3n\u00a0de Datos Personales y Garant\u00eda de los Derechos Digitales y en el art\u00edculo 13 de Reglamento\u00a0(EU)2016\/679, se les facilita la siguiente informaci\u00f3n b\u00e1sica relativa a los datos personales\u00a0facilitados. Responsable del Tratamiento Mullor, S.A. A08440323 C\/ Marqu\u00e9s de Sentmenat, 74, baixos,<\/p>\n<p><a class=\"more-link\" href=\"https:\/\/www.mullor.com\/en\/politicaprivacidadenviatucurriculum\/\">Read More<\/a><\/p>","protected":false},"author":2,"featured_media":0,"parent":0,"menu_order":0,"comment_status":"closed","ping_status":"closed","template":"","meta":{"footnotes":""},"class_list":["post-4594","page","type-page","status-publish","hentry"],"aioseo_notices":[],"_links":{"self":[{"href":"https:\/\/www.mullor.com\/en\/wp-json\/wp\/v2\/pages\/4594","targetHints":{"allow":["GET"]}}],"collection":[{"href":"https:\/\/www.mullor.com\/en\/wp-json\/wp\/v2\/pages"}],"about":[{"href":"https:\/\/www.mullor.com\/en\/wp-json\/wp\/v2\/types\/page"}],"author":[{"embeddable":true,"href":"https:\/\/www.mullor.com\/en\/wp-json\/wp\/v2\/users\/2"}],"replies":[{"embeddable":true,"href":"https:\/\/www.mullor.com\/en\/wp-json\/wp\/v2\/comments?post=4594"}],"version-history":[{"count":7,"href":"https:\/\/www.mullor.com\/en\/wp-json\/wp\/v2\/pages\/4594\/revisions"}],"predecessor-version":[{"id":4601,"href":"https:\/\/www.mullor.com\/en\/wp-json\/wp\/v2\/pages\/4594\/revisions\/4601"}],"wp:attachment":[{"href":"https:\/\/www.mullor.com\/en\/wp-json\/wp\/v2\/media?parent=4594"}],"curies":[{"name":"wp","href":"https:\/\/api.w.org\/{rel}","templated":true}]}}