{"id":749,"date":"2019-07-01T08:33:07","date_gmt":"2019-07-01T06:33:07","guid":{"rendered":"https:\/\/www.mullor.com\/?page_id=749"},"modified":"2022-05-15T21:07:25","modified_gmt":"2022-05-15T19:07:25","slug":"quimica-pesada-de-flujo-continuo","status":"publish","type":"page","link":"https:\/\/www.mullor.com\/en\/sectores\/quimica-pesada-de-flujo-continuo\/","title":{"rendered":"Qu\u00edmica, Pesada y de Flujo Continuo"},"content":{"rendered":"<div data-elementor-type=\"wp-post\" data-elementor-id=\"749\" class=\"elementor elementor-749\">\n\t\t\t\t\t\t<section class=\"elementor-section elementor-top-section elementor-element elementor-element-1ef32d4 elementor-section-stretched elementor-section-height-min-height elementor-section-boxed elementor-section-height-default elementor-section-items-middle\" data-id=\"1ef32d4\" data-element_type=\"section\" data-e-type=\"section\" data-settings=\"{&quot;stretch_section&quot;:&quot;section-stretched&quot;,&quot;background_background&quot;:&quot;classic&quot;}\">\n\t\t\t\t\t\t<div class=\"elementor-container elementor-column-gap-default\">\n\t\t\t\t\t<div class=\"elementor-column elementor-col-100 elementor-top-column elementor-element elementor-element-18950fa\" data-id=\"18950fa\" data-element_type=\"column\" data-e-type=\"column\">\n\t\t\t<div class=\"elementor-widget-wrap elementor-element-populated\">\n\t\t\t\t\t\t<div class=\"elementor-element elementor-element-b27d9b6 elementor-invisible elementor-widget elementor-widget-heading\" data-id=\"b27d9b6\" data-element_type=\"widget\" data-e-type=\"widget\" data-settings=\"{&quot;_animation&quot;:&quot;zoomIn&quot;}\" data-widget_type=\"heading.default\">\n\t\t\t\t<div class=\"elementor-widget-container\">\n\t\t\t\t\t<h1 class=\"elementor-heading-title elementor-size-default\">QU\u00cdMICA, PESADA Y DE FLUJO CONT\u00cdNUO<\/h1>\t\t\t\t<\/div>\n\t\t\t\t<\/div>\n\t\t\t\t\t<\/div>\n\t\t<\/div>\n\t\t\t\t\t<\/div>\n\t\t<\/section>\n\t\t\t\t<section class=\"elementor-section elementor-top-section elementor-element elementor-element-94eb7a1 elementor-section-stretched elementor-section-boxed elementor-section-height-default elementor-section-height-default\" data-id=\"94eb7a1\" data-element_type=\"section\" data-e-type=\"section\" data-settings=\"{&quot;stretch_section&quot;:&quot;section-stretched&quot;}\">\n\t\t\t\t\t\t<div class=\"elementor-container elementor-column-gap-default\">\n\t\t\t\t\t<div class=\"elementor-column elementor-col-50 elementor-top-column elementor-element elementor-element-bd82d96\" data-id=\"bd82d96\" data-element_type=\"column\" data-e-type=\"column\">\n\t\t\t<div class=\"elementor-widget-wrap elementor-element-populated\">\n\t\t\t\t\t\t<div class=\"elementor-element elementor-element-3ec6471 elementor-widget elementor-widget-heading\" data-id=\"3ec6471\" data-element_type=\"widget\" data-e-type=\"widget\" data-settings=\"{&quot;_animation&quot;:&quot;none&quot;}\" data-widget_type=\"heading.default\">\n\t\t\t\t<div class=\"elementor-widget-container\">\n\t\t\t\t\t<div class=\"elementor-heading-title elementor-size-default\">Nuestros clientes valoran la m\u00e1xima garant\u00eda que Mullor les ofrece en experiencia, adaptabilidad, seguridad y salud en el puesto de trabajo.<\/div>\t\t\t\t<\/div>\n\t\t\t\t<\/div>\n\t\t\t\t<div class=\"elementor-element elementor-element-9014911 elementor-widget elementor-widget-text-editor\" data-id=\"9014911\" data-element_type=\"widget\" data-e-type=\"widget\" data-settings=\"{&quot;_animation&quot;:&quot;none&quot;}\" data-widget_type=\"text-editor.default\">\n\t\t\t\t<div class=\"elementor-widget-container\">\n\t\t\t\t\t\t\t\t\t<p>Mullor trabaja desde hace 70 a\u00f1os con diversidad de clientes, en la Industria Qu\u00edmica, pesada y de flujo continuo.<\/p><p>\u00a0<\/p><p>La especial selecci\u00f3n y formaci\u00f3n del personal que debe trabajar en este \u00e1mbito es muy importante puesto que deben tener plena conciencia de las caracter\u00edsticas de este entorno.<\/p>\t\t\t\t\t\t\t\t<\/div>\n\t\t\t\t<\/div>\n\t\t\t\t<div class=\"elementor-element elementor-element-3e589a0 elementor-widget elementor-widget-spacer\" data-id=\"3e589a0\" data-element_type=\"widget\" data-e-type=\"widget\" data-widget_type=\"spacer.default\">\n\t\t\t\t<div class=\"elementor-widget-container\">\n\t\t\t\t\t\t\t<div class=\"elementor-spacer\">\n\t\t\t<div class=\"elementor-spacer-inner\"><\/div>\n\t\t<\/div>\n\t\t\t\t\t\t<\/div>\n\t\t\t\t<\/div>\n\t\t\t\t<div class=\"elementor-element elementor-element-be6d741 elementor-align-start elementor-icon-list--layout-traditional elementor-list-item-link-full_width elementor-invisible elementor-widget elementor-widget-icon-list\" data-id=\"be6d741\" data-element_type=\"widget\" data-e-type=\"widget\" data-settings=\"{&quot;_animation&quot;:&quot;bounceIn&quot;}\" data-widget_type=\"icon-list.default\">\n\t\t\t\t<div class=\"elementor-widget-container\">\n\t\t\t\t\t\t\t<ul class=\"elementor-icon-list-items\">\n\t\t\t\t\t\t\t<li class=\"elementor-icon-list-item\">\n\t\t\t\t\t\t\t\t\t\t\t<span class=\"elementor-icon-list-icon\">\n\t\t\t\t\t\t\t<svg aria-hidden=\"true\" class=\"e-font-icon-svg e-fas-play\" viewbox=\"0 0 448 512\" xmlns=\"http:\/\/www.w3.org\/2000\/svg\"><path d=\"M424.4 214.7L72.4 6.6C43.8-10.3 0 6.1 0 47.9V464c0 37.5 40.7 60.1 72.4 41.3l352-208c31.4-18.5 31.5-64.1 0-82.6z\"><\/path><\/svg>\t\t\t\t\t\t<\/span>\n\t\t\t\t\t\t\t\t\t\t<span class=\"elementor-icon-list-text\">Clean room decontamination<\/span>\n\t\t\t\t\t\t\t\t\t<\/li>\n\t\t\t\t\t\t\t\t<li class=\"elementor-icon-list-item\">\n\t\t\t\t\t\t\t\t\t\t\t<span class=\"elementor-icon-list-icon\">\n\t\t\t\t\t\t\t<svg aria-hidden=\"true\" class=\"e-font-icon-svg e-fas-play\" viewbox=\"0 0 448 512\" xmlns=\"http:\/\/www.w3.org\/2000\/svg\"><path d=\"M424.4 214.7L72.4 6.6C43.8-10.3 0 6.1 0 47.9V464c0 37.5 40.7 60.1 72.4 41.3l352-208c31.4-18.5 31.5-64.1 0-82.6z\"><\/path><\/svg>\t\t\t\t\t\t<\/span>\n\t\t\t\t\t\t\t\t\t\t<span class=\"elementor-icon-list-text\">Production line hygiene<\/span>\n\t\t\t\t\t\t\t\t\t<\/li>\n\t\t\t\t\t\t\t\t<li class=\"elementor-icon-list-item\">\n\t\t\t\t\t\t\t\t\t\t\t<span class=\"elementor-icon-list-icon\">\n\t\t\t\t\t\t\t<svg aria-hidden=\"true\" class=\"e-font-icon-svg e-fas-play\" viewbox=\"0 0 448 512\" xmlns=\"http:\/\/www.w3.org\/2000\/svg\"><path d=\"M424.4 214.7L72.4 6.6C43.8-10.3 0 6.1 0 47.9V464c0 37.5 40.7 60.1 72.4 41.3l352-208c31.4-18.5 31.5-64.1 0-82.6z\"><\/path><\/svg>\t\t\t\t\t\t<\/span>\n\t\t\t\t\t\t\t\t\t\t<span class=\"elementor-icon-list-text\">Productive processes cleaning<\/span>\n\t\t\t\t\t\t\t\t\t<\/li>\n\t\t\t\t\t\t\t\t<li class=\"elementor-icon-list-item\">\n\t\t\t\t\t\t\t\t\t\t\t<span class=\"elementor-icon-list-icon\">\n\t\t\t\t\t\t\t<svg aria-hidden=\"true\" class=\"e-font-icon-svg e-fas-play\" viewbox=\"0 0 448 512\" xmlns=\"http:\/\/www.w3.org\/2000\/svg\"><path d=\"M424.4 214.7L72.4 6.6C43.8-10.3 0 6.1 0 47.9V464c0 37.5 40.7 60.1 72.4 41.3l352-208c31.4-18.5 31.5-64.1 0-82.6z\"><\/path><\/svg>\t\t\t\t\t\t<\/span>\n\t\t\t\t\t\t\t\t\t\t<span class=\"elementor-icon-list-text\">Pest control<\/span>\n\t\t\t\t\t\t\t\t\t<\/li>\n\t\t\t\t\t\t\t\t<li class=\"elementor-icon-list-item\">\n\t\t\t\t\t\t\t\t\t\t\t<span class=\"elementor-icon-list-icon\">\n\t\t\t\t\t\t\t<svg aria-hidden=\"true\" class=\"e-font-icon-svg e-fas-play\" viewbox=\"0 0 448 512\" xmlns=\"http:\/\/www.w3.org\/2000\/svg\"><path d=\"M424.4 214.7L72.4 6.6C43.8-10.3 0 6.1 0 47.9V464c0 37.5 40.7 60.1 72.4 41.3l352-208c31.4-18.5 31.5-64.1 0-82.6z\"><\/path><\/svg>\t\t\t\t\t\t<\/span>\n\t\t\t\t\t\t\t\t\t\t<span class=\"elementor-icon-list-text\">Auxiliary services outsourcing<\/span>\n\t\t\t\t\t\t\t\t\t<\/li>\n\t\t\t\t\t\t\t\t<li class=\"elementor-icon-list-item\">\n\t\t\t\t\t\t\t\t\t\t\t<span class=\"elementor-icon-list-icon\">\n\t\t\t\t\t\t\t<svg aria-hidden=\"true\" class=\"e-font-icon-svg e-fas-play\" viewbox=\"0 0 448 512\" xmlns=\"http:\/\/www.w3.org\/2000\/svg\"><path d=\"M424.4 214.7L72.4 6.6C43.8-10.3 0 6.1 0 47.9V464c0 37.5 40.7 60.1 72.4 41.3l352-208c31.4-18.5 31.5-64.1 0-82.6z\"><\/path><\/svg>\t\t\t\t\t\t<\/span>\n\t\t\t\t\t\t\t\t\t\t<span class=\"elementor-icon-list-text\">Internal logistics<\/span>\n\t\t\t\t\t\t\t\t\t<\/li>\n\t\t\t\t\t\t\t\t<li class=\"elementor-icon-list-item\">\n\t\t\t\t\t\t\t\t\t\t\t<span class=\"elementor-icon-list-icon\">\n\t\t\t\t\t\t\t<svg aria-hidden=\"true\" class=\"e-font-icon-svg e-fas-play\" viewbox=\"0 0 448 512\" xmlns=\"http:\/\/www.w3.org\/2000\/svg\"><path d=\"M424.4 214.7L72.4 6.6C43.8-10.3 0 6.1 0 47.9V464c0 37.5 40.7 60.1 72.4 41.3l352-208c31.4-18.5 31.5-64.1 0-82.6z\"><\/path><\/svg>\t\t\t\t\t\t<\/span>\n\t\t\t\t\t\t\t\t\t\t<span class=\"elementor-icon-list-text\">Servicios de limpieza y desinfecci\u00f3n de silos<\/span>\n\t\t\t\t\t\t\t\t\t<\/li>\n\t\t\t\t\t\t<\/ul>\n\t\t\t\t\t\t<\/div>\n\t\t\t\t<\/div>\n\t\t\t\t\t<\/div>\n\t\t<\/div>\n\t\t\t\t<div class=\"elementor-column elementor-col-50 elementor-top-column elementor-element elementor-element-641fbae\" data-id=\"641fbae\" data-element_type=\"column\" data-e-type=\"column\">\n\t\t\t<div class=\"elementor-widget-wrap elementor-element-populated\">\n\t\t\t\t\t\t<div class=\"elementor-element elementor-element-9bd9d81 gallery-spacing-custom elementor-invisible elementor-widget elementor-widget-image-gallery\" data-id=\"9bd9d81\" data-element_type=\"widget\" data-e-type=\"widget\" data-settings=\"{&quot;_animation&quot;:&quot;fadeIn&quot;}\" data-widget_type=\"image-gallery.default\">\n\t\t\t\t<div class=\"elementor-widget-container\">\n\t\t\t\t\t\t\t<div class=\"elementor-image-gallery\">\n\t\t\t\n\t\t<style type=\"text\/css\">\n\t\t\t#gallery-1 {\n\t\t\t\tmargin: auto;\n\t\t\t}\n\t\t\t#gallery-1 .gallery-item {\n\t\t\t\tfloat: left;\n\t\t\t\tmargin-top: 10px;\n\t\t\t\ttext-align: center;\n\t\t\t\twidth: 50%;\n\t\t\t}\n\t\t\t#gallery-1 img {\n\t\t\t\tborder: 2px solid #cfcfcf;\n\t\t\t}\n\t\t\t#gallery-1 .gallery-caption {\n\t\t\t\tmargin-left: 0;\n\t\t\t}\n\t\t\t\/* see gallery_shortcode() in wp-includes\/media.php *\/\n\t\t<\/style>\n\t\t<div id='gallery-1' class='gallery galleryid-749 gallery-columns-2 gallery-size-full'><dl class='gallery-item'>\n\t\t\t<dt class='gallery-icon landscape'>\n\t\t\t\t<a data-elementor-open-lightbox=\"yes\" data-elementor-lightbox-slideshow=\"9bd9d81\" data-elementor-lightbox-title=\"sector-quimica-pesada-servicios-mullor-2\" data-e-action-hash=\"#elementor-action%3Aaction%3Dlightbox%26settings%3DeyJpZCI6MTcyOCwidXJsIjoiaHR0cHM6XC9cL3d3dy5tdWxsb3IuY29tXC93cC1jb250ZW50XC91cGxvYWRzXC8yMDE5XC8xMFwvc2VjdG9yLXF1aW1pY2EtcGVzYWRhLXNlcnZpY2lvcy1tdWxsb3ItMi5qcGciLCJzbGlkZXNob3ciOiI5YmQ5ZDgxIn0%3D\" href='https:\/\/www.mullor.com\/wp-content\/uploads\/2019\/10\/sector-quimica-pesada-servicios-mullor-2.jpg'><img fetchpriority=\"high\" decoding=\"async\" width=\"800\" height=\"600\" src=\"https:\/\/www.mullor.com\/wp-content\/uploads\/2019\/10\/sector-quimica-pesada-servicios-mullor-2.jpg\" class=\"attachment-full size-full\" alt=\"operario limpiando conductos de instalaciones en el sector qu\u00edmico\" srcset=\"https:\/\/www.mullor.com\/wp-content\/uploads\/2019\/10\/sector-quimica-pesada-servicios-mullor-2.jpg 800w, https:\/\/www.mullor.com\/wp-content\/uploads\/2019\/10\/sector-quimica-pesada-servicios-mullor-2-300x225.jpg 300w, https:\/\/www.mullor.com\/wp-content\/uploads\/2019\/10\/sector-quimica-pesada-servicios-mullor-2-768x576.jpg 768w, https:\/\/www.mullor.com\/wp-content\/uploads\/2019\/10\/sector-quimica-pesada-servicios-mullor-2-400x300.jpg 400w\" sizes=\"(max-width: 800px) 100vw, 800px\" \/><\/a>\n\t\t\t<\/dt><\/dl><dl class='gallery-item'>\n\t\t\t<dt class='gallery-icon landscape'>\n\t\t\t\t<a data-elementor-open-lightbox=\"yes\" data-elementor-lightbox-slideshow=\"9bd9d81\" data-elementor-lightbox-title=\"sector-quimica-pesada-servicios-mullor-1\" data-e-action-hash=\"#elementor-action%3Aaction%3Dlightbox%26settings%3DeyJpZCI6MTcyNiwidXJsIjoiaHR0cHM6XC9cL3d3dy5tdWxsb3IuY29tXC93cC1jb250ZW50XC91cGxvYWRzXC8yMDE5XC8xMFwvc2VjdG9yLXF1aW1pY2EtcGVzYWRhLXNlcnZpY2lvcy1tdWxsb3ItMS5qcGciLCJzbGlkZXNob3ciOiI5YmQ5ZDgxIn0%3D\" href='https:\/\/www.mullor.com\/wp-content\/uploads\/2019\/10\/sector-quimica-pesada-servicios-mullor-1.jpg'><img decoding=\"async\" width=\"800\" height=\"600\" src=\"https:\/\/www.mullor.com\/wp-content\/uploads\/2019\/10\/sector-quimica-pesada-servicios-mullor-1.jpg\" class=\"attachment-full size-full\" alt=\"instalaci\u00f3n del sector de la qu\u00edmica pesada d\u00f3nde Mullor presta sus servicios\" srcset=\"https:\/\/www.mullor.com\/wp-content\/uploads\/2019\/10\/sector-quimica-pesada-servicios-mullor-1.jpg 800w, https:\/\/www.mullor.com\/wp-content\/uploads\/2019\/10\/sector-quimica-pesada-servicios-mullor-1-300x225.jpg 300w, https:\/\/www.mullor.com\/wp-content\/uploads\/2019\/10\/sector-quimica-pesada-servicios-mullor-1-768x576.jpg 768w, https:\/\/www.mullor.com\/wp-content\/uploads\/2019\/10\/sector-quimica-pesada-servicios-mullor-1-400x300.jpg 400w\" sizes=\"(max-width: 800px) 100vw, 800px\" \/><\/a>\n\t\t\t<\/dt><\/dl><br style=\"clear: both\" \/><dl class='gallery-item'>\n\t\t\t<dt class='gallery-icon landscape'>\n\t\t\t\t<a data-elementor-open-lightbox=\"yes\" data-elementor-lightbox-slideshow=\"9bd9d81\" data-elementor-lightbox-title=\"sector-quimica-pesada-servicios-mullor-3\" data-e-action-hash=\"#elementor-action%3Aaction%3Dlightbox%26settings%3DeyJpZCI6MTcyNSwidXJsIjoiaHR0cHM6XC9cL3d3dy5tdWxsb3IuY29tXC93cC1jb250ZW50XC91cGxvYWRzXC8yMDE5XC8xMFwvc2VjdG9yLXF1aW1pY2EtcGVzYWRhLXNlcnZpY2lvcy1tdWxsb3ItMy5qcGciLCJzbGlkZXNob3ciOiI5YmQ5ZDgxIn0%3D\" href='https:\/\/www.mullor.com\/wp-content\/uploads\/2019\/10\/sector-quimica-pesada-servicios-mullor-3.jpg'><img decoding=\"async\" width=\"800\" height=\"600\" src=\"https:\/\/www.mullor.com\/wp-content\/uploads\/2019\/10\/sector-quimica-pesada-servicios-mullor-3.jpg\" class=\"attachment-full size-full\" alt=\"instalaci\u00f3n del sector de la qu\u00edmica pesada d\u00f3nde Mullor presta sus servicios\" srcset=\"https:\/\/www.mullor.com\/wp-content\/uploads\/2019\/10\/sector-quimica-pesada-servicios-mullor-3.jpg 800w, https:\/\/www.mullor.com\/wp-content\/uploads\/2019\/10\/sector-quimica-pesada-servicios-mullor-3-300x225.jpg 300w, https:\/\/www.mullor.com\/wp-content\/uploads\/2019\/10\/sector-quimica-pesada-servicios-mullor-3-768x576.jpg 768w, https:\/\/www.mullor.com\/wp-content\/uploads\/2019\/10\/sector-quimica-pesada-servicios-mullor-3-400x300.jpg 400w\" sizes=\"(max-width: 800px) 100vw, 800px\" \/><\/a>\n\t\t\t<\/dt><\/dl><dl class='gallery-item'>\n\t\t\t<dt class='gallery-icon landscape'>\n\t\t\t\t<a data-elementor-open-lightbox=\"yes\" data-elementor-lightbox-slideshow=\"9bd9d81\" data-elementor-lightbox-title=\"sector-quimica-pesada-servicios-mullor-6\" data-e-action-hash=\"#elementor-action%3Aaction%3Dlightbox%26settings%3DeyJpZCI6MTcyNywidXJsIjoiaHR0cHM6XC9cL3d3dy5tdWxsb3IuY29tXC93cC1jb250ZW50XC91cGxvYWRzXC8yMDE5XC8xMFwvc2VjdG9yLXF1aW1pY2EtcGVzYWRhLXNlcnZpY2lvcy1tdWxsb3ItNi5qcGciLCJzbGlkZXNob3ciOiI5YmQ5ZDgxIn0%3D\" href='https:\/\/www.mullor.com\/wp-content\/uploads\/2019\/10\/sector-quimica-pesada-servicios-mullor-6.jpg'><img loading=\"lazy\" decoding=\"async\" width=\"800\" height=\"600\" src=\"https:\/\/www.mullor.com\/wp-content\/uploads\/2019\/10\/sector-quimica-pesada-servicios-mullor-6.jpg\" class=\"attachment-full size-full\" alt=\"operario de mantenimiento de Mullor en trabajo en el sector qu\u00edmico\" srcset=\"https:\/\/www.mullor.com\/wp-content\/uploads\/2019\/10\/sector-quimica-pesada-servicios-mullor-6.jpg 800w, https:\/\/www.mullor.com\/wp-content\/uploads\/2019\/10\/sector-quimica-pesada-servicios-mullor-6-300x225.jpg 300w, https:\/\/www.mullor.com\/wp-content\/uploads\/2019\/10\/sector-quimica-pesada-servicios-mullor-6-768x576.jpg 768w, https:\/\/www.mullor.com\/wp-content\/uploads\/2019\/10\/sector-quimica-pesada-servicios-mullor-6-400x300.jpg 400w\" sizes=\"(max-width: 800px) 100vw, 800px\" \/><\/a>\n\t\t\t<\/dt><\/dl><br style=\"clear: both\" \/><dl class='gallery-item'>\n\t\t\t<dt class='gallery-icon landscape'>\n\t\t\t\t<a data-elementor-open-lightbox=\"yes\" data-elementor-lightbox-slideshow=\"9bd9d81\" data-elementor-lightbox-title=\"sector-quimica-pesada-servicios-mullor-4\" data-e-action-hash=\"#elementor-action%3Aaction%3Dlightbox%26settings%3DeyJpZCI6MTcyOSwidXJsIjoiaHR0cHM6XC9cL3d3dy5tdWxsb3IuY29tXC93cC1jb250ZW50XC91cGxvYWRzXC8yMDE5XC8xMFwvc2VjdG9yLXF1aW1pY2EtcGVzYWRhLXNlcnZpY2lvcy1tdWxsb3ItNC5qcGciLCJzbGlkZXNob3ciOiI5YmQ5ZDgxIn0%3D\" href='https:\/\/www.mullor.com\/wp-content\/uploads\/2019\/10\/sector-quimica-pesada-servicios-mullor-4.jpg'><img loading=\"lazy\" decoding=\"async\" width=\"800\" height=\"600\" src=\"https:\/\/www.mullor.com\/wp-content\/uploads\/2019\/10\/sector-quimica-pesada-servicios-mullor-4.jpg\" class=\"attachment-full size-full\" alt=\"conductos de una instalaci\u00f3n del sector qu\u00edmico\" srcset=\"https:\/\/www.mullor.com\/wp-content\/uploads\/2019\/10\/sector-quimica-pesada-servicios-mullor-4.jpg 800w, https:\/\/www.mullor.com\/wp-content\/uploads\/2019\/10\/sector-quimica-pesada-servicios-mullor-4-300x225.jpg 300w, https:\/\/www.mullor.com\/wp-content\/uploads\/2019\/10\/sector-quimica-pesada-servicios-mullor-4-768x576.jpg 768w, https:\/\/www.mullor.com\/wp-content\/uploads\/2019\/10\/sector-quimica-pesada-servicios-mullor-4-400x300.jpg 400w\" sizes=\"(max-width: 800px) 100vw, 800px\" \/><\/a>\n\t\t\t<\/dt><\/dl><dl class='gallery-item'>\n\t\t\t<dt class='gallery-icon landscape'>\n\t\t\t\t<a data-elementor-open-lightbox=\"yes\" data-elementor-lightbox-slideshow=\"9bd9d81\" data-elementor-lightbox-title=\"sector-quimica-pesada-servicios-mullor-5\" data-e-action-hash=\"#elementor-action%3Aaction%3Dlightbox%26settings%3DeyJpZCI6MTczMSwidXJsIjoiaHR0cHM6XC9cL3d3dy5tdWxsb3IuY29tXC93cC1jb250ZW50XC91cGxvYWRzXC8yMDE5XC8xMFwvc2VjdG9yLXF1aW1pY2EtcGVzYWRhLXNlcnZpY2lvcy1tdWxsb3ItNS5qcGciLCJzbGlkZXNob3ciOiI5YmQ5ZDgxIn0%3D\" href='https:\/\/www.mullor.com\/wp-content\/uploads\/2019\/10\/sector-quimica-pesada-servicios-mullor-5.jpg'><img loading=\"lazy\" decoding=\"async\" width=\"800\" height=\"600\" src=\"https:\/\/www.mullor.com\/wp-content\/uploads\/2019\/10\/sector-quimica-pesada-servicios-mullor-5.jpg\" class=\"attachment-full size-full\" alt=\"operarios limpiando conductos de instalaciones en el sector qu\u00edmico\" srcset=\"https:\/\/www.mullor.com\/wp-content\/uploads\/2019\/10\/sector-quimica-pesada-servicios-mullor-5.jpg 800w, https:\/\/www.mullor.com\/wp-content\/uploads\/2019\/10\/sector-quimica-pesada-servicios-mullor-5-300x225.jpg 300w, https:\/\/www.mullor.com\/wp-content\/uploads\/2019\/10\/sector-quimica-pesada-servicios-mullor-5-768x576.jpg 768w, https:\/\/www.mullor.com\/wp-content\/uploads\/2019\/10\/sector-quimica-pesada-servicios-mullor-5-400x300.jpg 400w\" sizes=\"(max-width: 800px) 100vw, 800px\" \/><\/a>\n\t\t\t<\/dt><\/dl><br style=\"clear: both\" \/>\n\t\t<\/div>\n\t\t<\/div>\n\t\t\t\t\t\t<\/div>\n\t\t\t\t<\/div>\n\t\t\t\t\t<\/div>\n\t\t<\/div>\n\t\t\t\t\t<\/div>\n\t\t<\/section>\n\t\t\t\t<section class=\"elementor-section elementor-top-section elementor-element elementor-element-f228214 elementor-section-stretched elementor-section-boxed elementor-section-height-default elementor-section-height-default\" data-id=\"f228214\" data-element_type=\"section\" data-e-type=\"section\" data-settings=\"{&quot;stretch_section&quot;:&quot;section-stretched&quot;}\">\n\t\t\t\t\t\t<div class=\"elementor-container elementor-column-gap-default\">\n\t\t\t\t\t<div class=\"elementor-column elementor-col-100 elementor-top-column elementor-element elementor-element-87d7893\" data-id=\"87d7893\" data-element_type=\"column\" data-e-type=\"column\">\n\t\t\t<div class=\"elementor-widget-wrap elementor-element-populated\">\n\t\t\t\t\t\t<div class=\"elementor-element elementor-element-3907be4 elementor-widget elementor-widget-heading\" data-id=\"3907be4\" data-element_type=\"widget\" data-e-type=\"widget\" data-widget_type=\"heading.default\">\n\t\t\t\t<div class=\"elementor-widget-container\">\n\t\t\t\t\t<h2 class=\"elementor-heading-title elementor-size-medium\"><a href=\"https:\/\/www.mullor.com\/en\/sobre-mullor\/centro-especial-de-empleo\/\" target=\"_blank\">Special Work Centre<\/a><\/h2>\t\t\t\t<\/div>\n\t\t\t\t<\/div>\n\t\t\t\t<div class=\"elementor-element elementor-element-276d162 elementor-widget-divider--view-line elementor-widget elementor-widget-divider\" data-id=\"276d162\" data-element_type=\"widget\" data-e-type=\"widget\" data-widget_type=\"divider.default\">\n\t\t\t\t<div class=\"elementor-widget-container\">\n\t\t\t\t\t\t\t<div class=\"elementor-divider\">\n\t\t\t<span class=\"elementor-divider-separator\">\n\t\t\t\t\t\t<\/span>\n\t\t<\/div>\n\t\t\t\t\t\t<\/div>\n\t\t\t\t<\/div>\n\t\t\t\t<div class=\"elementor-element elementor-element-8a68ace elementor-widget elementor-widget-text-editor\" data-id=\"8a68ace\" data-element_type=\"widget\" data-e-type=\"widget\" data-settings=\"{&quot;_animation&quot;:&quot;none&quot;}\" data-widget_type=\"text-editor.default\">\n\t\t\t\t<div class=\"elementor-widget-container\">\n\t\t\t\t\t\t\t\t\t<p>Para las empresas de la industria qu\u00edmica, y seg\u00fan el n\u00famero de trabajadores fijos en su plantilla y del servicio solicitado, existe la posibilidad de contratar nuestros servicios auxiliares a trav\u00e9s de nuestro <a href=\"https:\/\/www.mullor.com\/en\/sobre-mullor\/centro-especial-de-empleo\/\" target=\"_blank\" rel=\"noopener\">Special Work Centre<\/a>.<\/p>\t\t\t\t\t\t\t\t<\/div>\n\t\t\t\t<\/div>\n\t\t\t\t\t<\/div>\n\t\t<\/div>\n\t\t\t\t\t<\/div>\n\t\t<\/section>\n\t\t\t\t<section class=\"elementor-section elementor-top-section elementor-element elementor-element-4d2e538 elementor-section-stretched elementor-section-height-min-height elementor-section-content-middle elementor-section-boxed elementor-section-height-default elementor-section-items-middle elementor-invisible\" data-id=\"4d2e538\" data-element_type=\"section\" data-e-type=\"section\" data-settings=\"{&quot;stretch_section&quot;:&quot;section-stretched&quot;,&quot;background_background&quot;:&quot;classic&quot;,&quot;animation&quot;:&quot;bounce&quot;}\">\n\t\t\t\t\t\t<div class=\"elementor-container elementor-column-gap-default\">\n\t\t\t\t\t<div class=\"elementor-column elementor-col-100 elementor-top-column elementor-element elementor-element-7a70a0f\" data-id=\"7a70a0f\" data-element_type=\"column\" data-e-type=\"column\">\n\t\t\t<div class=\"elementor-widget-wrap elementor-element-populated\">\n\t\t\t\t\t\t<section class=\"elementor-section elementor-inner-section elementor-element elementor-element-37b93e0 elementor-section-content-middle elementor-section-boxed elementor-section-height-default elementor-section-height-default\" data-id=\"37b93e0\" data-element_type=\"section\" data-e-type=\"section\">\n\t\t\t\t\t\t<div class=\"elementor-container elementor-column-gap-default\">\n\t\t\t\t\t<div class=\"elementor-column elementor-col-50 elementor-inner-column elementor-element elementor-element-4ec4be0\" data-id=\"4ec4be0\" data-element_type=\"column\" data-e-type=\"column\">\n\t\t\t<div class=\"elementor-widget-wrap elementor-element-populated\">\n\t\t\t\t\t\t<div class=\"elementor-element elementor-element-f2c2111 elementor-widget elementor-widget-heading\" data-id=\"f2c2111\" data-element_type=\"widget\" data-e-type=\"widget\" data-widget_type=\"heading.default\">\n\t\t\t\t<div class=\"elementor-widget-container\">\n\t\t\t\t\t<h4 class=\"elementor-heading-title elementor-size-default\">Further information<\/h4>\t\t\t\t<\/div>\n\t\t\t\t<\/div>\n\t\t\t\t\t<\/div>\n\t\t<\/div>\n\t\t\t\t<div class=\"elementor-column elementor-col-50 elementor-inner-column elementor-element elementor-element-3dab530\" data-id=\"3dab530\" data-element_type=\"column\" data-e-type=\"column\">\n\t\t\t<div class=\"elementor-widget-wrap elementor-element-populated\">\n\t\t\t\t\t\t<div class=\"elementor-element elementor-element-1b28eba elementor-align-center elementor-widget elementor-widget-button\" data-id=\"1b28eba\" data-element_type=\"widget\" data-e-type=\"widget\" data-widget_type=\"button.default\">\n\t\t\t\t<div class=\"elementor-widget-container\">\n\t\t\t\t\t\t\t\t\t<div class=\"elementor-button-wrapper\">\n\t\t\t\t\t<a class=\"elementor-button elementor-button-link elementor-size-sm\" href=\"https:\/\/www.mullor.com\/en\/contacto\/\">\n\t\t\t\t\t\t<span class=\"elementor-button-content-wrapper\">\n\t\t\t\t\t\t\t\t\t<span class=\"elementor-button-text\">CONTACT US<\/span>\n\t\t\t\t\t<\/span>\n\t\t\t\t\t<\/a>\n\t\t\t\t<\/div>\n\t\t\t\t\t\t\t\t<\/div>\n\t\t\t\t<\/div>\n\t\t\t\t\t<\/div>\n\t\t<\/div>\n\t\t\t\t\t<\/div>\n\t\t<\/section>\n\t\t\t\t\t<\/div>\n\t\t<\/div>\n\t\t\t\t\t<\/div>\n\t\t<\/section>\n\t\t\t\t<\/div>","protected":false},"excerpt":{"rendered":"<p>QU\u00cdMICA, PESADA Y DE FLUJO CONT\u00cdNUO Nuestros clientes valoran la m\u00e1xima garant\u00eda que Mullor les ofrece en experiencia, adaptabilidad, seguridad y salud en el puesto de trabajo. Mullor trabaja desde hace 70 a\u00f1os con diversidad de clientes, en la Industria Qu\u00edmica, pesada y de flujo continuo. \u00a0 La especial selecci\u00f3n y formaci\u00f3n del personal que debe trabajar en este \u00e1mbito<\/p>\n<p><a class=\"more-link\" href=\"https:\/\/www.mullor.com\/en\/sectores\/quimica-pesada-de-flujo-continuo\/\">Read More<\/a><\/p>","protected":false},"author":1,"featured_media":0,"parent":172,"menu_order":0,"comment_status":"closed","ping_status":"closed","template":"elementor_header_footer","meta":{"footnotes":""},"class_list":["post-749","page","type-page","status-publish","hentry"],"aioseo_notices":[],"_links":{"self":[{"href":"https:\/\/www.mullor.com\/en\/wp-json\/wp\/v2\/pages\/749","targetHints":{"allow":["GET"]}}],"collection":[{"href":"https:\/\/www.mullor.com\/en\/wp-json\/wp\/v2\/pages"}],"about":[{"href":"https:\/\/www.mullor.com\/en\/wp-json\/wp\/v2\/types\/page"}],"author":[{"embeddable":true,"href":"https:\/\/www.mullor.com\/en\/wp-json\/wp\/v2\/users\/1"}],"replies":[{"embeddable":true,"href":"https:\/\/www.mullor.com\/en\/wp-json\/wp\/v2\/comments?post=749"}],"version-history":[{"count":26,"href":"https:\/\/www.mullor.com\/en\/wp-json\/wp\/v2\/pages\/749\/revisions"}],"predecessor-version":[{"id":3691,"href":"https:\/\/www.mullor.com\/en\/wp-json\/wp\/v2\/pages\/749\/revisions\/3691"}],"up":[{"embeddable":true,"href":"https:\/\/www.mullor.com\/en\/wp-json\/wp\/v2\/pages\/172"}],"wp:attachment":[{"href":"https:\/\/www.mullor.com\/en\/wp-json\/wp\/v2\/media?parent=749"}],"curies":[{"name":"wp","href":"https:\/\/api.w.org\/{rel}","templated":true}]}}