{"id":800,"date":"2019-07-01T11:04:26","date_gmt":"2019-07-01T09:04:26","guid":{"rendered":"https:\/\/www.mullor.com\/?page_id=800"},"modified":"2022-06-15T19:00:37","modified_gmt":"2022-06-15T17:00:37","slug":"limpieza","status":"publish","type":"page","link":"https:\/\/www.mullor.com\/en\/servicios\/limpieza\/","title":{"rendered":"Cleaning"},"content":{"rendered":"<div data-elementor-type=\"wp-post\" data-elementor-id=\"800\" class=\"elementor elementor-800\">\n\t\t\t\t\t\t<section class=\"elementor-section elementor-top-section elementor-element elementor-element-88e25c6 elementor-section-stretched elementor-section-height-min-height banner elementor-section-boxed elementor-section-height-default elementor-section-items-middle\" data-id=\"88e25c6\" data-element_type=\"section\" data-e-type=\"section\" data-settings=\"{&quot;stretch_section&quot;:&quot;section-stretched&quot;,&quot;background_background&quot;:&quot;classic&quot;}\">\n\t\t\t\t\t\t<div class=\"elementor-container elementor-column-gap-default\">\n\t\t\t\t\t<div class=\"elementor-column elementor-col-100 elementor-top-column elementor-element elementor-element-c07b9b0\" data-id=\"c07b9b0\" data-element_type=\"column\" data-e-type=\"column\">\n\t\t\t<div class=\"elementor-widget-wrap elementor-element-populated\">\n\t\t\t\t\t\t<div class=\"elementor-element elementor-element-4b14500 elementor-invisible elementor-widget elementor-widget-heading\" data-id=\"4b14500\" data-element_type=\"widget\" data-e-type=\"widget\" data-settings=\"{&quot;_animation&quot;:&quot;zoomIn&quot;}\" data-widget_type=\"heading.default\">\n\t\t\t\t<div class=\"elementor-widget-container\">\n\t\t\t\t\t<h1 class=\"elementor-heading-title elementor-size-default\">CLEANING<\/h1>\t\t\t\t<\/div>\n\t\t\t\t<\/div>\n\t\t\t\t\t<\/div>\n\t\t<\/div>\n\t\t\t\t\t<\/div>\n\t\t<\/section>\n\t\t\t\t<section class=\"elementor-section elementor-top-section elementor-element elementor-element-df611ad elementor-section-stretched elementor-section-full_width elementor-section-height-default elementor-section-height-default\" data-id=\"df611ad\" data-element_type=\"section\" data-e-type=\"section\" data-settings=\"{&quot;stretch_section&quot;:&quot;section-stretched&quot;}\">\n\t\t\t\t\t\t<div class=\"elementor-container elementor-column-gap-default\">\n\t\t\t\t\t<div class=\"elementor-column elementor-col-100 elementor-top-column elementor-element elementor-element-480e824\" data-id=\"480e824\" data-element_type=\"column\" data-e-type=\"column\">\n\t\t\t<div class=\"elementor-widget-wrap\">\n\t\t\t\t\t\t\t<\/div>\n\t\t<\/div>\n\t\t\t\t\t<\/div>\n\t\t<\/section>\n\t\t\t\t<section class=\"elementor-section elementor-top-section elementor-element elementor-element-94eb7a1 elementor-section-stretched elementor-section-boxed elementor-section-height-default elementor-section-height-default\" data-id=\"94eb7a1\" data-element_type=\"section\" data-e-type=\"section\" data-settings=\"{&quot;stretch_section&quot;:&quot;section-stretched&quot;}\">\n\t\t\t\t\t\t<div class=\"elementor-container elementor-column-gap-default\">\n\t\t\t\t\t<div class=\"elementor-column elementor-col-50 elementor-top-column elementor-element elementor-element-bd82d96\" data-id=\"bd82d96\" data-element_type=\"column\" data-e-type=\"column\">\n\t\t\t<div class=\"elementor-widget-wrap elementor-element-populated\">\n\t\t\t\t\t\t<div class=\"elementor-element elementor-element-3ec6471 elementor-widget elementor-widget-heading\" data-id=\"3ec6471\" data-element_type=\"widget\" data-e-type=\"widget\" data-settings=\"{&quot;_animation&quot;:&quot;none&quot;}\" data-widget_type=\"heading.default\">\n\t\t\t\t<div class=\"elementor-widget-container\">\n\t\t\t\t\t<div class=\"elementor-heading-title elementor-size-default\"><b>Proven experience in cleaning services in all types of facilities.<\/b><\/div>\t\t\t\t<\/div>\n\t\t\t\t<\/div>\n\t\t\t\t<div class=\"elementor-element elementor-element-9014911 elementor-widget elementor-widget-text-editor\" data-id=\"9014911\" data-element_type=\"widget\" data-e-type=\"widget\" data-settings=\"{&quot;_animation&quot;:&quot;none&quot;}\" data-widget_type=\"text-editor.default\">\n\t\t\t\t<div class=\"elementor-widget-container\">\n\t\t\t\t\t\t\t\t\t<p>Mullor has been one of the first firms in the cleaning sector to be certified with the<a href=\"https:\/\/www.mullor.com\/en\/sobre-mullor\/calidad\/\" target=\"_blank\" rel=\"noopener\"> ISO 9.000 and 14.001<\/a> y la primera empresa en la pen\u00ednsula Ib\u00e9rica en estar certificada en limpieza seg\u00fan la <a href=\"https:\/\/www.mullor.com\/en\/sobre-mullor\/calidad\/\" target=\"_blank\" rel=\"noopener\">ISO 22,000<\/a> in food industry.<\/p><p>\u00a0<\/p><p>Tras iniciar nuestra actividad de servicios instalando y manteniendo suelos t\u00e9cnicos, 73 a\u00f1os de experiencia han hecho que Mullor sea reconocido por sus s\u00f3lidos conocimientos t\u00e9cnicos y por el nivel de formaci\u00f3n y capacitaci\u00f3n de sus equipos.<\/p><p>\u00a0<\/p><p>We can highlight the following services:<\/p>\t\t\t\t\t\t\t\t<\/div>\n\t\t\t\t<\/div>\n\t\t\t\t<div class=\"elementor-element elementor-element-341d09b elementor-widget elementor-widget-spacer\" data-id=\"341d09b\" data-element_type=\"widget\" data-e-type=\"widget\" data-widget_type=\"spacer.default\">\n\t\t\t\t<div class=\"elementor-widget-container\">\n\t\t\t\t\t\t\t<div class=\"elementor-spacer\">\n\t\t\t<div class=\"elementor-spacer-inner\"><\/div>\n\t\t<\/div>\n\t\t\t\t\t\t<\/div>\n\t\t\t\t<\/div>\n\t\t\t\t<div class=\"elementor-element elementor-element-be6d741 elementor-align-start elementor-icon-list--layout-traditional elementor-list-item-link-full_width elementor-invisible elementor-widget elementor-widget-icon-list\" data-id=\"be6d741\" data-element_type=\"widget\" data-e-type=\"widget\" data-settings=\"{&quot;_animation&quot;:&quot;bounceIn&quot;}\" data-widget_type=\"icon-list.default\">\n\t\t\t\t<div class=\"elementor-widget-container\">\n\t\t\t\t\t\t\t<ul class=\"elementor-icon-list-items\">\n\t\t\t\t\t\t\t<li class=\"elementor-icon-list-item\">\n\t\t\t\t\t\t\t\t\t\t\t<span class=\"elementor-icon-list-icon\">\n\t\t\t\t\t\t\t<svg aria-hidden=\"true\" class=\"e-font-icon-svg e-fas-play\" viewbox=\"0 0 448 512\" xmlns=\"http:\/\/www.w3.org\/2000\/svg\"><path d=\"M424.4 214.7L72.4 6.6C43.8-10.3 0 6.1 0 47.9V464c0 37.5 40.7 60.1 72.4 41.3l352-208c31.4-18.5 31.5-64.1 0-82.6z\"><\/path><\/svg>\t\t\t\t\t\t<\/span>\n\t\t\t\t\t\t\t\t\t\t<span class=\"elementor-icon-list-text\">Indoor and outdoor cleaning of buildings<\/span>\n\t\t\t\t\t\t\t\t\t<\/li>\n\t\t\t\t\t\t\t\t<li class=\"elementor-icon-list-item\">\n\t\t\t\t\t\t\t\t\t\t\t<span class=\"elementor-icon-list-icon\">\n\t\t\t\t\t\t\t<svg aria-hidden=\"true\" class=\"e-font-icon-svg e-fas-play\" viewbox=\"0 0 448 512\" xmlns=\"http:\/\/www.w3.org\/2000\/svg\"><path d=\"M424.4 214.7L72.4 6.6C43.8-10.3 0 6.1 0 47.9V464c0 37.5 40.7 60.1 72.4 41.3l352-208c31.4-18.5 31.5-64.1 0-82.6z\"><\/path><\/svg>\t\t\t\t\t\t<\/span>\n\t\t\t\t\t\t\t\t\t\t<span class=\"elementor-icon-list-text\">Hotel establishments cleaning<\/span>\n\t\t\t\t\t\t\t\t\t<\/li>\n\t\t\t\t\t\t\t\t<li class=\"elementor-icon-list-item\">\n\t\t\t\t\t\t\t\t\t\t\t<span class=\"elementor-icon-list-icon\">\n\t\t\t\t\t\t\t<svg aria-hidden=\"true\" class=\"e-font-icon-svg e-fas-play\" viewbox=\"0 0 448 512\" xmlns=\"http:\/\/www.w3.org\/2000\/svg\"><path d=\"M424.4 214.7L72.4 6.6C43.8-10.3 0 6.1 0 47.9V464c0 37.5 40.7 60.1 72.4 41.3l352-208c31.4-18.5 31.5-64.1 0-82.6z\"><\/path><\/svg>\t\t\t\t\t\t<\/span>\n\t\t\t\t\t\t\t\t\t\t<span class=\"elementor-icon-list-text\">Productive facilities cleaning<\/span>\n\t\t\t\t\t\t\t\t\t<\/li>\n\t\t\t\t\t\t\t\t<li class=\"elementor-icon-list-item\">\n\t\t\t\t\t\t\t\t\t\t\t<span class=\"elementor-icon-list-icon\">\n\t\t\t\t\t\t\t<svg aria-hidden=\"true\" class=\"e-font-icon-svg e-fas-play\" viewbox=\"0 0 448 512\" xmlns=\"http:\/\/www.w3.org\/2000\/svg\"><path d=\"M424.4 214.7L72.4 6.6C43.8-10.3 0 6.1 0 47.9V464c0 37.5 40.7 60.1 72.4 41.3l352-208c31.4-18.5 31.5-64.1 0-82.6z\"><\/path><\/svg>\t\t\t\t\t\t<\/span>\n\t\t\t\t\t\t\t\t\t\t<span class=\"elementor-icon-list-text\">Industrial equipment cleaning<\/span>\n\t\t\t\t\t\t\t\t\t<\/li>\n\t\t\t\t\t\t\t\t<li class=\"elementor-icon-list-item\">\n\t\t\t\t\t\t\t\t\t\t\t<span class=\"elementor-icon-list-icon\">\n\t\t\t\t\t\t\t<svg aria-hidden=\"true\" class=\"e-font-icon-svg e-fas-play\" viewbox=\"0 0 448 512\" xmlns=\"http:\/\/www.w3.org\/2000\/svg\"><path d=\"M424.4 214.7L72.4 6.6C43.8-10.3 0 6.1 0 47.9V464c0 37.5 40.7 60.1 72.4 41.3l352-208c31.4-18.5 31.5-64.1 0-82.6z\"><\/path><\/svg>\t\t\t\t\t\t<\/span>\n\t\t\t\t\t\t\t\t\t\t<span class=\"elementor-icon-list-text\">Cleanroom cleaning<\/span>\n\t\t\t\t\t\t\t\t\t<\/li>\n\t\t\t\t\t\t<\/ul>\n\t\t\t\t\t\t<\/div>\n\t\t\t\t<\/div>\n\t\t\t\t\t<\/div>\n\t\t<\/div>\n\t\t\t\t<div class=\"elementor-column elementor-col-50 elementor-top-column elementor-element elementor-element-641fbae\" data-id=\"641fbae\" data-element_type=\"column\" data-e-type=\"column\">\n\t\t\t<div class=\"elementor-widget-wrap elementor-element-populated\">\n\t\t\t\t\t\t<div class=\"elementor-element elementor-element-9bd9d81 gallery-spacing-custom elementor-invisible elementor-widget elementor-widget-image-gallery\" data-id=\"9bd9d81\" data-element_type=\"widget\" data-e-type=\"widget\" data-settings=\"{&quot;_animation&quot;:&quot;fadeIn&quot;}\" data-widget_type=\"image-gallery.default\">\n\t\t\t\t<div class=\"elementor-widget-container\">\n\t\t\t\t\t\t\t<div class=\"elementor-image-gallery\">\n\t\t\t\n\t\t<style type=\"text\/css\">\n\t\t\t#gallery-1 {\n\t\t\t\tmargin: auto;\n\t\t\t}\n\t\t\t#gallery-1 .gallery-item {\n\t\t\t\tfloat: left;\n\t\t\t\tmargin-top: 10px;\n\t\t\t\ttext-align: center;\n\t\t\t\twidth: 50%;\n\t\t\t}\n\t\t\t#gallery-1 img {\n\t\t\t\tborder: 2px solid #cfcfcf;\n\t\t\t}\n\t\t\t#gallery-1 .gallery-caption {\n\t\t\t\tmargin-left: 0;\n\t\t\t}\n\t\t\t\/* see gallery_shortcode() in wp-includes\/media.php *\/\n\t\t<\/style>\n\t\t<div id='gallery-1' class='gallery galleryid-800 gallery-columns-2 gallery-size-full'><dl class='gallery-item'>\n\t\t\t<dt class='gallery-icon landscape'>\n\t\t\t\t<a data-elementor-open-lightbox=\"yes\" data-elementor-lightbox-slideshow=\"9bd9d81\" data-elementor-lightbox-title=\"servicios-limpieza-de-ventanas-mullor\" data-e-action-hash=\"#elementor-action%3Aaction%3Dlightbox%26settings%3DeyJpZCI6ODA3LCJ1cmwiOiJodHRwczpcL1wvd3d3Lm11bGxvci5jb21cL3dwLWNvbnRlbnRcL3VwbG9hZHNcLzIwMTlcLzA3XC9zZXJ2aWNpb3MtbGltcGllemEtZGUtdmVudGFuYXMtbXVsbG9yLmpwZyIsInNsaWRlc2hvdyI6IjliZDlkODEifQ%3D%3D\" href='https:\/\/www.mullor.com\/wp-content\/uploads\/2019\/07\/servicios-limpieza-de-ventanas-mullor.jpg'><img fetchpriority=\"high\" decoding=\"async\" width=\"800\" height=\"600\" src=\"https:\/\/www.mullor.com\/wp-content\/uploads\/2019\/07\/servicios-limpieza-de-ventanas-mullor.jpg\" class=\"attachment-full size-full\" alt=\"personal de Mullor en limpieza de ventanas\" srcset=\"https:\/\/www.mullor.com\/wp-content\/uploads\/2019\/07\/servicios-limpieza-de-ventanas-mullor.jpg 800w, https:\/\/www.mullor.com\/wp-content\/uploads\/2019\/07\/servicios-limpieza-de-ventanas-mullor-300x225.jpg 300w, https:\/\/www.mullor.com\/wp-content\/uploads\/2019\/07\/servicios-limpieza-de-ventanas-mullor-768x576.jpg 768w, https:\/\/www.mullor.com\/wp-content\/uploads\/2019\/07\/servicios-limpieza-de-ventanas-mullor-400x300.jpg 400w\" sizes=\"(max-width: 800px) 100vw, 800px\" \/><\/a>\n\t\t\t<\/dt><\/dl><dl class='gallery-item'>\n\t\t\t<dt class='gallery-icon landscape'>\n\t\t\t\t<a data-elementor-open-lightbox=\"yes\" data-elementor-lightbox-slideshow=\"9bd9d81\" data-elementor-lightbox-title=\"servicios limpieza exterior mullor\" data-e-action-hash=\"#elementor-action%3Aaction%3Dlightbox%26settings%3DeyJpZCI6MzkwOSwidXJsIjoiaHR0cHM6XC9cL3d3dy5tdWxsb3IuY29tXC93cC1jb250ZW50XC91cGxvYWRzXC8yMDIyXC8wNlwvc2VydmljaW9zLWxpbXBpZXphLWV4dGVyaW9yLW11bGxvci53ZWJwIiwic2xpZGVzaG93IjoiOWJkOWQ4MSJ9\" href='https:\/\/www.mullor.com\/wp-content\/uploads\/2022\/06\/servicios-limpieza-exterior-mullor.webp'><img decoding=\"async\" width=\"800\" height=\"600\" src=\"https:\/\/www.mullor.com\/wp-content\/uploads\/2022\/06\/servicios-limpieza-exterior-mullor.webp\" class=\"attachment-full size-full\" alt=\"Servicios de Limpieza Exterior Mullor\" srcset=\"https:\/\/www.mullor.com\/wp-content\/uploads\/2022\/06\/servicios-limpieza-exterior-mullor.webp 800w, https:\/\/www.mullor.com\/wp-content\/uploads\/2022\/06\/servicios-limpieza-exterior-mullor-300x225.webp 300w, https:\/\/www.mullor.com\/wp-content\/uploads\/2022\/06\/servicios-limpieza-exterior-mullor-768x576.webp 768w, https:\/\/www.mullor.com\/wp-content\/uploads\/2022\/06\/servicios-limpieza-exterior-mullor-16x12.webp 16w, https:\/\/www.mullor.com\/wp-content\/uploads\/2022\/06\/servicios-limpieza-exterior-mullor-400x300.webp 400w\" sizes=\"(max-width: 800px) 100vw, 800px\" \/><\/a>\n\t\t\t<\/dt><\/dl><br style=\"clear: both\" \/><dl class='gallery-item'>\n\t\t\t<dt class='gallery-icon landscape'>\n\t\t\t\t<a data-elementor-open-lightbox=\"yes\" data-elementor-lightbox-slideshow=\"9bd9d81\" data-elementor-lightbox-title=\"limpieza-de-interiores-servicios-mullor\" data-e-action-hash=\"#elementor-action%3Aaction%3Dlightbox%26settings%3DeyJpZCI6ODA2LCJ1cmwiOiJodHRwczpcL1wvd3d3Lm11bGxvci5jb21cL3dwLWNvbnRlbnRcL3VwbG9hZHNcLzIwMTlcLzA3XC9saW1waWV6YS1kZS1pbnRlcmlvcmVzLXNlcnZpY2lvcy1tdWxsb3IuanBnIiwic2xpZGVzaG93IjoiOWJkOWQ4MSJ9\" href='https:\/\/www.mullor.com\/wp-content\/uploads\/2019\/07\/limpieza-de-interiores-servicios-mullor.jpg'><img decoding=\"async\" width=\"800\" height=\"600\" src=\"https:\/\/www.mullor.com\/wp-content\/uploads\/2019\/07\/limpieza-de-interiores-servicios-mullor.jpg\" class=\"attachment-full size-full\" alt=\"personal de Mullor en limpieza de interiores\" srcset=\"https:\/\/www.mullor.com\/wp-content\/uploads\/2019\/07\/limpieza-de-interiores-servicios-mullor.jpg 800w, https:\/\/www.mullor.com\/wp-content\/uploads\/2019\/07\/limpieza-de-interiores-servicios-mullor-300x225.jpg 300w, https:\/\/www.mullor.com\/wp-content\/uploads\/2019\/07\/limpieza-de-interiores-servicios-mullor-768x576.jpg 768w, https:\/\/www.mullor.com\/wp-content\/uploads\/2019\/07\/limpieza-de-interiores-servicios-mullor-400x300.jpg 400w\" sizes=\"(max-width: 800px) 100vw, 800px\" \/><\/a>\n\t\t\t<\/dt><\/dl><dl class='gallery-item'>\n\t\t\t<dt class='gallery-icon landscape'>\n\t\t\t\t<a data-elementor-open-lightbox=\"yes\" data-elementor-lightbox-slideshow=\"9bd9d81\" data-elementor-lightbox-title=\"limpieza interior edificios\" data-e-action-hash=\"#elementor-action%3Aaction%3Dlightbox%26settings%3DeyJpZCI6MzgzMCwidXJsIjoiaHR0cHM6XC9cL3d3dy5tdWxsb3IuY29tXC93cC1jb250ZW50XC91cGxvYWRzXC8yMDIyXC8wNlwvbGltcGllemEtaW50ZXJpb3ItZWRpZmljaW9zLmpwZyIsInNsaWRlc2hvdyI6IjliZDlkODEifQ%3D%3D\" href='https:\/\/www.mullor.com\/wp-content\/uploads\/2022\/06\/limpieza-interior-edificios.jpg'><img loading=\"lazy\" decoding=\"async\" width=\"800\" height=\"600\" src=\"https:\/\/www.mullor.com\/wp-content\/uploads\/2022\/06\/limpieza-interior-edificios.jpg\" class=\"attachment-full size-full\" alt=\"limpieza interior edificios\" srcset=\"https:\/\/www.mullor.com\/wp-content\/uploads\/2022\/06\/limpieza-interior-edificios.jpg 800w, https:\/\/www.mullor.com\/wp-content\/uploads\/2022\/06\/limpieza-interior-edificios-300x225.jpg 300w, https:\/\/www.mullor.com\/wp-content\/uploads\/2022\/06\/limpieza-interior-edificios-768x576.jpg 768w, https:\/\/www.mullor.com\/wp-content\/uploads\/2022\/06\/limpieza-interior-edificios-16x12.jpg 16w, https:\/\/www.mullor.com\/wp-content\/uploads\/2022\/06\/limpieza-interior-edificios-400x300.jpg 400w\" sizes=\"(max-width: 800px) 100vw, 800px\" \/><\/a>\n\t\t\t<\/dt><\/dl><br style=\"clear: both\" \/><dl class='gallery-item'>\n\t\t\t<dt class='gallery-icon landscape'>\n\t\t\t\t<a data-elementor-open-lightbox=\"yes\" data-elementor-lightbox-slideshow=\"9bd9d81\" data-elementor-lightbox-title=\"limpieza suelos edificios\" data-e-action-hash=\"#elementor-action%3Aaction%3Dlightbox%26settings%3DeyJpZCI6MzgzMSwidXJsIjoiaHR0cHM6XC9cL3d3dy5tdWxsb3IuY29tXC93cC1jb250ZW50XC91cGxvYWRzXC8yMDIyXC8wNlwvbGltcGllemEtc3VlbG9zLWVkaWZpY2lvcy5qcGciLCJzbGlkZXNob3ciOiI5YmQ5ZDgxIn0%3D\" href='https:\/\/www.mullor.com\/wp-content\/uploads\/2022\/06\/limpieza-suelos-edificios.jpg'><img loading=\"lazy\" decoding=\"async\" width=\"800\" height=\"600\" src=\"https:\/\/www.mullor.com\/wp-content\/uploads\/2022\/06\/limpieza-suelos-edificios.jpg\" class=\"attachment-full size-full\" alt=\"limpieza suelos edificios\" srcset=\"https:\/\/www.mullor.com\/wp-content\/uploads\/2022\/06\/limpieza-suelos-edificios.jpg 800w, https:\/\/www.mullor.com\/wp-content\/uploads\/2022\/06\/limpieza-suelos-edificios-300x225.jpg 300w, https:\/\/www.mullor.com\/wp-content\/uploads\/2022\/06\/limpieza-suelos-edificios-768x576.jpg 768w, https:\/\/www.mullor.com\/wp-content\/uploads\/2022\/06\/limpieza-suelos-edificios-16x12.jpg 16w, https:\/\/www.mullor.com\/wp-content\/uploads\/2022\/06\/limpieza-suelos-edificios-400x300.jpg 400w\" sizes=\"(max-width: 800px) 100vw, 800px\" \/><\/a>\n\t\t\t<\/dt><\/dl><dl class='gallery-item'>\n\t\t\t<dt class='gallery-icon landscape'>\n\t\t\t\t<a data-elementor-open-lightbox=\"yes\" data-elementor-lightbox-slideshow=\"9bd9d81\" data-elementor-lightbox-title=\"limpieza establecimientos hoteleros\" data-e-action-hash=\"#elementor-action%3Aaction%3Dlightbox%26settings%3DeyJpZCI6MzgyOSwidXJsIjoiaHR0cHM6XC9cL3d3dy5tdWxsb3IuY29tXC93cC1jb250ZW50XC91cGxvYWRzXC8yMDIyXC8wNlwvbGltcGllemEtZXN0YWJsZWNpbWllbnRvcy1ob3RlbGVyb3MuanBnIiwic2xpZGVzaG93IjoiOWJkOWQ4MSJ9\" href='https:\/\/www.mullor.com\/wp-content\/uploads\/2022\/06\/limpieza-establecimientos-hoteleros.jpg'><img loading=\"lazy\" decoding=\"async\" width=\"800\" height=\"600\" src=\"https:\/\/www.mullor.com\/wp-content\/uploads\/2022\/06\/limpieza-establecimientos-hoteleros.jpg\" class=\"attachment-full size-full\" alt=\"limpieza establecimientos hoteleros ba\u00f1os\" srcset=\"https:\/\/www.mullor.com\/wp-content\/uploads\/2022\/06\/limpieza-establecimientos-hoteleros.jpg 800w, https:\/\/www.mullor.com\/wp-content\/uploads\/2022\/06\/limpieza-establecimientos-hoteleros-300x225.jpg 300w, https:\/\/www.mullor.com\/wp-content\/uploads\/2022\/06\/limpieza-establecimientos-hoteleros-768x576.jpg 768w, https:\/\/www.mullor.com\/wp-content\/uploads\/2022\/06\/limpieza-establecimientos-hoteleros-16x12.jpg 16w, https:\/\/www.mullor.com\/wp-content\/uploads\/2022\/06\/limpieza-establecimientos-hoteleros-400x300.jpg 400w\" sizes=\"(max-width: 800px) 100vw, 800px\" \/><\/a>\n\t\t\t<\/dt><\/dl><br style=\"clear: both\" \/>\n\t\t<\/div>\n\t\t<\/div>\n\t\t\t\t\t\t<\/div>\n\t\t\t\t<\/div>\n\t\t\t\t\t<\/div>\n\t\t<\/div>\n\t\t\t\t\t<\/div>\n\t\t<\/section>\n\t\t\t\t<section class=\"elementor-section elementor-top-section elementor-element elementor-element-8220428 elementor-section-stretched elementor-section-boxed elementor-section-height-default elementor-section-height-default\" data-id=\"8220428\" data-element_type=\"section\" data-e-type=\"section\" data-settings=\"{&quot;stretch_section&quot;:&quot;section-stretched&quot;}\">\n\t\t\t\t\t\t<div class=\"elementor-container elementor-column-gap-default\">\n\t\t\t\t\t<div class=\"elementor-column elementor-col-100 elementor-top-column elementor-element elementor-element-4ee176b\" data-id=\"4ee176b\" data-element_type=\"column\" data-e-type=\"column\">\n\t\t\t<div class=\"elementor-widget-wrap elementor-element-populated\">\n\t\t\t\t\t\t<div class=\"elementor-element elementor-element-4547631 elementor-button-info elementor-align-center elementor-widget elementor-widget-button\" data-id=\"4547631\" data-element_type=\"widget\" data-e-type=\"widget\" data-widget_type=\"button.default\">\n\t\t\t\t<div class=\"elementor-widget-container\">\n\t\t\t\t\t\t\t\t\t<div class=\"elementor-button-wrapper\">\n\t\t\t\t\t<a class=\"elementor-button elementor-button-link elementor-size-lg\" href=\"https:\/\/www.mullor.com\/en\/contacto\/\">\n\t\t\t\t\t\t<span class=\"elementor-button-content-wrapper\">\n\t\t\t\t\t\t\t\t\t<span class=\"elementor-button-text\">Solic\u00edtanos un presupuesto sin compromiso<\/span>\n\t\t\t\t\t<\/span>\n\t\t\t\t\t<\/a>\n\t\t\t\t<\/div>\n\t\t\t\t\t\t\t\t<\/div>\n\t\t\t\t<\/div>\n\t\t\t\t\t<\/div>\n\t\t<\/div>\n\t\t\t\t\t<\/div>\n\t\t<\/section>\n\t\t\t\t<section class=\"elementor-section elementor-top-section elementor-element elementor-element-fb95391 elementor-section-stretched elementor-section-height-min-height elementor-section-content-middle elementor-section-boxed elementor-section-height-default elementor-section-items-middle elementor-invisible\" data-id=\"fb95391\" data-element_type=\"section\" data-e-type=\"section\" data-settings=\"{&quot;stretch_section&quot;:&quot;section-stretched&quot;,&quot;background_background&quot;:&quot;classic&quot;,&quot;animation&quot;:&quot;bounce&quot;}\">\n\t\t\t\t\t\t<div class=\"elementor-container elementor-column-gap-default\">\n\t\t\t\t\t<div class=\"elementor-column elementor-col-100 elementor-top-column elementor-element elementor-element-527d5f3\" data-id=\"527d5f3\" data-element_type=\"column\" data-e-type=\"column\">\n\t\t\t<div class=\"elementor-widget-wrap elementor-element-populated\">\n\t\t\t\t\t\t<section class=\"elementor-section elementor-inner-section elementor-element elementor-element-1467437 elementor-section-content-middle elementor-section-boxed elementor-section-height-default elementor-section-height-default\" data-id=\"1467437\" data-element_type=\"section\" data-e-type=\"section\">\n\t\t\t\t\t\t<div class=\"elementor-container elementor-column-gap-default\">\n\t\t\t\t\t<div class=\"elementor-column elementor-col-50 elementor-inner-column elementor-element elementor-element-169640a\" data-id=\"169640a\" data-element_type=\"column\" data-e-type=\"column\">\n\t\t\t<div class=\"elementor-widget-wrap elementor-element-populated\">\n\t\t\t\t\t\t<div class=\"elementor-element elementor-element-93d52d2 elementor-widget elementor-widget-heading\" data-id=\"93d52d2\" data-element_type=\"widget\" data-e-type=\"widget\" data-widget_type=\"heading.default\">\n\t\t\t\t<div class=\"elementor-widget-container\">\n\t\t\t\t\t<h4 class=\"elementor-heading-title elementor-size-default\">para mayor informaci\u00f3n<\/h4>\t\t\t\t<\/div>\n\t\t\t\t<\/div>\n\t\t\t\t\t<\/div>\n\t\t<\/div>\n\t\t\t\t<div class=\"elementor-column elementor-col-50 elementor-inner-column elementor-element elementor-element-25fb1b4\" data-id=\"25fb1b4\" data-element_type=\"column\" data-e-type=\"column\">\n\t\t\t<div class=\"elementor-widget-wrap elementor-element-populated\">\n\t\t\t\t\t\t<div class=\"elementor-element elementor-element-f39cca8 elementor-align-center elementor-widget elementor-widget-button\" data-id=\"f39cca8\" data-element_type=\"widget\" data-e-type=\"widget\" data-widget_type=\"button.default\">\n\t\t\t\t<div class=\"elementor-widget-container\">\n\t\t\t\t\t\t\t\t\t<div class=\"elementor-button-wrapper\">\n\t\t\t\t\t<a class=\"elementor-button elementor-button-link elementor-size-sm\" href=\"https:\/\/www.mullor.com\/en\/contacto\/\">\n\t\t\t\t\t\t<span class=\"elementor-button-content-wrapper\">\n\t\t\t\t\t\t\t\t\t<span class=\"elementor-button-text\">CONTACT US<\/span>\n\t\t\t\t\t<\/span>\n\t\t\t\t\t<\/a>\n\t\t\t\t<\/div>\n\t\t\t\t\t\t\t\t<\/div>\n\t\t\t\t<\/div>\n\t\t\t\t\t<\/div>\n\t\t<\/div>\n\t\t\t\t\t<\/div>\n\t\t<\/section>\n\t\t\t\t\t<\/div>\n\t\t<\/div>\n\t\t\t\t\t<\/div>\n\t\t<\/section>\n\t\t\t\t<\/div>","protected":false},"excerpt":{"rendered":"<p>LIMPIEZA Contrastada experiencia en Servicios de Limpieza en todo tipo de instalaciones. Mullor ha sido una de las primeras empresas del sector de limpieza en certificarse en la ISO 9.000 y 14.001 y la primera empresa en la pen\u00ednsula Ib\u00e9rica en estar certificada en limpieza seg\u00fan la ISO 22.000 en industria alimentaria. \u00a0 Tras iniciar nuestra actividad de servicios instalando<\/p>\n<p><a class=\"more-link\" href=\"https:\/\/www.mullor.com\/en\/servicios\/limpieza\/\">Read More<\/a><\/p>","protected":false},"author":1,"featured_media":0,"parent":116,"menu_order":0,"comment_status":"closed","ping_status":"closed","template":"elementor_header_footer","meta":{"footnotes":""},"class_list":["post-800","page","type-page","status-publish","hentry"],"aioseo_notices":[],"_links":{"self":[{"href":"https:\/\/www.mullor.com\/en\/wp-json\/wp\/v2\/pages\/800","targetHints":{"allow":["GET"]}}],"collection":[{"href":"https:\/\/www.mullor.com\/en\/wp-json\/wp\/v2\/pages"}],"about":[{"href":"https:\/\/www.mullor.com\/en\/wp-json\/wp\/v2\/types\/page"}],"author":[{"embeddable":true,"href":"https:\/\/www.mullor.com\/en\/wp-json\/wp\/v2\/users\/1"}],"replies":[{"embeddable":true,"href":"https:\/\/www.mullor.com\/en\/wp-json\/wp\/v2\/comments?post=800"}],"version-history":[{"count":63,"href":"https:\/\/www.mullor.com\/en\/wp-json\/wp\/v2\/pages\/800\/revisions"}],"predecessor-version":[{"id":3915,"href":"https:\/\/www.mullor.com\/en\/wp-json\/wp\/v2\/pages\/800\/revisions\/3915"}],"up":[{"embeddable":true,"href":"https:\/\/www.mullor.com\/en\/wp-json\/wp\/v2\/pages\/116"}],"wp:attachment":[{"href":"https:\/\/www.mullor.com\/en\/wp-json\/wp\/v2\/media?parent=800"}],"curies":[{"name":"wp","href":"https:\/\/api.w.org\/{rel}","templated":true}]}}