{"id":854,"date":"2019-07-01T13:15:57","date_gmt":"2019-07-01T11:15:57","guid":{"rendered":"https:\/\/www.mullor.com\/?page_id=854"},"modified":"2022-02-10T17:31:35","modified_gmt":"2022-02-10T16:31:35","slug":"restauracion-colectiva","status":"publish","type":"page","link":"https:\/\/www.mullor.com\/en\/servicios\/restauracion-colectiva\/","title":{"rendered":"Restauraci\u00f3n Colectiva"},"content":{"rendered":"<div data-elementor-type=\"wp-post\" data-elementor-id=\"854\" class=\"elementor elementor-854\">\n\t\t\t\t\t\t<section class=\"elementor-section elementor-top-section elementor-element elementor-element-1ef32d4 elementor-section-stretched elementor-section-height-min-height elementor-section-boxed elementor-section-height-default elementor-section-items-middle\" data-id=\"1ef32d4\" data-element_type=\"section\" data-e-type=\"section\" data-settings=\"{&quot;stretch_section&quot;:&quot;section-stretched&quot;,&quot;background_background&quot;:&quot;classic&quot;}\">\n\t\t\t\t\t\t<div class=\"elementor-container elementor-column-gap-default\">\n\t\t\t\t\t<div class=\"elementor-column elementor-col-100 elementor-top-column elementor-element elementor-element-18950fa\" data-id=\"18950fa\" data-element_type=\"column\" data-e-type=\"column\">\n\t\t\t<div class=\"elementor-widget-wrap elementor-element-populated\">\n\t\t\t\t\t\t<div class=\"elementor-element elementor-element-b27d9b6 elementor-invisible elementor-widget elementor-widget-heading\" data-id=\"b27d9b6\" data-element_type=\"widget\" data-e-type=\"widget\" data-settings=\"{&quot;_animation&quot;:&quot;zoomIn&quot;}\" data-widget_type=\"heading.default\">\n\t\t\t\t<div class=\"elementor-widget-container\">\n\t\t\t\t\t<h1 class=\"elementor-heading-title elementor-size-default\">RESTAURACI\u00d3N COLECTIVA<\/h1>\t\t\t\t<\/div>\n\t\t\t\t<\/div>\n\t\t\t\t\t<\/div>\n\t\t<\/div>\n\t\t\t\t\t<\/div>\n\t\t<\/section>\n\t\t\t\t<section class=\"elementor-section elementor-top-section elementor-element elementor-element-94eb7a1 elementor-section-stretched elementor-section-boxed elementor-section-height-default elementor-section-height-default\" data-id=\"94eb7a1\" data-element_type=\"section\" data-e-type=\"section\" data-settings=\"{&quot;stretch_section&quot;:&quot;section-stretched&quot;}\">\n\t\t\t\t\t\t<div class=\"elementor-container elementor-column-gap-default\">\n\t\t\t\t\t<div class=\"elementor-column elementor-col-50 elementor-top-column elementor-element elementor-element-bd82d96\" data-id=\"bd82d96\" data-element_type=\"column\" data-e-type=\"column\">\n\t\t\t<div class=\"elementor-widget-wrap elementor-element-populated\">\n\t\t\t\t\t\t<div class=\"elementor-element elementor-element-3ec6471 elementor-widget elementor-widget-heading\" data-id=\"3ec6471\" data-element_type=\"widget\" data-e-type=\"widget\" data-settings=\"{&quot;_animation&quot;:&quot;none&quot;}\" data-widget_type=\"heading.default\">\n\t\t\t\t<div class=\"elementor-widget-container\">\n\t\t\t\t\t<div class=\"elementor-heading-title elementor-size-default\">We opt for in-situ catering.\n<br>\nWe offer the following services:<\/div>\t\t\t\t<\/div>\n\t\t\t\t<\/div>\n\t\t\t\t<div class=\"elementor-element elementor-element-44aa498 elementor-align-start elementor-icon-list--layout-traditional elementor-list-item-link-full_width elementor-invisible elementor-widget elementor-widget-icon-list\" data-id=\"44aa498\" data-element_type=\"widget\" data-e-type=\"widget\" data-settings=\"{&quot;_animation&quot;:&quot;bounceIn&quot;}\" data-widget_type=\"icon-list.default\">\n\t\t\t\t<div class=\"elementor-widget-container\">\n\t\t\t\t\t\t\t<ul class=\"elementor-icon-list-items\">\n\t\t\t\t\t\t\t<li class=\"elementor-icon-list-item\">\n\t\t\t\t\t\t\t\t\t\t\t<span class=\"elementor-icon-list-icon\">\n\t\t\t\t\t\t\t\t\t\t\t\t\t\t\t\t<i class=\"fa fa-certificate\" aria-hidden=\"true\"><\/i>\n\t\t\t\t\t\t\t\t\t\t\t\t\t<\/span>\n\t\t\t\t\t\t\t\t\t\t<span class=\"elementor-icon-list-text\">Dise\u00f1o de proyectos y espacios<\/span>\n\t\t\t\t\t\t\t\t\t<\/li>\n\t\t\t\t\t\t\t\t<li class=\"elementor-icon-list-item\">\n\t\t\t\t\t\t\t\t\t\t\t<span class=\"elementor-icon-list-icon\">\n\t\t\t\t\t\t\t\t\t\t\t\t\t\t\t\t<i class=\"fa fa-certificate\" aria-hidden=\"true\"><\/i>\n\t\t\t\t\t\t\t\t\t\t\t\t\t<\/span>\n\t\t\t\t\t\t\t\t\t\t<span class=\"elementor-icon-list-text\">Gesti\u00f3n de log\u00edstica de aprovisionamiento<\/span>\n\t\t\t\t\t\t\t\t\t<\/li>\n\t\t\t\t\t\t\t\t<li class=\"elementor-icon-list-item\">\n\t\t\t\t\t\t\t\t\t\t\t<span class=\"elementor-icon-list-icon\">\n\t\t\t\t\t\t\t\t\t\t\t\t\t\t\t\t<i class=\"fa fa-certificate\" aria-hidden=\"true\"><\/i>\n\t\t\t\t\t\t\t\t\t\t\t\t\t<\/span>\n\t\t\t\t\t\t\t\t\t\t<span class=\"elementor-icon-list-text\">Atenci\u00f3n al p\u00fablico<\/span>\n\t\t\t\t\t\t\t\t\t<\/li>\n\t\t\t\t\t\t\t\t<li class=\"elementor-icon-list-item\">\n\t\t\t\t\t\t\t\t\t\t\t<span class=\"elementor-icon-list-icon\">\n\t\t\t\t\t\t\t\t\t\t\t\t\t\t\t\t<i class=\"fa fa-certificate\" aria-hidden=\"true\"><\/i>\n\t\t\t\t\t\t\t\t\t\t\t\t\t<\/span>\n\t\t\t\t\t\t\t\t\t\t<span class=\"elementor-icon-list-text\">Cleaning<\/span>\n\t\t\t\t\t\t\t\t\t<\/li>\n\t\t\t\t\t\t\t\t<li class=\"elementor-icon-list-item\">\n\t\t\t\t\t\t\t\t\t\t\t<span class=\"elementor-icon-list-icon\">\n\t\t\t\t\t\t\t\t\t\t\t\t\t\t\t\t<i class=\"fa fa-certificate\" aria-hidden=\"true\"><\/i>\n\t\t\t\t\t\t\t\t\t\t\t\t\t<\/span>\n\t\t\t\t\t\t\t\t\t\t<span class=\"elementor-icon-list-text\">Maintenance<\/span>\n\t\t\t\t\t\t\t\t\t<\/li>\n\t\t\t\t\t\t\t\t<li class=\"elementor-icon-list-item\">\n\t\t\t\t\t\t\t\t\t\t\t<span class=\"elementor-icon-list-icon\">\n\t\t\t\t\t\t\t\t\t\t\t\t\t\t\t\t<i class=\"fa fa-certificate\" aria-hidden=\"true\"><\/i>\n\t\t\t\t\t\t\t\t\t\t\t\t\t<\/span>\n\t\t\t\t\t\t\t\t\t\t<span class=\"elementor-icon-list-text\">Gesti\u00f3n integral del servicio<\/span>\n\t\t\t\t\t\t\t\t\t<\/li>\n\t\t\t\t\t\t<\/ul>\n\t\t\t\t\t\t<\/div>\n\t\t\t\t<\/div>\n\t\t\t\t<div class=\"elementor-element elementor-element-9014911 elementor-widget elementor-widget-text-editor\" data-id=\"9014911\" data-element_type=\"widget\" data-e-type=\"widget\" data-settings=\"{&quot;_animation&quot;:&quot;none&quot;}\" data-widget_type=\"text-editor.default\">\n\t\t\t\t<div class=\"elementor-widget-container\">\n\t\t\t\t\t\t\t\t\t<p>En la restauraci\u00f3n colectiva, Mullor apuesta de forma decidida por la cocina in-situ.<\/p><p>\u00a0<\/p><p>Es la mejor manera de dar un servicio de calidad, proximidad, eficiente y con costes sostenibles a las personas que cada d\u00eda comen en un entorno escolar, hospitalario o residencial.<\/p><p>\u00a0<\/p><p>Los servicios de restauraci\u00f3n incluyen cocineros, camareros, personal de limpieza de cocinas, personal que cuida de los comedores, y otras actividades complementarias.<\/p><p>\u00a0<\/p><p>Dise\u00f1amos proyectos y espacios, para clientes empresariales con un perfil laboral urbano que no disponen de instalaciones para cocinar, (edificios de oficinas, complejos empresariales, edificios singulares con gran afluencia de p\u00fablico, \u2026)<\/p>\t\t\t\t\t\t\t\t<\/div>\n\t\t\t\t<\/div>\n\t\t\t\t\t<\/div>\n\t\t<\/div>\n\t\t\t\t<div class=\"elementor-column elementor-col-50 elementor-top-column elementor-element elementor-element-641fbae\" data-id=\"641fbae\" data-element_type=\"column\" data-e-type=\"column\">\n\t\t\t<div class=\"elementor-widget-wrap elementor-element-populated\">\n\t\t\t\t\t\t<div class=\"elementor-element elementor-element-9bd9d81 gallery-spacing-custom elementor-invisible elementor-widget elementor-widget-image-gallery\" data-id=\"9bd9d81\" data-element_type=\"widget\" data-e-type=\"widget\" data-settings=\"{&quot;_animation&quot;:&quot;fadeIn&quot;}\" data-widget_type=\"image-gallery.default\">\n\t\t\t\t<div class=\"elementor-widget-container\">\n\t\t\t\t\t\t\t<div class=\"elementor-image-gallery\">\n\t\t\t\n\t\t<style type=\"text\/css\">\n\t\t\t#gallery-1 {\n\t\t\t\tmargin: auto;\n\t\t\t}\n\t\t\t#gallery-1 .gallery-item {\n\t\t\t\tfloat: left;\n\t\t\t\tmargin-top: 10px;\n\t\t\t\ttext-align: center;\n\t\t\t\twidth: 50%;\n\t\t\t}\n\t\t\t#gallery-1 img {\n\t\t\t\tborder: 2px solid #cfcfcf;\n\t\t\t}\n\t\t\t#gallery-1 .gallery-caption {\n\t\t\t\tmargin-left: 0;\n\t\t\t}\n\t\t\t\/* see gallery_shortcode() in wp-includes\/media.php *\/\n\t\t<\/style>\n\t\t<div id='gallery-1' class='gallery galleryid-854 gallery-columns-2 gallery-size-full'><dl class='gallery-item'>\n\t\t\t<dt class='gallery-icon landscape'>\n\t\t\t\t<a data-elementor-open-lightbox=\"yes\" data-elementor-lightbox-slideshow=\"9bd9d81\" data-elementor-lightbox-title=\"servicio-comedor-de-empresa-mullor-restauracion\" data-e-action-hash=\"#elementor-action%3Aaction%3Dlightbox%26settings%3DeyJpZCI6ODYzLCJ1cmwiOiJodHRwczpcL1wvd3d3Lm11bGxvci5jb21cL3dwLWNvbnRlbnRcL3VwbG9hZHNcLzIwMTlcLzA3XC9zZXJ2aWNpby1jb21lZG9yLWRlLWVtcHJlc2EtbXVsbG9yLXJlc3RhdXJhY2lvbi5qcGciLCJzbGlkZXNob3ciOiI5YmQ5ZDgxIn0%3D\" href='https:\/\/www.mullor.com\/wp-content\/uploads\/2019\/07\/servicio-comedor-de-empresa-mullor-restauracion.jpg'><img fetchpriority=\"high\" decoding=\"async\" width=\"800\" height=\"600\" src=\"https:\/\/www.mullor.com\/wp-content\/uploads\/2019\/07\/servicio-comedor-de-empresa-mullor-restauracion.jpg\" class=\"attachment-full size-full\" alt=\"Industria alimentaria - Servicio de comedor empresas\" srcset=\"https:\/\/www.mullor.com\/wp-content\/uploads\/2019\/07\/servicio-comedor-de-empresa-mullor-restauracion.jpg 800w, https:\/\/www.mullor.com\/wp-content\/uploads\/2019\/07\/servicio-comedor-de-empresa-mullor-restauracion-300x225.jpg 300w, https:\/\/www.mullor.com\/wp-content\/uploads\/2019\/07\/servicio-comedor-de-empresa-mullor-restauracion-768x576.jpg 768w, https:\/\/www.mullor.com\/wp-content\/uploads\/2019\/07\/servicio-comedor-de-empresa-mullor-restauracion-400x300.jpg 400w\" sizes=\"(max-width: 800px) 100vw, 800px\" \/><\/a>\n\t\t\t<\/dt><\/dl><dl class='gallery-item'>\n\t\t\t<dt class='gallery-icon landscape'>\n\t\t\t\t<a data-elementor-open-lightbox=\"yes\" data-elementor-lightbox-slideshow=\"9bd9d81\" data-elementor-lightbox-title=\"mullor-servicio-restauracion-colectiva\" data-e-action-hash=\"#elementor-action%3Aaction%3Dlightbox%26settings%3DeyJpZCI6MTc5OCwidXJsIjoiaHR0cHM6XC9cL3d3dy5tdWxsb3IuY29tXC93cC1jb250ZW50XC91cGxvYWRzXC8yMDE5XC8xMFwvbXVsbG9yLXNlcnZpY2lvLXJlc3RhdXJhY2lvbi1jb2xlY3RpdmEuanBnIiwic2xpZGVzaG93IjoiOWJkOWQ4MSJ9\" href='https:\/\/www.mullor.com\/wp-content\/uploads\/2019\/10\/mullor-servicio-restauracion-colectiva.jpg'><img decoding=\"async\" width=\"800\" height=\"600\" src=\"https:\/\/www.mullor.com\/wp-content\/uploads\/2019\/10\/mullor-servicio-restauracion-colectiva.jpg\" class=\"attachment-full size-full\" alt=\"trabajos de Mullor en el sector servicios de restauraci\u00f3n\" srcset=\"https:\/\/www.mullor.com\/wp-content\/uploads\/2019\/10\/mullor-servicio-restauracion-colectiva.jpg 800w, https:\/\/www.mullor.com\/wp-content\/uploads\/2019\/10\/mullor-servicio-restauracion-colectiva-300x225.jpg 300w, https:\/\/www.mullor.com\/wp-content\/uploads\/2019\/10\/mullor-servicio-restauracion-colectiva-768x576.jpg 768w, https:\/\/www.mullor.com\/wp-content\/uploads\/2019\/10\/mullor-servicio-restauracion-colectiva-400x300.jpg 400w\" sizes=\"(max-width: 800px) 100vw, 800px\" \/><\/a>\n\t\t\t<\/dt><\/dl><br style=\"clear: both\" \/><dl class='gallery-item'>\n\t\t\t<dt class='gallery-icon landscape'>\n\t\t\t\t<a data-elementor-open-lightbox=\"yes\" data-elementor-lightbox-slideshow=\"9bd9d81\" data-elementor-lightbox-title=\"restauracion-colectiva-mullor-2\" data-e-action-hash=\"#elementor-action%3Aaction%3Dlightbox%26settings%3DeyJpZCI6MTU5NSwidXJsIjoiaHR0cHM6XC9cL3d3dy5tdWxsb3IuY29tXC93cC1jb250ZW50XC91cGxvYWRzXC8yMDE5XC8xMFwvcmVzdGF1cmFjaW9uLWNvbGVjdGl2YS1tdWxsb3ItMi5qcGciLCJzbGlkZXNob3ciOiI5YmQ5ZDgxIn0%3D\" href='https:\/\/www.mullor.com\/wp-content\/uploads\/2019\/10\/restauracion-colectiva-mullor-2.jpg'><img decoding=\"async\" width=\"800\" height=\"600\" src=\"https:\/\/www.mullor.com\/wp-content\/uploads\/2019\/10\/restauracion-colectiva-mullor-2.jpg\" class=\"attachment-full size-full\" alt=\"catering sector restauraci\u00f3n\" srcset=\"https:\/\/www.mullor.com\/wp-content\/uploads\/2019\/10\/restauracion-colectiva-mullor-2.jpg 800w, https:\/\/www.mullor.com\/wp-content\/uploads\/2019\/10\/restauracion-colectiva-mullor-2-300x225.jpg 300w, https:\/\/www.mullor.com\/wp-content\/uploads\/2019\/10\/restauracion-colectiva-mullor-2-768x576.jpg 768w, https:\/\/www.mullor.com\/wp-content\/uploads\/2019\/10\/restauracion-colectiva-mullor-2-400x300.jpg 400w\" sizes=\"(max-width: 800px) 100vw, 800px\" \/><\/a>\n\t\t\t<\/dt><\/dl><dl class='gallery-item'>\n\t\t\t<dt class='gallery-icon landscape'>\n\t\t\t\t<a data-elementor-open-lightbox=\"yes\" data-elementor-lightbox-slideshow=\"9bd9d81\" data-elementor-lightbox-title=\"servicio-restauracion-comedor-en-escuela-mullor\" data-e-action-hash=\"#elementor-action%3Aaction%3Dlightbox%26settings%3DeyJpZCI6ODY0LCJ1cmwiOiJodHRwczpcL1wvd3d3Lm11bGxvci5jb21cL3dwLWNvbnRlbnRcL3VwbG9hZHNcLzIwMTlcLzA3XC9zZXJ2aWNpby1yZXN0YXVyYWNpb24tY29tZWRvci1lbi1lc2N1ZWxhLW11bGxvci5qcGciLCJzbGlkZXNob3ciOiI5YmQ5ZDgxIn0%3D\" href='https:\/\/www.mullor.com\/wp-content\/uploads\/2019\/07\/servicio-restauracion-comedor-en-escuela-mullor.jpg'><img loading=\"lazy\" decoding=\"async\" width=\"800\" height=\"600\" src=\"https:\/\/www.mullor.com\/wp-content\/uploads\/2019\/07\/servicio-restauracion-comedor-en-escuela-mullor.jpg\" class=\"attachment-full size-full\" alt=\"Industria alimentaria - Servicio de comedor colegios\" srcset=\"https:\/\/www.mullor.com\/wp-content\/uploads\/2019\/07\/servicio-restauracion-comedor-en-escuela-mullor.jpg 800w, https:\/\/www.mullor.com\/wp-content\/uploads\/2019\/07\/servicio-restauracion-comedor-en-escuela-mullor-300x225.jpg 300w, https:\/\/www.mullor.com\/wp-content\/uploads\/2019\/07\/servicio-restauracion-comedor-en-escuela-mullor-768x576.jpg 768w, https:\/\/www.mullor.com\/wp-content\/uploads\/2019\/07\/servicio-restauracion-comedor-en-escuela-mullor-400x300.jpg 400w\" sizes=\"(max-width: 800px) 100vw, 800px\" \/><\/a>\n\t\t\t<\/dt><\/dl><br style=\"clear: both\" \/><dl class='gallery-item'>\n\t\t\t<dt class='gallery-icon landscape'>\n\t\t\t\t<a data-elementor-open-lightbox=\"yes\" data-elementor-lightbox-slideshow=\"9bd9d81\" data-elementor-lightbox-title=\"restauracion-colectiva-mullor-4\" data-e-action-hash=\"#elementor-action%3Aaction%3Dlightbox%26settings%3DeyJpZCI6MTU5NywidXJsIjoiaHR0cHM6XC9cL3d3dy5tdWxsb3IuY29tXC93cC1jb250ZW50XC91cGxvYWRzXC8yMDE5XC8xMFwvcmVzdGF1cmFjaW9uLWNvbGVjdGl2YS1tdWxsb3ItNC5qcGciLCJzbGlkZXNob3ciOiI5YmQ5ZDgxIn0%3D\" href='https:\/\/www.mullor.com\/wp-content\/uploads\/2019\/10\/restauracion-colectiva-mullor-4.jpg'><img loading=\"lazy\" decoding=\"async\" width=\"800\" height=\"600\" src=\"https:\/\/www.mullor.com\/wp-content\/uploads\/2019\/10\/restauracion-colectiva-mullor-4.jpg\" class=\"attachment-full size-full\" alt=\"personas almorzando\" srcset=\"https:\/\/www.mullor.com\/wp-content\/uploads\/2019\/10\/restauracion-colectiva-mullor-4.jpg 800w, https:\/\/www.mullor.com\/wp-content\/uploads\/2019\/10\/restauracion-colectiva-mullor-4-300x225.jpg 300w, https:\/\/www.mullor.com\/wp-content\/uploads\/2019\/10\/restauracion-colectiva-mullor-4-768x576.jpg 768w, https:\/\/www.mullor.com\/wp-content\/uploads\/2019\/10\/restauracion-colectiva-mullor-4-400x300.jpg 400w\" sizes=\"(max-width: 800px) 100vw, 800px\" \/><\/a>\n\t\t\t<\/dt><\/dl><dl class='gallery-item'>\n\t\t\t<dt class='gallery-icon landscape'>\n\t\t\t\t<a data-elementor-open-lightbox=\"yes\" data-elementor-lightbox-slideshow=\"9bd9d81\" data-elementor-lightbox-title=\"restauracion-colectiva-mullor-5\" data-e-action-hash=\"#elementor-action%3Aaction%3Dlightbox%26settings%3DeyJpZCI6MTU5OSwidXJsIjoiaHR0cHM6XC9cL3d3dy5tdWxsb3IuY29tXC93cC1jb250ZW50XC91cGxvYWRzXC8yMDE5XC8xMFwvcmVzdGF1cmFjaW9uLWNvbGVjdGl2YS1tdWxsb3ItNS5qcGciLCJzbGlkZXNob3ciOiI5YmQ5ZDgxIn0%3D\" href='https:\/\/www.mullor.com\/wp-content\/uploads\/2019\/10\/restauracion-colectiva-mullor-5.jpg'><img loading=\"lazy\" decoding=\"async\" width=\"800\" height=\"600\" src=\"https:\/\/www.mullor.com\/wp-content\/uploads\/2019\/10\/restauracion-colectiva-mullor-5.jpg\" class=\"attachment-full size-full\" alt=\"persona prestando servicios en el sector restauraci\u00f3n\" srcset=\"https:\/\/www.mullor.com\/wp-content\/uploads\/2019\/10\/restauracion-colectiva-mullor-5.jpg 800w, https:\/\/www.mullor.com\/wp-content\/uploads\/2019\/10\/restauracion-colectiva-mullor-5-300x225.jpg 300w, https:\/\/www.mullor.com\/wp-content\/uploads\/2019\/10\/restauracion-colectiva-mullor-5-768x576.jpg 768w, https:\/\/www.mullor.com\/wp-content\/uploads\/2019\/10\/restauracion-colectiva-mullor-5-400x300.jpg 400w\" sizes=\"(max-width: 800px) 100vw, 800px\" \/><\/a>\n\t\t\t<\/dt><\/dl><br style=\"clear: both\" \/>\n\t\t<\/div>\n\t\t<\/div>\n\t\t\t\t\t\t<\/div>\n\t\t\t\t<\/div>\n\t\t\t\t\t<\/div>\n\t\t<\/div>\n\t\t\t\t\t<\/div>\n\t\t<\/section>\n\t\t\t\t<section class=\"elementor-section elementor-top-section elementor-element elementor-element-b29ef38 elementor-section-stretched elementor-section-height-min-height elementor-section-content-middle elementor-section-boxed elementor-section-height-default elementor-section-items-middle elementor-invisible\" data-id=\"b29ef38\" data-element_type=\"section\" data-e-type=\"section\" data-settings=\"{&quot;stretch_section&quot;:&quot;section-stretched&quot;,&quot;background_background&quot;:&quot;classic&quot;,&quot;animation&quot;:&quot;bounce&quot;}\">\n\t\t\t\t\t\t<div class=\"elementor-container elementor-column-gap-default\">\n\t\t\t\t\t<div class=\"elementor-column elementor-col-100 elementor-top-column elementor-element elementor-element-6330ca4\" data-id=\"6330ca4\" data-element_type=\"column\" data-e-type=\"column\">\n\t\t\t<div class=\"elementor-widget-wrap elementor-element-populated\">\n\t\t\t\t\t\t<section class=\"elementor-section elementor-inner-section elementor-element elementor-element-55f3df0 elementor-section-content-middle elementor-section-boxed elementor-section-height-default elementor-section-height-default\" data-id=\"55f3df0\" data-element_type=\"section\" data-e-type=\"section\">\n\t\t\t\t\t\t<div class=\"elementor-container elementor-column-gap-default\">\n\t\t\t\t\t<div class=\"elementor-column elementor-col-50 elementor-inner-column elementor-element elementor-element-77fe028\" data-id=\"77fe028\" data-element_type=\"column\" data-e-type=\"column\">\n\t\t\t<div class=\"elementor-widget-wrap elementor-element-populated\">\n\t\t\t\t\t\t<div class=\"elementor-element elementor-element-20be6a0 elementor-widget elementor-widget-heading\" data-id=\"20be6a0\" data-element_type=\"widget\" data-e-type=\"widget\" data-widget_type=\"heading.default\">\n\t\t\t\t<div class=\"elementor-widget-container\">\n\t\t\t\t\t<h4 class=\"elementor-heading-title elementor-size-default\">para mayor informaci\u00f3n<\/h4>\t\t\t\t<\/div>\n\t\t\t\t<\/div>\n\t\t\t\t\t<\/div>\n\t\t<\/div>\n\t\t\t\t<div class=\"elementor-column elementor-col-50 elementor-inner-column elementor-element elementor-element-9332af8\" data-id=\"9332af8\" data-element_type=\"column\" data-e-type=\"column\">\n\t\t\t<div class=\"elementor-widget-wrap elementor-element-populated\">\n\t\t\t\t\t\t<div class=\"elementor-element elementor-element-8527586 elementor-align-center elementor-widget elementor-widget-button\" data-id=\"8527586\" data-element_type=\"widget\" data-e-type=\"widget\" data-widget_type=\"button.default\">\n\t\t\t\t<div class=\"elementor-widget-container\">\n\t\t\t\t\t\t\t\t\t<div class=\"elementor-button-wrapper\">\n\t\t\t\t\t<a class=\"elementor-button elementor-button-link elementor-size-sm\" href=\"https:\/\/www.mullor.com\/en\/contacto\/\">\n\t\t\t\t\t\t<span class=\"elementor-button-content-wrapper\">\n\t\t\t\t\t\t\t\t\t<span class=\"elementor-button-text\">CONTACT US<\/span>\n\t\t\t\t\t<\/span>\n\t\t\t\t\t<\/a>\n\t\t\t\t<\/div>\n\t\t\t\t\t\t\t\t<\/div>\n\t\t\t\t<\/div>\n\t\t\t\t\t<\/div>\n\t\t<\/div>\n\t\t\t\t\t<\/div>\n\t\t<\/section>\n\t\t\t\t\t<\/div>\n\t\t<\/div>\n\t\t\t\t\t<\/div>\n\t\t<\/section>\n\t\t\t\t<\/div>","protected":false},"excerpt":{"rendered":"<p>RESTAURACI\u00d3N COLECTIVA Apostamos por la cocina in-situ. Ofrecemos los siguientes servicios: Dise\u00f1o de proyectos y espacios Gesti\u00f3n de log\u00edstica de aprovisionamiento Atenci\u00f3n al p\u00fablico Limpieza Mantenimiento Gesti\u00f3n integral del servicio En la restauraci\u00f3n colectiva, Mullor apuesta de forma decidida por la cocina in-situ. \u00a0 Es la mejor manera de dar un servicio de calidad, proximidad, eficiente y con costes sostenibles<\/p>\n<p><a class=\"more-link\" href=\"https:\/\/www.mullor.com\/en\/servicios\/restauracion-colectiva\/\">Read More<\/a><\/p>","protected":false},"author":1,"featured_media":0,"parent":116,"menu_order":0,"comment_status":"closed","ping_status":"closed","template":"elementor_header_footer","meta":{"footnotes":""},"class_list":["post-854","page","type-page","status-publish","hentry"],"aioseo_notices":[],"_links":{"self":[{"href":"https:\/\/www.mullor.com\/en\/wp-json\/wp\/v2\/pages\/854","targetHints":{"allow":["GET"]}}],"collection":[{"href":"https:\/\/www.mullor.com\/en\/wp-json\/wp\/v2\/pages"}],"about":[{"href":"https:\/\/www.mullor.com\/en\/wp-json\/wp\/v2\/types\/page"}],"author":[{"embeddable":true,"href":"https:\/\/www.mullor.com\/en\/wp-json\/wp\/v2\/users\/1"}],"replies":[{"embeddable":true,"href":"https:\/\/www.mullor.com\/en\/wp-json\/wp\/v2\/comments?post=854"}],"version-history":[{"count":18,"href":"https:\/\/www.mullor.com\/en\/wp-json\/wp\/v2\/pages\/854\/revisions"}],"predecessor-version":[{"id":3127,"href":"https:\/\/www.mullor.com\/en\/wp-json\/wp\/v2\/pages\/854\/revisions\/3127"}],"up":[{"embeddable":true,"href":"https:\/\/www.mullor.com\/en\/wp-json\/wp\/v2\/pages\/116"}],"wp:attachment":[{"href":"https:\/\/www.mullor.com\/en\/wp-json\/wp\/v2\/media?parent=854"}],"curies":[{"name":"wp","href":"https:\/\/api.w.org\/{rel}","templated":true}]}}